{"id":21951,"date":"2024-09-17T19:57:40","date_gmt":"2024-09-17T16:57:40","guid":{"rendered":"https:\/\/shop.bushboats.com\/?post_type=product&#038;p=21951"},"modified":"2026-04-14T20:59:06","modified_gmt":"2026-04-14T17:59:06","slug":"hypalon-profesionala-laivu-lime-125ml","status":"publish","type":"product","link":"https:\/\/shop.bushboats.com\/index.php\/produkts\/hypalon-profesionala-laivu-lime-125ml\/","title":{"rendered":"Hypalon Profesion\u0101la laivu l\u012bme (125ml)"},"content":{"rendered":"<p>Divu komponentu sint\u0113tisk\u0101 l\u012bme, kas rakstur\u012bga p\u0101rkl\u0101tu neopr\u0113na hipalona audumu l\u012bm\u0113\u0161anai, piep\u016b\u0161amo laivu izgatavo\u0161anai un remontam. Augsta iztur\u012bba pret augst\u0101m temperat\u016br\u0101m, s\u0101\u013cumu un atmosf\u0113ras iedarb\u012bbu. Izcils sniegums un rezult\u0101ts. Komplekt\u0101 ar aktivatoru.<\/p>\n","protected":false},"excerpt":{"rendered":"<p>Divu komponentu sint\u0113tisk\u0101 l\u012bme, kas rakstur\u012bga p\u0101rkl\u0101tu neopr\u0113na hipalona audumu l\u012bm\u0113\u0161anai, piep\u016b\u0161amo laivu izgatavo\u0161anai un remontam. Augsta iztur\u012bba pret augst\u0101m temperat\u016br\u0101m, s\u0101\u013cumu un atmosf\u0113ras iedarb\u012bbu. Izcils sniegums un rezult\u0101ts. Komplekt\u0101 ar aktivatoru.<\/p>\n","protected":false},"featured_media":21952,"comment_status":"open","ping_status":"closed","template":"","meta":[],"product_brand":[],"product_cat":[54,673],"product_tag":[],"class_list":{"0":"post-21951","1":"product","2":"type-product","3":"status-publish","4":"has-post-thumbnail","6":"product_cat-accessories","7":"product_cat-lime","9":"first","10":"instock","11":"taxable","12":"shipping-taxable","13":"purchasable","14":"product-type-simple"},"jetpack_sharing_enabled":true,"_links":{"self":[{"href":"https:\/\/shop.bushboats.com\/index.php\/wp-json\/wp\/v2\/product\/21951","targetHints":{"allow":["GET"]}}],"collection":[{"href":"https:\/\/shop.bushboats.com\/index.php\/wp-json\/wp\/v2\/product"}],"about":[{"href":"https:\/\/shop.bushboats.com\/index.php\/wp-json\/wp\/v2\/types\/product"}],"replies":[{"embeddable":true,"href":"https:\/\/shop.bushboats.com\/index.php\/wp-json\/wp\/v2\/comments?post=21951"}],"wp:featuredmedia":[{"embeddable":true,"href":"https:\/\/shop.bushboats.com\/index.php\/wp-json\/wp\/v2\/media\/21952"}],"wp:attachment":[{"href":"https:\/\/shop.bushboats.com\/index.php\/wp-json\/wp\/v2\/media?parent=21951"}],"wp:term":[{"taxonomy":"product_brand","embeddable":true,"href":"https:\/\/shop.bushboats.com\/index.php\/wp-json\/wp\/v2\/product_brand?post=21951"},{"taxonomy":"product_cat","embeddable":true,"href":"https:\/\/shop.bushboats.com\/index.php\/wp-json\/wp\/v2\/product_cat?post=21951"},{"taxonomy":"product_tag","embeddable":true,"href":"https:\/\/shop.bushboats.com\/index.php\/wp-json\/wp\/v2\/product_tag?post=21951"}],"curies":[{"name":"wp","href":"https:\/\/api.w.org\/{rel}","templated":true}]}}