{"id":21995,"date":"2024-09-17T21:24:42","date_gmt":"2024-09-17T18:24:42","guid":{"rendered":"https:\/\/shop.bushboats.com\/?post_type=product&#038;p=21995"},"modified":"2025-05-23T07:18:18","modified_gmt":"2025-05-23T04:18:18","slug":"platforma-ar-3m-vhb-lenti-komplekta-ar-turetaju","status":"publish","type":"product","link":"https:\/\/shop.bushboats.com\/index.php\/produkts\/platforma-ar-3m-vhb-lenti-komplekta-ar-turetaju\/","title":{"rendered":"Platforma ar 3M VHB lenti komplekt\u0101 ar tur\u0113t\u0101ju"},"content":{"rendered":"<p>Tehnisk\u0101 inform\u0101cija:<\/p>\n<p>Paredz\u0113ts plakanu priek\u0161metu (piem\u0113ram, s\u012bkr\u012bka korpusa) piestiprin\u0101\u0161anai uz laivas. Dizains sast\u0101v no 39 x 69 mm pl\u0101ksnes, kas apr\u012bkota ar 3M VHB lenti, tur\u0113t\u0101ju, 15\u00b0 spline sl\u012bpuma savienojumu un groz\u0101mu v\u012brie\u0161u adapteri, kas veidots k\u0101 12 smailu zvaigzne. Sl\u012bpuma poz\u012bcija ir fiks\u0113ta ar kvadr\u0101tveida pogu. Tur\u0113t\u0101ju var pagriezt par 360\u00b0 ap asi bez nepiecie\u0161am\u012bbas to no\u0146emt no stiprin\u0101juma. Mont\u0101\u017e\u0101 ietilpst ar\u012b stiprin\u0101jumi: M6*30 DIN 931 skr\u016bve, M6*60 DIN 912, M6*25 DIN 963 skr\u016bves, divi M6 DIN 985 un M6 DIN 934 uzgrie\u017e\u0146i. Galven\u0101s deta\u013cas ir izgatavotas no stikla \u0161\u0137iedras pastiprin\u0101ta poliam\u012bda, stiprin\u0101jumi ir izgatavoti no ner\u016bs\u0113jo\u0161\u0101 t\u0113rauda A2 (AISI 304) (iz\u0146emot M6 DIN 934 misi\u0146a uzgriezni).<\/p>\n","protected":false},"excerpt":{"rendered":"<p>Tehnisk\u0101 inform\u0101cija: Paredz\u0113ts plakanu priek\u0161metu (piem\u0113ram, s\u012bkr\u012bka korpusa) piestiprin\u0101\u0161anai uz laivas. Dizains sast\u0101v no 39 x 69 mm pl\u0101ksnes, kas apr\u012bkota ar 3M VHB lenti, tur\u0113t\u0101ju, 15\u00b0 spline sl\u012bpuma savienojumu un groz\u0101mu v\u012brie\u0161u adapteri, kas veidots k\u0101 12 smailu zvaigzne. Sl\u012bpuma poz\u012bcija ir fiks\u0113ta ar kvadr\u0101tveida pogu. Tur\u0113t\u0101ju var pagriezt par 360\u00b0 ap asi bez [&hellip;]<\/p>\n","protected":false},"featured_media":21996,"comment_status":"open","ping_status":"closed","template":"","meta":[],"product_brand":[],"product_cat":[864,685,54,670],"product_tag":[],"class_list":{"0":"post-21995","1":"product","2":"type-product","3":"status-publish","4":"has-post-thumbnail","6":"product_cat-borika-aksesuari-fasten","7":"product_cat-komforts","8":"product_cat-accessories","9":"product_cat-piepusamo-laivu-aksesuari","11":"first","12":"instock","13":"taxable","14":"shipping-taxable","15":"purchasable","16":"product-type-simple"},"jetpack_sharing_enabled":true,"_links":{"self":[{"href":"https:\/\/shop.bushboats.com\/index.php\/wp-json\/wp\/v2\/product\/21995","targetHints":{"allow":["GET"]}}],"collection":[{"href":"https:\/\/shop.bushboats.com\/index.php\/wp-json\/wp\/v2\/product"}],"about":[{"href":"https:\/\/shop.bushboats.com\/index.php\/wp-json\/wp\/v2\/types\/product"}],"replies":[{"embeddable":true,"href":"https:\/\/shop.bushboats.com\/index.php\/wp-json\/wp\/v2\/comments?post=21995"}],"wp:featuredmedia":[{"embeddable":true,"href":"https:\/\/shop.bushboats.com\/index.php\/wp-json\/wp\/v2\/media\/21996"}],"wp:attachment":[{"href":"https:\/\/shop.bushboats.com\/index.php\/wp-json\/wp\/v2\/media?parent=21995"}],"wp:term":[{"taxonomy":"product_brand","embeddable":true,"href":"https:\/\/shop.bushboats.com\/index.php\/wp-json\/wp\/v2\/product_brand?post=21995"},{"taxonomy":"product_cat","embeddable":true,"href":"https:\/\/shop.bushboats.com\/index.php\/wp-json\/wp\/v2\/product_cat?post=21995"},{"taxonomy":"product_tag","embeddable":true,"href":"https:\/\/shop.bushboats.com\/index.php\/wp-json\/wp\/v2\/product_tag?post=21995"}],"curies":[{"name":"wp","href":"https:\/\/api.w.org\/{rel}","templated":true}]}}