{"id":22007,"date":"2024-09-17T21:38:23","date_gmt":"2024-09-17T18:38:23","guid":{"rendered":"https:\/\/shop.bushboats.com\/?post_type=product&#038;p=22007"},"modified":"2025-05-23T07:17:18","modified_gmt":"2025-05-23T04:17:18","slug":"stiprinajums-divam-darbibas-kameram-vai-parnesajamam-gaismam-melns","status":"publish","type":"product","link":"https:\/\/shop.bushboats.com\/index.php\/produkts\/stiprinajums-divam-darbibas-kameram-vai-parnesajamam-gaismam-melns\/","title":{"rendered":"Stiprin\u0101jums div\u0101m darb\u012bbas kamer\u0101m vai p\u0101rn\u0113s\u0101jam\u0101m gaism\u0101m melns"},"content":{"rendered":"<p>Tur\u0113t\u0101js div\u0101m kamer\u0101m vai navig\u0101cijas gaism\u0101m melns.<\/p>\n<p>Tehnisk\u0101 inform\u0101cija:<\/p>\n<p>Paredz\u0113ts darb\u012bbas kameras un apgaismojuma (zibspuldzes) uzst\u0101d\u012b\u0161anai citu tur\u0113t\u0101ju 2 l\u012bdz 3 GoPro mont\u0101\u017eas savienot\u0101j\u0101. Dizains ietver divus 2-to-3 savienot\u0101jus, kron\u0161teinu ar 1\/4&#8221; skr\u016bvju v\u012btni un Hf030 tur\u0113t\u0101ju apgaismojumam. J\u016bs varat uzst\u0101d\u012bt visu strukt\u016bru jebkur\u0101 2-to-3 GoPro savienot\u0101j\u0101. Katrs no diviem mont\u0101\u017eas savienot\u0101jiem ir apr\u012bkots ar M5 * 30 DIN 931 skr\u016bvi, M5 DIN 934 uzgriezni, uzst\u0101d\u012bt\u0101s iek\u0101rtas sl\u012bpuma st\u0101voklis ir fiks\u0113ts ar diviem kvadr\u0101tveida pogas uzgrie\u017e\u0146iem. Mont\u0101\u017e\u0101 ietilpst ar\u012b M6*25 DIN 963 skr\u016bve un M6 DIN 985 pa\u0161blo\u0137\u0113jo\u0161ais uzgrieznis. Apgaismojuma (luktur\u012b\u0161u) tur\u0113t\u0101js var b\u016bt 360\u00b0 pagriezts un ir apr\u012bkots ar elast\u012bgu poliuret\u0101na skavu, kas regul\u0113jama atbilsto\u0161i luktur\u012b\u0161a diametram: no 10 l\u012bdz 25 mm. Visas deta\u013cas ir izgatavotas no stikla \u0161\u0137iedras pastiprin\u0101ta poliam\u012bda. Stiprin\u0101jumi \u2013 no ner\u016bs\u0113jo\u0161\u0101 t\u0113rauda A2 (AISI 304) (iz\u0146emot divus M5 DIN 934 misi\u0146a uzgrie\u017e\u0146us).<\/p>\n<p>Produkta apraksts:<\/p>\n<p>Tur\u0113t\u0101js ir paredz\u0113ts papildu darb\u012bbas kameras vai apgaismojuma (zibspuldzes) uzst\u0101d\u012b\u0161anai jebkur\u0101 2-to-3 GoPro savienot\u0101j\u0101, ieskaitot iesp\u0113ju uzst\u0101d\u012bt uz citu ra\u017eot\u0101ju piederumiem. Tas ir viegls un dro\u0161s, labi piem\u0113rots akt\u012bvai straum\u0113\u0161anai kust\u012bb\u0101. Ar \u0161o ier\u012bci j\u016bs varat iem\u016b\u017ein\u0101t v\u0113l spilgt\u0101kus mirk\u013cus no sav\u0101m aktivit\u0101t\u0113m uz \u016bdens.<br \/>\n\u0160is piederums papla\u0161ina fotograf\u0113\u0161anas iesp\u0113jas, p\u0101rveidojot vienu piestiprin\u0101\u0161anas punktu div\u0101s da\u013c\u0101s un \u013caujot uzst\u0101d\u012bt divas darb\u012bbas kameras, kas apr\u012bkotas ar 2-to-3 savienot\u0101ju vai 1\/4&#8221; skr\u016bvju v\u012btni, k\u0101 ar\u012b vienu kameru un apgaismojumu (zibspuldzi).<br \/>\nTur\u0113t\u0101js nodro\u0161ina pla\u0161as regul\u0113\u0161anas iesp\u0113jas: lietot\u0101js var izv\u0113l\u0113ties nepiecie\u0161amo le\u0146\u0137i, noliecot visu strukt\u016bru vai katru no fiks\u0113taj\u0101m ier\u012bc\u0113m atsevi\u0161\u0137i.<\/p>\n<p>Mont\u0101\u017e\u0101 ietilpst Hf030 tur\u0113t\u0101js apgaismojuma nostiprin\u0101\u0161anai (zibspuldze), kas apr\u012bkots ar elast\u012bgu skavu, kuru var noliekt un piln\u012bb\u0101 pagriezt. Skava ir paredz\u0113ta objektu nostiprin\u0101\u0161anai no 10 l\u012bdz 25 mm diametr\u0101. Tas ir \u0113rti, lai organiz\u0113tu fotograf\u0113\u0161anu (straum\u0113\u0161anu) v\u0101j\u0101 apgaismojum\u0101 un vienk\u0101r\u0161i uzst\u0101d\u012btu papildu gaismas avotu uz ku\u0123a.<br \/>\nMateri\u0101li: stikla\u0161\u0137iedras pastiprin\u0101ts poliam\u012bds, poliuret\u0101ns, A2 (AISI 304) ner\u016bs\u0113jo\u0161ais t\u0113rauds, misi\u0146\u0161.<\/p>\n<p>Komplekt\u0101: Ng004 darb\u012bbas kameras tur\u0113t\u0101js.<\/p>\n<p>Padomi par lieto\u0161anu un instal\u0113\u0161anu:<\/p>\n<p>Lai pagarin\u0101tu produkta kalpo\u0161anas laiku, p\u0113c t\u0101 lieto\u0161anas j\u016bras \u016bden\u012b noskalojiet to ar lielu daudzumu svaiga \u016bdens.<\/p>\n","protected":false},"excerpt":{"rendered":"<p>Tur\u0113t\u0101js div\u0101m kamer\u0101m vai navig\u0101cijas gaism\u0101m melns. Tehnisk\u0101 inform\u0101cija: Paredz\u0113ts darb\u012bbas kameras un apgaismojuma (zibspuldzes) uzst\u0101d\u012b\u0161anai citu tur\u0113t\u0101ju 2 l\u012bdz 3 GoPro mont\u0101\u017eas savienot\u0101j\u0101. Dizains ietver divus 2-to-3 savienot\u0101jus, kron\u0161teinu ar 1\/4&#8221; skr\u016bvju v\u012btni un Hf030 tur\u0113t\u0101ju apgaismojumam. J\u016bs varat uzst\u0101d\u012bt visu strukt\u016bru jebkur\u0101 2-to-3 GoPro savienot\u0101j\u0101. Katrs no diviem mont\u0101\u017eas savienot\u0101jiem ir apr\u012bkots ar [&hellip;]<\/p>\n","protected":false},"featured_media":22008,"comment_status":"open","ping_status":"closed","template":"","meta":[],"product_brand":[],"product_cat":[864,685,54,670],"product_tag":[],"class_list":{"0":"post-22007","1":"product","2":"type-product","3":"status-publish","4":"has-post-thumbnail","6":"product_cat-borika-aksesuari-fasten","7":"product_cat-komforts","8":"product_cat-accessories","9":"product_cat-piepusamo-laivu-aksesuari","11":"first","12":"instock","13":"taxable","14":"shipping-taxable","15":"purchasable","16":"product-type-simple"},"jetpack_sharing_enabled":true,"_links":{"self":[{"href":"https:\/\/shop.bushboats.com\/index.php\/wp-json\/wp\/v2\/product\/22007","targetHints":{"allow":["GET"]}}],"collection":[{"href":"https:\/\/shop.bushboats.com\/index.php\/wp-json\/wp\/v2\/product"}],"about":[{"href":"https:\/\/shop.bushboats.com\/index.php\/wp-json\/wp\/v2\/types\/product"}],"replies":[{"embeddable":true,"href":"https:\/\/shop.bushboats.com\/index.php\/wp-json\/wp\/v2\/comments?post=22007"}],"wp:featuredmedia":[{"embeddable":true,"href":"https:\/\/shop.bushboats.com\/index.php\/wp-json\/wp\/v2\/media\/22008"}],"wp:attachment":[{"href":"https:\/\/shop.bushboats.com\/index.php\/wp-json\/wp\/v2\/media?parent=22007"}],"wp:term":[{"taxonomy":"product_brand","embeddable":true,"href":"https:\/\/shop.bushboats.com\/index.php\/wp-json\/wp\/v2\/product_brand?post=22007"},{"taxonomy":"product_cat","embeddable":true,"href":"https:\/\/shop.bushboats.com\/index.php\/wp-json\/wp\/v2\/product_cat?post=22007"},{"taxonomy":"product_tag","embeddable":true,"href":"https:\/\/shop.bushboats.com\/index.php\/wp-json\/wp\/v2\/product_tag?post=22007"}],"curies":[{"name":"wp","href":"https:\/\/api.w.org\/{rel}","templated":true}]}}