{"id":22021,"date":"2024-09-17T21:54:00","date_gmt":"2024-09-17T18:54:00","guid":{"rendered":"https:\/\/shop.bushboats.com\/?post_type=product&#038;p=22021"},"modified":"2025-05-23T07:16:25","modified_gmt":"2025-05-23T04:16:25","slug":"plaksne-zivju-mekletajiem-lidz-7-ar-uzlimejamo-komplektu-uzstadisanai-uz-pvc-piepusamas-laivas-sl223-fmp224","status":"publish","type":"product","link":"https:\/\/shop.bushboats.com\/index.php\/produkts\/plaksne-zivju-mekletajiem-lidz-7-ar-uzlimejamo-komplektu-uzstadisanai-uz-pvc-piepusamas-laivas-sl223-fmp224\/","title":{"rendered":"Eholota pl\u0101ksn\u0113 ar platformu l\u012bdz 7&#8243; ar uzl\u012bm\u0113jamo komplektu uzst\u0101d\u012b\u0161anai uz PVC piep\u016b\u0161am\u0101s laivas (Sl223 + FMp224)"},"content":{"rendered":"<p>Tehnisk\u0101 inform\u0101cija:<\/p>\n<p>Komplekts ir paredz\u0113ts zivju mekl\u0113t\u0101ju un citu iek\u0101rtu uzst\u0101d\u012b\u0161anai ar att\u0101lumu starp mont\u0101\u017eas punktiem l\u012bdz 95 mm uz jebkura PVC piep\u016b\u0161am\u0101 ku\u0123a. Tas sast\u0101v no 106 x 98 mm Sl223 pl\u0101ksnes un FMp224 mont\u0101\u017eas sist\u0113mas. Pl\u0101ksnes siena ir 3 mm bieza, pl\u0101ksne ir savienota kop\u0101 ar adapteri un groz\u0101mu papl\u0101ksni, izmantojot M6 * 60 DIN 912 skr\u016bvi un M6 DIN 985 uzgriezni, kas \u013cauj pievienoto apr\u012bkojumu pagriezt par 360\u00b0. Mont\u0101\u017eas sist\u0113ma sast\u0101v no PVC spilventi\u0146a (110 \u0445 110 mm), kas iek\u0161pus\u0113 pastiprin\u0101ts ar poliam\u012bda papl\u0101ksni, un piederumu stiprin\u0101juma, kas piestiprin\u0101ts kop\u0101 ar \u010detr\u0101m M6 * 20 DIN 912 skr\u016bv\u0113m un M6 DIN 934 uzgrie\u017e\u0146iem. Sist\u0113mu var piel\u012bm\u0113t pie PVC virsmas, izmantojot divkomponentu poliuret\u0101na l\u012bmi (nav iek\u013cauta komplekt\u0101). Galven\u0101s da\u013cas ir izgatavotas no stikla \u0161\u0137iedras pastiprin\u0101ta poliam\u012bda, spilventi\u0146\u0161 ir p\u0101rkl\u0101ts ar PVC. Stiprin\u0101jumi \u2013 no ner\u016bs\u0113jo\u0161\u0101 t\u0113rauda A2 (AISI 304).<\/p>\n<p>Produkta apraksts:<\/p>\n<p>\u0160is komplekts sast\u0101v no Sl223 pl\u0101ksnes un FMp224 mont\u0101\u017eas sist\u0113mas, un tas ir piem\u0113rots zivju mekl\u0113t\u0101ja monitora uzst\u0101d\u012b\u0161anai uz jebkuras airu laivu un motorlaivu, RIB, v\u0113dera laivu (pludi\u0146mak\u0161\u0137eres) un piep\u016b\u0161amo kajaku PVC virsmas.<br \/>\nPl\u0101ksne ir paredz\u0113ta Garmin, Lowrance, Raymarine un Humminbird zivju mekl\u0113t\u0101ju uzst\u0101d\u012b\u0161anai ar ekr\u0101na izm\u0113ru l\u012bdz 7&#8243;, maksim\u0101lajam att\u0101lumam starp mont\u0101\u017eas punktiem j\u0101b\u016bt l\u012bdz 95 mm.<br \/>\nPl\u0101ksnes aizmugur\u0113 ir atz\u012bm\u0113ti sabiezin\u0101ti mont\u0101\u017eas punkti, kas atbilst standarta mont\u0101\u017eas caurumiem popul\u0101rajos apr\u012bkojuma mode\u013cos.<br \/>\nMont\u0101\u017ea ir veidota t\u0101, lai pl\u0101ksne kop\u0101 ar uzst\u0101d\u012bto apr\u012bkojumu var\u0113tu piln\u012bb\u0101 pagriezties ap adaptera asi, kas n\u0101k rok\u0101 mak\u0161\u0137er\u0113\u0161anas laik\u0101, kad jums ir nepiecie\u0161ams \u0101tri main\u012bt ekr\u0101na st\u0101vokli, lai izvair\u012btos no saules atsp\u012bduma.<\/p>\n<p>Pl\u0101ksnes siena ir 3 mm bieza, t\u0101 ir izgatavota no stikla \u0161\u0137iedras pastiprin\u0101ta poliam\u012bda, kas nodro\u0161ina t\u0101 uzticam\u012bbu.<br \/>\nMont\u0101\u017eas sist\u0113m\u0101 ietilpst Fs219 piederumu stiprin\u0101jums un poliam\u012bda mont\u0101\u017eas paliktnis 110 x 110 mm, p\u0101rkl\u0101ts ar PVC. Stiprin\u0101jums ir piestiprin\u0101ts pie spilventi\u0146a ar \u010detr\u0101m skr\u016bv\u0113m, kas padara konstrukciju sp\u0113c\u012bgu un uzticamu.<br \/>\nFMp224 mont\u0101\u017eas sist\u0113ma ir paredz\u0113ta vid\u0113j\u0101m slodz\u0113m, un to var izmantot v\u0113rp\u0161anas stie\u0146u tur\u0113t\u0101ju, zivju mekl\u0113t\u0101ja pl\u0101k\u0161\u0146u un dev\u0113ja roku stiprin\u0101jumu, darb\u012bbas kameras monopodu, navig\u0101cijas gaismas, takel\u0101\u017eas, mark\u012b\u017eu, velc\u0113\u0161anas stendu utt.<br \/>\nAr konversijas adapteriem, kas ir par\u0101d\u012bti BORIKA FASTen\u00ae katalog\u0101, j\u016bs varat piestiprin\u0101t da\u017eus piederumus un ier\u012bces no citiem z\u012bmoliem ( SCOTTY\u00ae, RAM\u00ae, RAILBLAZA\u00ae, YakAttack\u00ae, karpu mak\u0161\u0137er\u0113\u0161anas piederumi utt.).<\/p>\n<p>Padomi par lieto\u0161anu un instal\u0113\u0161anu:<\/p>\n<p>Mont\u0101\u017eas sist\u0113mu var piel\u012bm\u0113t pie PVC virsmas saska\u0146\u0101 ar soli pa solim uzst\u0101d\u012b\u0161anas rokasgr\u0101matu.<br \/>\nLai piestiprin\u0101tu pl\u0101ksni sist\u0113mas stiprin\u0101jum\u0101, no\u0146emiet aizsargspraudni, p\u0101rvietojiet fiksatoru atv\u0113rt\u0101 st\u0101vokl\u012b, ievietojiet adapteri l\u012bdz galam stiprin\u0101jum\u0101 un p\u0101rvietojiet fiksatoru poz\u012bcij\u0101 LOCK. P\u0113c mak\u0161\u0137er\u0113\u0161anas pl\u0101ksni ar pievienoto apr\u012bkojumu var viegli no\u0146emt no stiprin\u0101juma, un mont\u0101\u017eas sist\u0113mu var izmantot citu BORIKA FASTen\u00ae piederumu piestiprin\u0101\u0161anai.<br \/>\nZivju mekl\u0113t\u0101ja monitora pamatni var piestiprin\u0101t pie pl\u0101ksnes, izmantojot pa\u0161v\u012bt\u0146ojo\u0161as skr\u016bves saska\u0146\u0101 ar soli pa solim uzst\u0101d\u012b\u0161anas rokasgr\u0101matu. J\u016bs varat izmantot z\u012bmes, lai urbtu caurumus vai izveidotu savus caurumus, kas b\u016bs piem\u0113roti j\u016bsu apr\u012bkojumam.<br \/>\nDizainu var papildin\u0101t ar FEx220 un FEx250 pagarin\u0101tiem stiprin\u0101jumiem, k\u0101 ar\u012b FAv210 stiprin\u0101jumu ar sl\u012bpuma adapteri. P\u0113c mak\u0161\u0137er\u0113\u0161anas konstrukciju var viegli no\u0146emt no stiprin\u0101juma, neizjaucot apr\u012bkojumu.<\/p>\n<p>Lai ieg\u016btu iesp\u0113ju piestiprin\u0101t piederumus ar p\u0101r\u012b savienotiem adapteriem (velc\u0113\u0161anas stat\u012bvi, apa\u013c\u0101s sliedes, galdi), uzst\u0101diet FMp224 sist\u0113mas ar att\u0101lumu starp stiprin\u0101jumu centriem, 305 mm daudzk\u0101rtni (305 mm, 610 mm utt.).<br \/>\nLai pagarin\u0101tu produkta kalpo\u0161anas laiku, p\u0113c t\u0101 lieto\u0161anas j\u016bras \u016bden\u012b noskalojiet to ar lielu daudzumu svaiga \u016bdens.<\/p>\n","protected":false},"excerpt":{"rendered":"<p>Tehnisk\u0101 inform\u0101cija: Komplekts ir paredz\u0113ts zivju mekl\u0113t\u0101ju un citu iek\u0101rtu uzst\u0101d\u012b\u0161anai ar att\u0101lumu starp mont\u0101\u017eas punktiem l\u012bdz 95 mm uz jebkura PVC piep\u016b\u0161am\u0101 ku\u0123a. Tas sast\u0101v no 106 x 98 mm Sl223 pl\u0101ksnes un FMp224 mont\u0101\u017eas sist\u0113mas. Pl\u0101ksnes siena ir 3 mm bieza, pl\u0101ksne ir savienota kop\u0101 ar adapteri un groz\u0101mu papl\u0101ksni, izmantojot M6 * [&hellip;]<\/p>\n","protected":false},"featured_media":22022,"comment_status":"open","ping_status":"closed","template":"","meta":[],"product_brand":[],"product_cat":[864,54,670,682],"product_tag":[],"class_list":{"0":"post-22021","1":"product","2":"type-product","3":"status-publish","4":"has-post-thumbnail","6":"product_cat-borika-aksesuari-fasten","7":"product_cat-accessories","8":"product_cat-piepusamo-laivu-aksesuari","9":"product_cat-turetaji-makskerem-eholotiem-sensoriem","11":"first","12":"instock","13":"taxable","14":"shipping-taxable","15":"purchasable","16":"product-type-simple"},"jetpack_sharing_enabled":true,"_links":{"self":[{"href":"https:\/\/shop.bushboats.com\/index.php\/wp-json\/wp\/v2\/product\/22021","targetHints":{"allow":["GET"]}}],"collection":[{"href":"https:\/\/shop.bushboats.com\/index.php\/wp-json\/wp\/v2\/product"}],"about":[{"href":"https:\/\/shop.bushboats.com\/index.php\/wp-json\/wp\/v2\/types\/product"}],"replies":[{"embeddable":true,"href":"https:\/\/shop.bushboats.com\/index.php\/wp-json\/wp\/v2\/comments?post=22021"}],"wp:featuredmedia":[{"embeddable":true,"href":"https:\/\/shop.bushboats.com\/index.php\/wp-json\/wp\/v2\/media\/22022"}],"wp:attachment":[{"href":"https:\/\/shop.bushboats.com\/index.php\/wp-json\/wp\/v2\/media?parent=22021"}],"wp:term":[{"taxonomy":"product_brand","embeddable":true,"href":"https:\/\/shop.bushboats.com\/index.php\/wp-json\/wp\/v2\/product_brand?post=22021"},{"taxonomy":"product_cat","embeddable":true,"href":"https:\/\/shop.bushboats.com\/index.php\/wp-json\/wp\/v2\/product_cat?post=22021"},{"taxonomy":"product_tag","embeddable":true,"href":"https:\/\/shop.bushboats.com\/index.php\/wp-json\/wp\/v2\/product_tag?post=22021"}],"curies":[{"name":"wp","href":"https:\/\/api.w.org\/{rel}","templated":true}]}}