{"id":22033,"date":"2024-09-17T22:07:19","date_gmt":"2024-09-17T19:07:19","guid":{"rendered":"https:\/\/shop.bushboats.com\/?post_type=product&#038;p=22033"},"modified":"2026-01-28T19:34:36","modified_gmt":"2026-01-28T17:34:36","slug":"platforma-164-x-68-mm-eholotam-vai-citam-aprikojumam","status":"publish","type":"product","link":"https:\/\/shop.bushboats.com\/index.php\/produkts\/platforma-164-x-68-mm-eholotam-vai-citam-aprikojumam\/","title":{"rendered":"Platforma 164 x 68 mm eholotam vai citam apr\u012bkojumam"},"content":{"rendered":"<p>Mont\u0101\u017eas platforma 164 x 68 mm &#8211; paredz\u0113ta eholot\u0113m vai citam apr\u012bkojumam ar regul\u0113jamu le\u0146\u0137a poz\u012bciju. Paredz\u0113ts visu popul\u0101r\u0101ko eholotu uzst\u0101d\u012b\u0161anai, k\u0101 ar\u012b foto, video aparat\u016bras un citu ier\u012b\u010du mont\u0101\u017eai. Platforma konstru\u0113ta \u0146emot v\u0113r\u0101 popul\u0101r\u0101ko apr\u012bkojuma veidu kron\u0161teinu caurumu izvietojumu. Izgatavots no augstas iztur\u012bbas plastikas &#8211; poliam\u012bda. \u00a0Uzst\u0101d\u012b\u0161anai pietiek ar vienu univers\u0101lo atsl\u0113gu.<\/p>\n","protected":false},"excerpt":{"rendered":"<p>Mont\u0101\u017eas platforma 164 x 68 mm &#8211; paredz\u0113ta eholot\u0113m vai citam apr\u012bkojumam ar regul\u0113jamu le\u0146\u0137a poz\u012bciju. Paredz\u0113ts visu popul\u0101r\u0101ko eholotu uzst\u0101d\u012b\u0161anai, k\u0101 ar\u012b foto, video aparat\u016bras un citu ier\u012b\u010du mont\u0101\u017eai. Platforma konstru\u0113ta \u0146emot v\u0113r\u0101 popul\u0101r\u0101ko apr\u012bkojuma veidu kron\u0161teinu caurumu izvietojumu. Izgatavots no augstas iztur\u012bbas plastikas &#8211; poliam\u012bda. \u00a0Uzst\u0101d\u012b\u0161anai pietiek ar vienu univers\u0101lo atsl\u0113gu.<\/p>\n","protected":false},"featured_media":22034,"comment_status":"open","ping_status":"closed","template":"","meta":[],"product_brand":[],"product_cat":[864,54,670,682],"product_tag":[],"class_list":{"0":"post-22033","1":"product","2":"type-product","3":"status-publish","4":"has-post-thumbnail","6":"product_cat-borika-aksesuari-fasten","7":"product_cat-accessories","8":"product_cat-piepusamo-laivu-aksesuari","9":"product_cat-turetaji-makskerem-eholotiem-sensoriem","11":"first","12":"instock","13":"taxable","14":"shipping-taxable","15":"purchasable","16":"product-type-simple"},"jetpack_sharing_enabled":true,"_links":{"self":[{"href":"https:\/\/shop.bushboats.com\/index.php\/wp-json\/wp\/v2\/product\/22033","targetHints":{"allow":["GET"]}}],"collection":[{"href":"https:\/\/shop.bushboats.com\/index.php\/wp-json\/wp\/v2\/product"}],"about":[{"href":"https:\/\/shop.bushboats.com\/index.php\/wp-json\/wp\/v2\/types\/product"}],"replies":[{"embeddable":true,"href":"https:\/\/shop.bushboats.com\/index.php\/wp-json\/wp\/v2\/comments?post=22033"}],"wp:featuredmedia":[{"embeddable":true,"href":"https:\/\/shop.bushboats.com\/index.php\/wp-json\/wp\/v2\/media\/22034"}],"wp:attachment":[{"href":"https:\/\/shop.bushboats.com\/index.php\/wp-json\/wp\/v2\/media?parent=22033"}],"wp:term":[{"taxonomy":"product_brand","embeddable":true,"href":"https:\/\/shop.bushboats.com\/index.php\/wp-json\/wp\/v2\/product_brand?post=22033"},{"taxonomy":"product_cat","embeddable":true,"href":"https:\/\/shop.bushboats.com\/index.php\/wp-json\/wp\/v2\/product_cat?post=22033"},{"taxonomy":"product_tag","embeddable":true,"href":"https:\/\/shop.bushboats.com\/index.php\/wp-json\/wp\/v2\/product_tag?post=22033"}],"curies":[{"name":"wp","href":"https:\/\/api.w.org\/{rel}","templated":true}]}}