{"id":22048,"date":"2024-09-19T13:47:08","date_gmt":"2024-09-19T10:47:08","guid":{"rendered":"https:\/\/shop.bushboats.com\/?post_type=product&#038;p=22048"},"modified":"2024-09-19T13:47:59","modified_gmt":"2024-09-19T10:47:59","slug":"rim-gredzens-d-forma-ar-nerusejosa-terauda-aisi-316-pulets-gredzens","status":"publish","type":"product","link":"https:\/\/shop.bushboats.com\/index.php\/produkts\/rim-gredzens-d-forma-ar-nerusejosa-terauda-aisi-316-pulets-gredzens\/","title":{"rendered":"RIM GREDZENS D FORMA ar NER\u016aS\u0112JO\u0160\u0100 T\u0112RAUDA AISI 316 pul\u0113ts gredzens."},"content":{"rendered":"<p>D-RIM:<\/p>\n<p>\u00d8 6 mm<\/p>\n<p class=\"text-center\">A 60 mm<\/p>\n<p class=\"text-center\">B\u00a0 62 mm<\/p>\n","protected":false},"excerpt":{"rendered":"<p>D-RIM: \u00d8 6 mm A 60 mm B\u00a0 62 mm<\/p>\n","protected":false},"featured_media":22049,"comment_status":"open","ping_status":"closed","template":"","meta":[],"product_brand":[],"product_cat":[54,670],"product_tag":[],"class_list":{"0":"post-22048","1":"product","2":"type-product","3":"status-publish","4":"has-post-thumbnail","6":"product_cat-accessories","7":"product_cat-piepusamo-laivu-aksesuari","9":"first","10":"instock","11":"taxable","12":"shipping-taxable","13":"purchasable","14":"product-type-simple"},"jetpack_sharing_enabled":true,"_links":{"self":[{"href":"https:\/\/shop.bushboats.com\/index.php\/wp-json\/wp\/v2\/product\/22048","targetHints":{"allow":["GET"]}}],"collection":[{"href":"https:\/\/shop.bushboats.com\/index.php\/wp-json\/wp\/v2\/product"}],"about":[{"href":"https:\/\/shop.bushboats.com\/index.php\/wp-json\/wp\/v2\/types\/product"}],"replies":[{"embeddable":true,"href":"https:\/\/shop.bushboats.com\/index.php\/wp-json\/wp\/v2\/comments?post=22048"}],"wp:featuredmedia":[{"embeddable":true,"href":"https:\/\/shop.bushboats.com\/index.php\/wp-json\/wp\/v2\/media\/22049"}],"wp:attachment":[{"href":"https:\/\/shop.bushboats.com\/index.php\/wp-json\/wp\/v2\/media?parent=22048"}],"wp:term":[{"taxonomy":"product_brand","embeddable":true,"href":"https:\/\/shop.bushboats.com\/index.php\/wp-json\/wp\/v2\/product_brand?post=22048"},{"taxonomy":"product_cat","embeddable":true,"href":"https:\/\/shop.bushboats.com\/index.php\/wp-json\/wp\/v2\/product_cat?post=22048"},{"taxonomy":"product_tag","embeddable":true,"href":"https:\/\/shop.bushboats.com\/index.php\/wp-json\/wp\/v2\/product_tag?post=22048"}],"curies":[{"name":"wp","href":"https:\/\/api.w.org\/{rel}","templated":true}]}}