{"id":22161,"date":"2024-11-25T21:45:39","date_gmt":"2024-11-25T19:45:39","guid":{"rendered":"https:\/\/shop.bushboats.com\/?post_type=product&#038;p=22161"},"modified":"2024-11-25T21:45:39","modified_gmt":"2024-11-25T19:45:39","slug":"haswing-osapian-30-lbs-electric-boat-motor-laivu-elektromotors","status":"publish","type":"product","link":"https:\/\/shop.bushboats.com\/index.php\/produkts\/haswing-osapian-30-lbs-electric-boat-motor-laivu-elektromotors\/","title":{"rendered":"HASWING Osapian 30 lbs Electric Boat Motor laivu elektromotors"},"content":{"rendered":"<h2 class=\"product-info-header\">Preces apraksts<\/h2>\n<div id=\"collapse_block_2\" class=\"product-description-wrapper\">Haswing Osapian &#8211; klasiska dizaina elektriskie laivu motori, augsta kvalit\u0101te un ergonomika. Visi mode\u013ci ir apr\u012bkoti ar teleskopisku augstum\u0101 un le\u0146\u0137\u012b regul\u0113jamu st\u016bri, regul\u0113jamu k\u0101ju augstumu, past\u0101v\u012bgi str\u0101d\u0101jo\u0161u akumulatora uzl\u0101des LED indikatoru, kas pal\u012bdz\u0113s kontrol\u0113t peld\u0113\u0161anas att\u0101lumu, laiku, racion\u0101lu akumulatora ener\u0123ijas izmanto\u0161anu, vienlaikus pagarinot t\u0101 kalpo\u0161anas laiku. \u0160im motoram ir 2 l\u0101psti\u0146u propelleris.<\/p>\n<p>Elektromotora birstes tur\u0113t\u0101js ir izgatavots no met\u0101la un temperat\u016bras iztur\u012bga kompoz\u012btmateri\u0101la, birstes ir pieskr\u016bv\u0113tas ar skr\u016bv\u0113m &#8211; nav iesp\u0113jamas deform\u0101cijas un ar temperat\u016bru saist\u012btas atteices.<br \/>\nVisi kabe\u013ci ir kvalitat\u012bvi un elast\u012bgi, uzticamas un sp\u0113c\u012bgas cilpas piestiprin\u0101\u0161anai pie akumulatora.<\/p>\n<p>Kontakta \u0101truma sl\u0113d\u017ea vadi ir ne tikai iesprausti caur \u012bpa\u0161iem savienot\u0101jiem, k\u0101 vairumam \u0161\u0101da veida motoru, bet tie ir papildus nostiprin\u0101ti ar skr\u016bv\u0113m &#8211; uzticams kontakts jebkuros apst\u0101k\u013cos. Nav nekas neparasts, ka citi ra\u017eot\u0101ji slikta kontakta d\u0113\u013c saskaras ar temperat\u016bras paaugstin\u0101\u0161anos, ener\u0123ijas pat\u0113ri\u0146u vai pat visa mezgla ku\u0161anu.<\/p>\n<p>Dzin\u0113ja &#8220;galva&#8221; ar d\u012bseli ir pace\u013cama un izb\u012bd\u0101ma &#8211; tad var griezties st\u0101vot un vienlaikus kontrol\u0113t laivu, kas l\u0113ni ku\u0123o gar krasta l\u012bniju, kas uzlabo J\u016bsu mak\u0161\u0137er\u0113\u0161anas kvalit\u0101ti un sniedz liel\u0101kas iesp\u0113jas labiem lomiem \ud83d\ude42<br \/>\nIesp\u0113ja noliekt visu &#8220;galvu&#8221; uz leju ar d\u012bseli paral\u0113li dzin\u0113ja k\u0101jai ir vienk\u0101r\u0161i laba lieta transport\u0113\u0161anai vai uzglab\u0101\u0161anai, jo ir iev\u0113rojami samazin\u0101ti izm\u0113ri.<\/p>\n<p>SPECIFIK\u0100CIJAS (atkar\u012bb\u0101 no mode\u013ca: 30Lbs \/ 40Lbs \/ 55Lbs):<\/p>\n<p>Maksim\u0101lais spriegums: DC 12V<br \/>\nDzi\u013cuma regul\u0113\u0161ana: dzi\u013cuma apkakle<br \/>\nMaksim\u0101lais vilces sp\u0113ks; 30 m\u0101rci\u0146as \/ 40 m\u0101rci\u0146as \/ 55 m\u0101rci\u0146as<br \/>\nAtbalsta tips: 2 l\u0101psti\u0146u balsti 9 collu diametr\u0101 (30 m\u0101rci\u0146as \/ 40 m\u0101rci\u0146as), 3 l\u0101psti\u0146u balsti 9,3 collas (55 m\u0101rci\u0146as)<br \/>\nPro \u0101trums ar pilnu jaudu: maks. 1200 \/ 1380 \/ 1250 apgr.\/ min zem \u016bdens<br \/>\nAkumulatora tips: 1x105AH dzi\u013cais cikls<br \/>\nMaksim\u0101lais laivas garums un slodze: 4 m \/ 4,7 m \/ 5,5 m<br \/>\nSt\u016bres pak\u0101pe: 360 gr\u0101du vad\u012bba<br \/>\nJauda &#8211; Max: 360W \/ 480W \/ 660W<br \/>\nPastiprin\u0101t\u0101js \u2014 maks.: 30A \/ 40A \/ 55A<br \/>\nDecivel l\u012bmenis: 50db<br \/>\nStiprin\u0101jums: priek\u0161gala stiprin\u0101jums<br \/>\nTips: liets alum\u012bnijs<br \/>\nGarums: 800mm \/ 900mm \/ 900mm<\/p><\/div>\n","protected":false},"excerpt":{"rendered":"<p>Preces apraksts Haswing Osapian &#8211; klasiska dizaina elektriskie laivu motori, augsta kvalit\u0101te un ergonomika. Visi mode\u013ci ir apr\u012bkoti ar teleskopisku augstum\u0101 un le\u0146\u0137\u012b regul\u0113jamu st\u016bri, regul\u0113jamu k\u0101ju augstumu, past\u0101v\u012bgi str\u0101d\u0101jo\u0161u akumulatora uzl\u0101des LED indikatoru, kas pal\u012bdz\u0113s kontrol\u0113t peld\u0113\u0161anas att\u0101lumu, laiku, racion\u0101lu akumulatora ener\u0123ijas izmanto\u0161anu, vienlaikus pagarinot t\u0101 kalpo\u0161anas laiku. \u0160im motoram ir 2 l\u0101psti\u0146u propelleris. [&hellip;]<\/p>\n","protected":false},"featured_media":22162,"comment_status":"open","ping_status":"closed","template":"","meta":[],"product_brand":[],"product_cat":[707,812,73],"product_tag":[],"class_list":{"0":"post-22161","1":"product","2":"type-product","3":"status-publish","4":"has-post-thumbnail","6":"product_cat-elektromotori","7":"product_cat-haswing","8":"product_cat-boat-motors-lv","10":"first","11":"outofstock","12":"taxable","13":"shipping-taxable","14":"purchasable","15":"product-type-simple"},"jetpack_sharing_enabled":true,"_links":{"self":[{"href":"https:\/\/shop.bushboats.com\/index.php\/wp-json\/wp\/v2\/product\/22161","targetHints":{"allow":["GET"]}}],"collection":[{"href":"https:\/\/shop.bushboats.com\/index.php\/wp-json\/wp\/v2\/product"}],"about":[{"href":"https:\/\/shop.bushboats.com\/index.php\/wp-json\/wp\/v2\/types\/product"}],"replies":[{"embeddable":true,"href":"https:\/\/shop.bushboats.com\/index.php\/wp-json\/wp\/v2\/comments?post=22161"}],"wp:featuredmedia":[{"embeddable":true,"href":"https:\/\/shop.bushboats.com\/index.php\/wp-json\/wp\/v2\/media\/22162"}],"wp:attachment":[{"href":"https:\/\/shop.bushboats.com\/index.php\/wp-json\/wp\/v2\/media?parent=22161"}],"wp:term":[{"taxonomy":"product_brand","embeddable":true,"href":"https:\/\/shop.bushboats.com\/index.php\/wp-json\/wp\/v2\/product_brand?post=22161"},{"taxonomy":"product_cat","embeddable":true,"href":"https:\/\/shop.bushboats.com\/index.php\/wp-json\/wp\/v2\/product_cat?post=22161"},{"taxonomy":"product_tag","embeddable":true,"href":"https:\/\/shop.bushboats.com\/index.php\/wp-json\/wp\/v2\/product_tag?post=22161"}],"curies":[{"name":"wp","href":"https:\/\/api.w.org\/{rel}","templated":true}]}}