{"id":22177,"date":"2024-11-25T22:11:45","date_gmt":"2024-11-25T20:11:45","guid":{"rendered":"https:\/\/shop.bushboats.com\/?post_type=product&#038;p=22177"},"modified":"2025-12-09T11:02:07","modified_gmt":"2025-12-09T09:02:07","slug":"haswing-osapian-55-lbs-electric-boat-motor-laivu-elektromotors-pulsar-1-5","status":"publish","type":"product","link":"https:\/\/shop.bushboats.com\/index.php\/produkts\/haswing-osapian-55-lbs-electric-boat-motor-laivu-elektromotors-pulsar-1-5\/","title":{"rendered":"HASWING Osapian 55 lbs Electric Boat Motor laivu elektromotors PULSAR 1.5"},"content":{"rendered":"<blockquote><p>Vilkme &#8211; 55Lbs<\/p><\/blockquote>\n<p>Jauda -600W (pat\u0113r\u0113t\u0101)<\/p>\n<p>Maks. apgriezieni &#8211; 1250\u00a0rpm<\/p>\n<p>Nepiecie\u0161ams akumulators &#8211; 12V &#8211; 105Ah (dzil\u0101s izl\u0101des)<\/p>\n<p>Str\u0101vas stiprums &#8211; 50A<\/p>\n<p>Troksnis &#8211; 50db<\/p>\n<p>K\u0101jas garums &#8211; 900mm<\/p>\n<p>Laivas garums &#8211; aptuveni 5.5m<\/p>\n<p>Svars 8.6kg<\/p>\n<p>\u0100trumu p\u0101rsl\u0113g\u0161ana &#8211; 5 uz priek\u0161u , 3 uz aizmuguri<\/p>\n<p>Uzl\u0101des indik\u0101tors &#8211; 5 zonu<\/p>\n<p>Roktura garums &#8211; 350mm<\/p>\n","protected":false},"excerpt":{"rendered":"<p>Vilkme &#8211; 55Lbs Jauda -600W (pat\u0113r\u0113t\u0101) Maks. apgriezieni &#8211; 1250\u00a0rpm Nepiecie\u0161ams akumulators &#8211; 12V &#8211; 105Ah (dzil\u0101s izl\u0101des) Str\u0101vas stiprums &#8211; 50A Troksnis &#8211; 50db K\u0101jas garums &#8211; 900mm Laivas garums &#8211; aptuveni 5.5m Svars 8.6kg \u0100trumu p\u0101rsl\u0113g\u0161ana &#8211; 5 uz priek\u0161u , 3 uz aizmuguri Uzl\u0101des indik\u0101tors &#8211; 5 zonu Roktura garums &#8211; 350mm<\/p>\n","protected":false},"featured_media":22178,"comment_status":"open","ping_status":"closed","template":"","meta":[],"product_brand":[],"product_cat":[707,812,73],"product_tag":[],"class_list":{"0":"post-22177","1":"product","2":"type-product","3":"status-publish","4":"has-post-thumbnail","6":"product_cat-elektromotori","7":"product_cat-haswing","8":"product_cat-boat-motors-lv","10":"first","11":"outofstock","12":"taxable","13":"shipping-taxable","14":"purchasable","15":"product-type-simple"},"jetpack_sharing_enabled":true,"_links":{"self":[{"href":"https:\/\/shop.bushboats.com\/index.php\/wp-json\/wp\/v2\/product\/22177","targetHints":{"allow":["GET"]}}],"collection":[{"href":"https:\/\/shop.bushboats.com\/index.php\/wp-json\/wp\/v2\/product"}],"about":[{"href":"https:\/\/shop.bushboats.com\/index.php\/wp-json\/wp\/v2\/types\/product"}],"replies":[{"embeddable":true,"href":"https:\/\/shop.bushboats.com\/index.php\/wp-json\/wp\/v2\/comments?post=22177"}],"wp:featuredmedia":[{"embeddable":true,"href":"https:\/\/shop.bushboats.com\/index.php\/wp-json\/wp\/v2\/media\/22178"}],"wp:attachment":[{"href":"https:\/\/shop.bushboats.com\/index.php\/wp-json\/wp\/v2\/media?parent=22177"}],"wp:term":[{"taxonomy":"product_brand","embeddable":true,"href":"https:\/\/shop.bushboats.com\/index.php\/wp-json\/wp\/v2\/product_brand?post=22177"},{"taxonomy":"product_cat","embeddable":true,"href":"https:\/\/shop.bushboats.com\/index.php\/wp-json\/wp\/v2\/product_cat?post=22177"},{"taxonomy":"product_tag","embeddable":true,"href":"https:\/\/shop.bushboats.com\/index.php\/wp-json\/wp\/v2\/product_tag?post=22177"}],"curies":[{"name":"wp","href":"https:\/\/api.w.org\/{rel}","templated":true}]}}