{"id":22217,"date":"2024-11-25T23:01:48","date_gmt":"2024-11-25T21:01:48","guid":{"rendered":"https:\/\/shop.bushboats.com\/?post_type=product&#038;p=22217"},"modified":"2025-12-19T12:16:25","modified_gmt":"2025-12-19T10:16:25","slug":"elektriskais-motors-haswing-cayman-pulsar-b-55-gps-12v-sw-ver-1-6-kaja-132cm","status":"publish","type":"product","link":"https:\/\/shop.bushboats.com\/index.php\/produkts\/elektriskais-motors-haswing-cayman-pulsar-b-55-gps-12v-sw-ver-1-6-kaja-132cm\/","title":{"rendered":"Elektriskais motors Haswing CAYMAN &#8211; PULSAR B 55GPS 12V Sw.Ver 152 cm"},"content":{"rendered":"<p>Vilkme &#8211; 55Lbs<\/p>\n<p>Jauda -660W (pat\u0113r\u0113t\u0101)<\/p>\n<p>Maks. aprgriezieni &#8211; 1250 rpm<\/p>\n<p>Nepiecie\u0161ams akumulators &#8211; 12V &#8211; 105Ah (dzil\u0101s izl\u0101des) x2<\/p>\n<p>Str\u0101vas stiprums &#8211; 55A<\/p>\n<p>Troksnis &#8211; 50db<\/p>\n<p>K\u0101jas garums &#8211; 1520 mm<\/p>\n<p>Laivas garums &#8211; aptuveni 5.5m<\/p>\n<p>Svars 13.9kg<\/p>\n<p>\u0100trumu p\u0101rsl\u0113g\u0161ana &#8211; 5 uz priek\u0161u , 3 uz aizmuguri<\/p>\n<p>Uzl\u0101des indik\u0101tors -3 zonu<\/p>\n<p>Roktura garums &#8211; 350mm<\/p>\n<p>T\u0101lvad\u012bbas pults &#8211; bezvadu.<\/p>\n<p>Android un IOS aplik\u0101cija.<\/p>\n","protected":false},"excerpt":{"rendered":"<p>Vilkme &#8211; 55Lbs Jauda -660W (pat\u0113r\u0113t\u0101) Maks. aprgriezieni &#8211; 1250 rpm Nepiecie\u0161ams akumulators &#8211; 12V &#8211; 105Ah (dzil\u0101s izl\u0101des) x2 Str\u0101vas stiprums &#8211; 55A Troksnis &#8211; 50db K\u0101jas garums &#8211; 1520 mm Laivas garums &#8211; aptuveni 5.5m Svars 13.9kg \u0100trumu p\u0101rsl\u0113g\u0161ana &#8211; 5 uz priek\u0161u , 3 uz aizmuguri Uzl\u0101des indik\u0101tors -3 zonu Roktura garums [&hellip;]<\/p>\n","protected":false},"featured_media":22218,"comment_status":"open","ping_status":"closed","template":"","meta":[],"product_brand":[],"product_cat":[707,812,73],"product_tag":[],"class_list":{"0":"post-22217","1":"product","2":"type-product","3":"status-publish","4":"has-post-thumbnail","6":"product_cat-elektromotori","7":"product_cat-haswing","8":"product_cat-boat-motors-lv","10":"first","11":"instock","12":"taxable","13":"shipping-taxable","14":"purchasable","15":"product-type-simple"},"jetpack_sharing_enabled":true,"_links":{"self":[{"href":"https:\/\/shop.bushboats.com\/index.php\/wp-json\/wp\/v2\/product\/22217","targetHints":{"allow":["GET"]}}],"collection":[{"href":"https:\/\/shop.bushboats.com\/index.php\/wp-json\/wp\/v2\/product"}],"about":[{"href":"https:\/\/shop.bushboats.com\/index.php\/wp-json\/wp\/v2\/types\/product"}],"replies":[{"embeddable":true,"href":"https:\/\/shop.bushboats.com\/index.php\/wp-json\/wp\/v2\/comments?post=22217"}],"wp:featuredmedia":[{"embeddable":true,"href":"https:\/\/shop.bushboats.com\/index.php\/wp-json\/wp\/v2\/media\/22218"}],"wp:attachment":[{"href":"https:\/\/shop.bushboats.com\/index.php\/wp-json\/wp\/v2\/media?parent=22217"}],"wp:term":[{"taxonomy":"product_brand","embeddable":true,"href":"https:\/\/shop.bushboats.com\/index.php\/wp-json\/wp\/v2\/product_brand?post=22217"},{"taxonomy":"product_cat","embeddable":true,"href":"https:\/\/shop.bushboats.com\/index.php\/wp-json\/wp\/v2\/product_cat?post=22217"},{"taxonomy":"product_tag","embeddable":true,"href":"https:\/\/shop.bushboats.com\/index.php\/wp-json\/wp\/v2\/product_tag?post=22217"}],"curies":[{"name":"wp","href":"https:\/\/api.w.org\/{rel}","templated":true}]}}