{"id":22232,"date":"2024-11-25T23:23:28","date_gmt":"2024-11-25T21:23:28","guid":{"rendered":"https:\/\/shop.bushboats.com\/?post_type=product&#038;p=22232"},"modified":"2025-08-18T14:38:57","modified_gmt":"2025-08-18T11:38:57","slug":"atras-atbrivosanas-kronsteins-haswing","status":"publish","type":"product","link":"https:\/\/shop.bushboats.com\/index.php\/produkts\/atras-atbrivosanas-kronsteins-haswing\/","title":{"rendered":"\u0100tr\u0101s Atbr\u012bvo\u0161anas Kron\u0161teins HASWING"},"content":{"rendered":"<h1>HASWING \u0101tr\u0101s atbr\u012bvo\u0161anas kron\u0161teins\u00a0 ir der\u012bgs Cayman-B 55, Cayman-B 55 GPS motors un citam Haswing modelim.<\/h1>\n","protected":false},"excerpt":{"rendered":"<p>HASWING \u0101tr\u0101s atbr\u012bvo\u0161anas kron\u0161teins\u00a0 ir der\u012bgs Cayman-B 55, Cayman-B 55 GPS motors un citam Haswing modelim.<\/p>\n","protected":false},"featured_media":22233,"comment_status":"open","ping_status":"closed","template":"","meta":[],"product_brand":[],"product_cat":[707,812,264],"product_tag":[],"class_list":{"0":"post-22232","1":"product","2":"type-product","3":"status-publish","4":"has-post-thumbnail","6":"product_cat-elektromotori","7":"product_cat-haswing","8":"product_cat-laivas-motora-aksesuari","10":"first","11":"instock","12":"taxable","13":"shipping-taxable","14":"purchasable","15":"product-type-simple"},"jetpack_sharing_enabled":true,"_links":{"self":[{"href":"https:\/\/shop.bushboats.com\/index.php\/wp-json\/wp\/v2\/product\/22232","targetHints":{"allow":["GET"]}}],"collection":[{"href":"https:\/\/shop.bushboats.com\/index.php\/wp-json\/wp\/v2\/product"}],"about":[{"href":"https:\/\/shop.bushboats.com\/index.php\/wp-json\/wp\/v2\/types\/product"}],"replies":[{"embeddable":true,"href":"https:\/\/shop.bushboats.com\/index.php\/wp-json\/wp\/v2\/comments?post=22232"}],"wp:featuredmedia":[{"embeddable":true,"href":"https:\/\/shop.bushboats.com\/index.php\/wp-json\/wp\/v2\/media\/22233"}],"wp:attachment":[{"href":"https:\/\/shop.bushboats.com\/index.php\/wp-json\/wp\/v2\/media?parent=22232"}],"wp:term":[{"taxonomy":"product_brand","embeddable":true,"href":"https:\/\/shop.bushboats.com\/index.php\/wp-json\/wp\/v2\/product_brand?post=22232"},{"taxonomy":"product_cat","embeddable":true,"href":"https:\/\/shop.bushboats.com\/index.php\/wp-json\/wp\/v2\/product_cat?post=22232"},{"taxonomy":"product_tag","embeddable":true,"href":"https:\/\/shop.bushboats.com\/index.php\/wp-json\/wp\/v2\/product_tag?post=22232"}],"curies":[{"name":"wp","href":"https:\/\/api.w.org\/{rel}","templated":true}]}}