{"id":22267,"date":"2024-11-26T00:39:39","date_gmt":"2024-11-25T22:39:39","guid":{"rendered":"https:\/\/shop.bushboats.com\/?post_type=product&#038;p=22267"},"modified":"2026-02-01T03:39:31","modified_gmt":"2026-02-01T01:39:31","slug":"eholots-praktik-8-multi-language","status":"publish","type":"product","link":"https:\/\/shop.bushboats.com\/index.php\/produkts\/eholots-praktik-8-multi-language\/","title":{"rendered":"Eholots PRAKTIK 8 Multi-Language"},"content":{"rendered":"<p>Praktik 8 ir\u00a0eholote\u00a0\u00a0ar jaunu darb\u012bbas principu. Kompaktais korpuss atsauc\u0101s uz iepriek\u0161\u0113jo mode\u013ciem, bet to programmat\u016bra ir b\u016bv\u0113ta no jauna, iedvesmojoties no visa iepriek\u0161\u0113jo gadu past\u0101vo\u0161\u0101s pieredzes.<\/p>\n<ul>\n<li>Divi stari (12\u00b0 un 35\u00b0) ar darba dzi\u013cumu 70 m. Jauns, iztur\u012bgs un kr\u0101sains displejs. Jauns, vair\u0101kfrekven\u010du dev\u0113js. Moderna programmat\u016bra un izv\u0113lne. Sp\u0113c\u012bgs, ieb\u016bv\u0113ts akumulators.<\/li>\n<li><\/li>\n<\/ul>\n<p>Izcila iz\u0161\u0137irtsp\u0113ja 320 x 240 px; kr\u0101sains IPS displeja displejs ar\u012b ar polariz\u0113jot\u0101m saulesbrill\u0113m; \u013coti iztur\u012bgs pret da\u017e\u0101diem vides apst\u0101k\u013ciem, tostarp ar\u012b -25\u00b0C.<\/p>\n<p>Litija-polim\u0113ras akumulators 2000mA\/h nodro\u0161ina iesp\u0113ju darboties da\u017e\u0101dos re\u017e\u012bmos no 12-20 stund\u0101m. Produkts ir test\u0113ts zem\u0101s temperat\u016br\u0101s, kur\u0101s tas ar maksim\u0101lu ekr\u0101na r\u0101d\u012bt\u0101ju atbalstu saglab\u0101 iztur\u012bbu 12 stundas pat pie -20\u00b0C. Akumulatoram ir \u0101tra uzl\u0101de, kas 10-15 min\u016bt\u0113s uzl\u0101d\u0113 akumulatoru l\u012bdz 3-4 stundu l\u012bmenim, bet 2 stundu laik\u0101 tiek nodro\u0161in\u0101ta piln\u012bga uzl\u0101de.<\/p>\n<p>Dev\u0113js izmanto 2 stari (12\u00b0 un 35\u00b0) un var p\u0113t\u012bt l\u012bdz 70 metriem dzi\u013cumam. T\u0101 korpuss nodro\u0161ina augstu piesardz\u012bbu, k\u0101 ar\u012b nav nepiecie\u0161amas baterijas. Tas darbojas 300-500 kHz frekvenc\u0113.<\/p>\n<p>Ease of navigation is unmatched. With only four buttons controlling all settings, operation is effortless and intuitive. Hotkeys let you access core functions without returning to the menu screen. Two display modes, automatic and manual, give you control. The Zoom feature is useful for depths over 5 meters. The revamped menu is both comfortable and convenient. The Pro mode and adjustable colours further personalise the experience. Choose between colour, black and white, or white and black palettes.<\/p>\n<p>Praktik 8M ir izstr\u0101d\u0101ts t\u0101, lai nodro\u0161in\u0101tu vienk\u0101r\u0161u USB vada atjaunin\u0101\u0161anu programmu uzlabo\u0161anai.<\/p>\n<p>Darba diapazons: 0.5 \u2013 70 m\u00b2 (no 12\u00b0 l\u012bdz 35\u00b0)<\/p>\n<p>Temperat\u016bra: -20\u00b0C \u2013 60\u00b0CH<\/p>\n<p>svars: 300 gIzm\u0113rs: 107 x 70 x 28 mm<\/p>\n<p>Displejs: Kr\u0101sains, ar\u012b saulesbrill\u0113s redzams<\/p>\n<p>Vads: 2 mLitija-polim\u0113ra akumulators: 2000 mA\/h<\/p>\n<p>Iepakojuma m\u0113r\u012bjumi: 150 x 150 x 65 mm<\/p>\n<p>Zoom: 1m \u2013 5m<\/p>\n","protected":false},"excerpt":{"rendered":"<p>Praktik 8 ir\u00a0eholote\u00a0\u00a0ar jaunu darb\u012bbas principu. Kompaktais korpuss atsauc\u0101s uz iepriek\u0161\u0113jo mode\u013ciem, bet to programmat\u016bra ir b\u016bv\u0113ta no jauna, iedvesmojoties no visa iepriek\u0161\u0113jo gadu past\u0101vo\u0161\u0101s pieredzes. Divi stari (12\u00b0 un 35\u00b0) ar darba dzi\u013cumu 70 m. Jauns, iztur\u012bgs un kr\u0101sains displejs. Jauns, vair\u0101kfrekven\u010du dev\u0113js. Moderna programmat\u016bra un izv\u0113lne. Sp\u0113c\u012bgs, ieb\u016bv\u0113ts akumulators. Izcila iz\u0161\u0137irtsp\u0113ja 320 x [&hellip;]<\/p>\n","protected":false},"featured_media":22285,"comment_status":"open","ping_status":"closed","template":"","meta":[],"product_brand":[],"product_cat":[815,818],"product_tag":[],"class_list":{"0":"post-22267","1":"product","2":"type-product","3":"status-publish","4":"has-post-thumbnail","6":"product_cat-eholotes-2","7":"product_cat-praktik-eholoti","9":"first","10":"outofstock","11":"taxable","12":"shipping-taxable","13":"purchasable","14":"product-type-simple"},"jetpack_sharing_enabled":true,"_links":{"self":[{"href":"https:\/\/shop.bushboats.com\/index.php\/wp-json\/wp\/v2\/product\/22267","targetHints":{"allow":["GET"]}}],"collection":[{"href":"https:\/\/shop.bushboats.com\/index.php\/wp-json\/wp\/v2\/product"}],"about":[{"href":"https:\/\/shop.bushboats.com\/index.php\/wp-json\/wp\/v2\/types\/product"}],"replies":[{"embeddable":true,"href":"https:\/\/shop.bushboats.com\/index.php\/wp-json\/wp\/v2\/comments?post=22267"}],"wp:featuredmedia":[{"embeddable":true,"href":"https:\/\/shop.bushboats.com\/index.php\/wp-json\/wp\/v2\/media\/22285"}],"wp:attachment":[{"href":"https:\/\/shop.bushboats.com\/index.php\/wp-json\/wp\/v2\/media?parent=22267"}],"wp:term":[{"taxonomy":"product_brand","embeddable":true,"href":"https:\/\/shop.bushboats.com\/index.php\/wp-json\/wp\/v2\/product_brand?post=22267"},{"taxonomy":"product_cat","embeddable":true,"href":"https:\/\/shop.bushboats.com\/index.php\/wp-json\/wp\/v2\/product_cat?post=22267"},{"taxonomy":"product_tag","embeddable":true,"href":"https:\/\/shop.bushboats.com\/index.php\/wp-json\/wp\/v2\/product_tag?post=22267"}],"curies":[{"name":"wp","href":"https:\/\/api.w.org\/{rel}","templated":true}]}}