{"id":22302,"date":"2024-11-26T00:54:16","date_gmt":"2024-11-25T22:54:16","guid":{"rendered":"https:\/\/shop.bushboats.com\/?post_type=product&#038;p=22302"},"modified":"2026-01-13T15:20:47","modified_gmt":"2026-01-13T13:20:47","slug":"eholots-praktik-8-pro-wi-fi-multi-language","status":"publish","type":"product","link":"https:\/\/shop.bushboats.com\/index.php\/produkts\/eholots-praktik-8-pro-wi-fi-multi-language\/","title":{"rendered":"Eholots PRAKTIK 8 Pro Wi-Fi Multi-Language"},"content":{"rendered":"<p><strong>Praktik 8 PRO Wi-Fi ir k\u0101rt\u0113jais tehnolo\u0123iskais solis uz priek\u0161u ziemas eholotu izstr\u0101d\u0113!<\/strong><\/p>\n<ul>\n<li>Wi-Fi savienojums ar viedt\u0101lruni\/plan\u0161etdatoru<\/li>\n<li>Iesp\u0113ja savienot ar mobilo lietotni &#8220;Mans Praktik&#8221; (Android un IOS oper\u0113t\u0101jsist\u0113m\u0101m)<\/li>\n<li>Iesp\u0113ja pievienot liel\u0101ku displeju. (plan\u0161ete, telefons u.c.)<\/li>\n<\/ul>\n<p>Tagad varat veidot dzi\u013cuma kartes, atz\u012bm\u0113t \u0101li\u0146\u0123us, dal\u012bties ar eholotes datiem, kart\u0113m un\u00a0 mar\u0137ieriem, tostarp ar pievienot\u0101m fotogr\u0101fij\u0101m un ekr\u0101n\u0161\u0101vi\u0146iem.<\/p>\n<p><strong>Lietotne &#8220;Mans Praktik&#8221; pied\u0101v\u0101:<\/strong><\/p>\n<ul>\n<li>Gatavus lietot\u0101ja profilus \u0101trai uzs\u0101k\u0161anai<\/li>\n<li>\u0112rtus r\u012bkus, kurus var piel\u0101got individu\u0101li<\/li>\n<li>Sk\u0101rienjut\u012bgu palielin\u0101\u0161anas funkciju<\/li>\n<li>Divas valodas (krievu un ang\u013cu)<\/li>\n<\/ul>\n<p>Ar vieglu pirkstu kust\u012bbu varat palielin\u0101t interes\u0113jo\u0161o sken\u0113\u0161anas apgabalu.<\/p>\n<p><strong>Datu p\u0101rl\u016bko\u0161anas un ierakst\u012b\u0161anas funkcija<\/strong><br \/>\nJa kaut kas ir palaists gar\u0101m, vai v\u0113laties v\u0113lreiz p\u0101rskat\u012bt objektus, varat pat\u012bt atpaka\u013c. Ierakst\u0101s p\u0113d\u0113j\u0101s 5 min\u016btes. Turkl\u0101t skat\u012b\u0161an\u0101s laik\u0101 varat pievienot mar\u0137ieri, kas par\u0101d\u012bsies kart\u0113.<\/p>\n<p><strong>Profesion\u0101la l\u012bme\u0146a kartogr\u0101fija<\/strong><br \/>\nKartogr\u0101fija jebkurai \u016bdenstilpnei \u2013 no d\u012b\u0137iem l\u012bdz \u016bdenskr\u0101tuv\u0113m, darbs ar liel\u0101m kart\u0113m, augsta precizit\u0101te dzi\u013cuma noteik\u0161an\u0101 (iesp\u0113ja redz\u0113t pat mikroreljefu), kar\u0161u iel\u0101de no \u0101r\u0113jiem avotiem, mar\u0137ieru pievieno\u0161ana sken\u0113jumam un kartei un daudz kas cits.<\/p>\n<p><strong>Ziemas kartogr\u0101fija<\/strong><br \/>\nDzi\u013cuma kar\u0161u veido\u0161ana ziem\u0101 bez nepiecie\u0161am\u012bbas urbt \u0101li\u0146\u0123us un nolaist sensoru \u016bden\u012b, lai uzzin\u0101tu dzi\u013cumu. Dzi\u013cumu varat redz\u0113t, vienk\u0101r\u0161i iesl\u0113dzot eholoti un piesl\u0113dzot mobilo lietotni ar \u016bdenstilpnes dzi\u013cuma karti.<\/p>\n<p>Lietotni &#8220;Mans Praktik&#8221; varat lejupiel\u0101d\u0113t Android un IOS lietot\u0146u veikalos.<\/p>\n<ul>\n<li><strong>Divu lietot\u0101ju savienojums ar ehaloti (izmantojot lietotni)<\/strong><br \/>\nEholotes vizualiz\u0101cijas iestat\u012bjumus var main\u012bt abi lietot\u0101ji. Iedom\u0101jieties \u2013 j\u016bs dodaties cop\u0113t kop\u0101 ar draugu un abi vienlaic\u012bgi nov\u0113rojat situ\u0101ciju uz \u016bdens katrs sav\u0101 viedt\u0101lrun\u012b vai plan\u0161etdator\u0101. Iespaidi un emocijas divk\u0101r\u0161ojas!<\/li>\n<li><strong>Darbojas l\u012bdz 30 stund\u0101m ar vienu uzl\u0101di<\/strong><br \/>\nIev\u0113rojami palielin\u0101ta akumulatora ietilp\u012bba.<\/li>\n<li><strong>Atsevi\u0161\u0137s magn\u0113tiskais uzl\u0101des ports<\/strong><br \/>\nNav nepiecie\u0161ams atvienot sensoru, lai uzl\u0101d\u0113tu eholoti.<\/li>\n<li><strong>Papla\u0161in\u0101ts kr\u0101sains IPS ekr\u0101ns ar 256 t\u016bksto\u0161iem kr\u0101su<\/strong><br \/>\nSpilgtas kr\u0101su paletes. Palielin\u0101ts ekr\u0101na platums, lai par\u0101d\u012btu eholotes datu v\u0113sturi.<\/li>\n<\/ul>\n<p>&nbsp;<\/p>\n<ul>\n<li><strong>Funkcija VARU<\/strong><br \/>\nUzlabo objektu redzam\u012bbu atkar\u012bb\u0101 no \u016bdens tilpnes dzi\u013cuma, \u013caujot ieg\u016bt skaidru att\u0113lu jebkur\u0101 dzi\u013cum\u0101, tostarp seklos \u016bde\u0146os.<\/li>\n<\/ul>\n","protected":false},"excerpt":{"rendered":"<p>Praktik 8 PRO Wi-Fi ir k\u0101rt\u0113jais tehnolo\u0123iskais solis uz priek\u0161u ziemas eholotu izstr\u0101d\u0113! Wi-Fi savienojums ar viedt\u0101lruni\/plan\u0161etdatoru Iesp\u0113ja savienot ar mobilo lietotni &#8220;Mans Praktik&#8221; (Android un IOS oper\u0113t\u0101jsist\u0113m\u0101m) Iesp\u0113ja pievienot liel\u0101ku displeju. (plan\u0161ete, telefons u.c.) Tagad varat veidot dzi\u013cuma kartes, atz\u012bm\u0113t \u0101li\u0146\u0123us, dal\u012bties ar eholotes datiem, kart\u0113m un\u00a0 mar\u0137ieriem, tostarp ar pievienot\u0101m fotogr\u0101fij\u0101m un ekr\u0101n\u0161\u0101vi\u0146iem. [&hellip;]<\/p>\n","protected":false},"featured_media":22303,"comment_status":"open","ping_status":"closed","template":"","meta":[],"product_brand":[],"product_cat":[815,818],"product_tag":[],"class_list":{"0":"post-22302","1":"product","2":"type-product","3":"status-publish","4":"has-post-thumbnail","6":"product_cat-eholotes-2","7":"product_cat-praktik-eholoti","9":"first","10":"outofstock","11":"taxable","12":"shipping-taxable","13":"purchasable","14":"product-type-simple"},"jetpack_sharing_enabled":true,"_links":{"self":[{"href":"https:\/\/shop.bushboats.com\/index.php\/wp-json\/wp\/v2\/product\/22302","targetHints":{"allow":["GET"]}}],"collection":[{"href":"https:\/\/shop.bushboats.com\/index.php\/wp-json\/wp\/v2\/product"}],"about":[{"href":"https:\/\/shop.bushboats.com\/index.php\/wp-json\/wp\/v2\/types\/product"}],"replies":[{"embeddable":true,"href":"https:\/\/shop.bushboats.com\/index.php\/wp-json\/wp\/v2\/comments?post=22302"}],"wp:featuredmedia":[{"embeddable":true,"href":"https:\/\/shop.bushboats.com\/index.php\/wp-json\/wp\/v2\/media\/22303"}],"wp:attachment":[{"href":"https:\/\/shop.bushboats.com\/index.php\/wp-json\/wp\/v2\/media?parent=22302"}],"wp:term":[{"taxonomy":"product_brand","embeddable":true,"href":"https:\/\/shop.bushboats.com\/index.php\/wp-json\/wp\/v2\/product_brand?post=22302"},{"taxonomy":"product_cat","embeddable":true,"href":"https:\/\/shop.bushboats.com\/index.php\/wp-json\/wp\/v2\/product_cat?post=22302"},{"taxonomy":"product_tag","embeddable":true,"href":"https:\/\/shop.bushboats.com\/index.php\/wp-json\/wp\/v2\/product_tag?post=22302"}],"curies":[{"name":"wp","href":"https:\/\/api.w.org\/{rel}","templated":true}]}}