{"id":22344,"date":"2024-11-26T11:40:17","date_gmt":"2024-11-26T09:40:17","guid":{"rendered":"https:\/\/shop.bushboats.com\/?post_type=product&#038;p=22344"},"modified":"2026-02-16T10:32:15","modified_gmt":"2026-02-16T08:32:15","slug":"ledus-urbja-sneks-tonar-iceberg-cw-combo-base-110mm","status":"publish","type":"product","link":"https:\/\/shop.bushboats.com\/index.php\/produkts\/ledus-urbja-sneks-tonar-iceberg-cw-combo-base-110mm\/","title":{"rendered":"Ledus urbja \u0161neks &#8220;Tonar&#8221; ICEBERG CW Combo Base 110mm"},"content":{"rendered":"<p>Ledus urbja \u0161neks &#8220;Tonar&#8221; ICEBERG CW Combo Base 110mm<\/p>\n<p>Rot\u0101cija pulkste\u0146r\u0101d\u012bt\u0101ja virzien\u0101<\/p>\n<p>\u00d8110mm &#8211; Maksim\u0101lais ledus biezums: 1,0 m. Svars &#8211; 2,3 kg.<\/p>\n<p>Ledus urbjma\u0161\u012bnas komplekt\u0101 ietilpst asme\u0146u komplekts un asme\u0146u futr\u0101lis.<\/p>\n<p>Ledumam, kas biez\u0101ks par 1m, var likt glieme\u017ea pagarin\u0101jumu, kas palielina urb\u0161anas dzi\u013cumu par 40cm.<\/p>\n<p>COMBO &#8211; apr\u012bkots ar skr\u016bvgrie\u017ea adapteru.<\/p>\n","protected":false},"excerpt":{"rendered":"<p>Ledus urbja \u0161neks &#8220;Tonar&#8221; ICEBERG CW Combo Base 110mm Rot\u0101cija pulkste\u0146r\u0101d\u012bt\u0101ja virzien\u0101 \u00d8110mm &#8211; Maksim\u0101lais ledus biezums: 1,0 m. Svars &#8211; 2,3 kg. Ledus urbjma\u0161\u012bnas komplekt\u0101 ietilpst asme\u0146u komplekts un asme\u0146u futr\u0101lis. Ledumam, kas biez\u0101ks par 1m, var likt glieme\u017ea pagarin\u0101jumu, kas palielina urb\u0161anas dzi\u013cumu par 40cm. COMBO &#8211; apr\u012bkots ar skr\u016bvgrie\u017ea adapteru.<\/p>\n","protected":false},"featured_media":22345,"comment_status":"open","ping_status":"closed","template":"","meta":[],"product_brand":[],"product_cat":[825,821],"product_tag":[],"class_list":{"0":"post-22344","1":"product","2":"type-product","3":"status-publish","4":"has-post-thumbnail","6":"product_cat-ledus-urbji","7":"product_cat-ziemas-inventars","9":"first","10":"outofstock","11":"taxable","12":"shipping-taxable","13":"purchasable","14":"product-type-simple"},"jetpack_sharing_enabled":true,"_links":{"self":[{"href":"https:\/\/shop.bushboats.com\/index.php\/wp-json\/wp\/v2\/product\/22344","targetHints":{"allow":["GET"]}}],"collection":[{"href":"https:\/\/shop.bushboats.com\/index.php\/wp-json\/wp\/v2\/product"}],"about":[{"href":"https:\/\/shop.bushboats.com\/index.php\/wp-json\/wp\/v2\/types\/product"}],"replies":[{"embeddable":true,"href":"https:\/\/shop.bushboats.com\/index.php\/wp-json\/wp\/v2\/comments?post=22344"}],"wp:featuredmedia":[{"embeddable":true,"href":"https:\/\/shop.bushboats.com\/index.php\/wp-json\/wp\/v2\/media\/22345"}],"wp:attachment":[{"href":"https:\/\/shop.bushboats.com\/index.php\/wp-json\/wp\/v2\/media?parent=22344"}],"wp:term":[{"taxonomy":"product_brand","embeddable":true,"href":"https:\/\/shop.bushboats.com\/index.php\/wp-json\/wp\/v2\/product_brand?post=22344"},{"taxonomy":"product_cat","embeddable":true,"href":"https:\/\/shop.bushboats.com\/index.php\/wp-json\/wp\/v2\/product_cat?post=22344"},{"taxonomy":"product_tag","embeddable":true,"href":"https:\/\/shop.bushboats.com\/index.php\/wp-json\/wp\/v2\/product_tag?post=22344"}],"curies":[{"name":"wp","href":"https:\/\/api.w.org\/{rel}","templated":true}]}}