{"id":22388,"date":"2024-11-26T18:47:40","date_gmt":"2024-11-26T16:47:40","guid":{"rendered":"https:\/\/shop.bushboats.com\/?post_type=product&#038;p=22388"},"modified":"2026-03-18T12:11:11","modified_gmt":"2026-03-18T10:11:11","slug":"ledus-urbis-tonar-altay-110mm","status":"publish","type":"product","link":"https:\/\/shop.bushboats.com\/index.php\/produkts\/ledus-urbis-tonar-altay-110mm\/","title":{"rendered":"Ledus Urbis TONAR Altay 110mm"},"content":{"rendered":"<p>Pamata un vien\u012bg\u0101 at\u0161\u0137ir\u012bba starp divu apstr\u0101d\u0101tu ledus glieme\u017etransportieri no klasisk\u0101 ir t\u0101, ka divu apstr\u0101d\u0101tu ledus glieme\u017etransportiera aug\u0161\u0113jais rokturis tiek p\u0101rvietots no ledus glieme\u017ea ass 130 mm, apak\u0161\u0113jais &#8211; 150 mm. \u0160\u0101ds rokturu st\u0101voklis \u013cauj pagriezt ledus glieme\u017etransportieri vienlaic\u012bgi ar ab\u0101m rok\u0101m, t\u0101d\u0113j\u0101di palielinot caurumu urb\u0161anas \u0101trumu led\u016b. Turkl\u0101t ledus glieme\u017etransportiera izm\u0113rs saloc\u012bt\u0101 st\u0101vokl\u012b ir b\u016btiski samazin\u0101ts. Vis\u0101s cit\u0101s \u012bpa\u0161\u012bb\u0101s divi apstr\u0101d\u0101tie ledus glieme\u017ei ir identiski klasiskajiem mode\u013ciem. Liels urb\u0161anas \u0101trums, minim\u0101lie centieni kombin\u0101cij\u0101 ar iev\u0113rojamu uzticam\u012bbu un iztur\u012bbu noteica desmitiem un simtiem zvejnieku izv\u0113li Krievij\u0101 un \u0101rzem\u0113s par labu &#8220;Barnaulas&#8221; ledus glieme\u017eiem.<\/p>\n<p>\u00d8110mm &#8211; Maksim\u0101lais ledus biezums: 1.0 m, Svars \u2013 2.3 kg.<\/p>\n","protected":false},"excerpt":{"rendered":"<p>Pamata un vien\u012bg\u0101 at\u0161\u0137ir\u012bba starp divu apstr\u0101d\u0101tu ledus glieme\u017etransportieri no klasisk\u0101 ir t\u0101, ka divu apstr\u0101d\u0101tu ledus glieme\u017etransportiera aug\u0161\u0113jais rokturis tiek p\u0101rvietots no ledus glieme\u017ea ass 130 mm, apak\u0161\u0113jais &#8211; 150 mm. \u0160\u0101ds rokturu st\u0101voklis \u013cauj pagriezt ledus glieme\u017etransportieri vienlaic\u012bgi ar ab\u0101m rok\u0101m, t\u0101d\u0113j\u0101di palielinot caurumu urb\u0161anas \u0101trumu led\u016b. Turkl\u0101t ledus glieme\u017etransportiera izm\u0113rs saloc\u012bt\u0101 st\u0101vokl\u012b [&hellip;]<\/p>\n","protected":false},"featured_media":22389,"comment_status":"open","ping_status":"closed","template":"","meta":[],"product_brand":[],"product_cat":[825,821],"product_tag":[],"class_list":{"0":"post-22388","1":"product","2":"type-product","3":"status-publish","4":"has-post-thumbnail","6":"product_cat-ledus-urbji","7":"product_cat-ziemas-inventars","9":"first","10":"instock","11":"taxable","12":"shipping-taxable","13":"purchasable","14":"product-type-simple"},"jetpack_sharing_enabled":true,"_links":{"self":[{"href":"https:\/\/shop.bushboats.com\/index.php\/wp-json\/wp\/v2\/product\/22388","targetHints":{"allow":["GET"]}}],"collection":[{"href":"https:\/\/shop.bushboats.com\/index.php\/wp-json\/wp\/v2\/product"}],"about":[{"href":"https:\/\/shop.bushboats.com\/index.php\/wp-json\/wp\/v2\/types\/product"}],"replies":[{"embeddable":true,"href":"https:\/\/shop.bushboats.com\/index.php\/wp-json\/wp\/v2\/comments?post=22388"}],"wp:featuredmedia":[{"embeddable":true,"href":"https:\/\/shop.bushboats.com\/index.php\/wp-json\/wp\/v2\/media\/22389"}],"wp:attachment":[{"href":"https:\/\/shop.bushboats.com\/index.php\/wp-json\/wp\/v2\/media?parent=22388"}],"wp:term":[{"taxonomy":"product_brand","embeddable":true,"href":"https:\/\/shop.bushboats.com\/index.php\/wp-json\/wp\/v2\/product_brand?post=22388"},{"taxonomy":"product_cat","embeddable":true,"href":"https:\/\/shop.bushboats.com\/index.php\/wp-json\/wp\/v2\/product_cat?post=22388"},{"taxonomy":"product_tag","embeddable":true,"href":"https:\/\/shop.bushboats.com\/index.php\/wp-json\/wp\/v2\/product_tag?post=22388"}],"curies":[{"name":"wp","href":"https:\/\/api.w.org\/{rel}","templated":true}]}}