{"id":22405,"date":"2024-11-26T19:10:10","date_gmt":"2024-11-26T17:10:10","guid":{"rendered":"https:\/\/shop.bushboats.com\/?post_type=product&#038;p=22405"},"modified":"2026-02-09T08:11:37","modified_gmt":"2026-02-09T06:11:37","slug":"ledus-urbis-ar-adapteri-tonar-buran-200mm-ar-rezerves-rokturi","status":"publish","type":"product","link":"https:\/\/shop.bushboats.com\/index.php\/produkts\/ledus-urbis-ar-adapteri-tonar-buran-200mm-ar-rezerves-rokturi\/","title":{"rendered":"Ledus Urbis ar Adapteri TONAR Buran 200mm (ar rezerves rokturi)"},"content":{"rendered":"<div class=\"-head\">Preces apraksts:<\/div>\n<div class=\"-body\">Jauns ledus urbja modelis, ko izmanto daudzi sportisti. Ledus glieme\u017ea aug\u0161\u0113jais rokturis ir nob\u012bd\u012bts no ledus urbja ass par 125 mm, apak\u0161\u0113jais rokturis ir nob\u012bd\u012bts par 155 mm. \u0160\u0101ds rokturu novietojums \u013cauj griezt ledus sv\u0101rpstu ar div\u0101m rok\u0101m vienlaic\u012bgi; t\u0101d\u0113j\u0101di palielin\u0101s urbumu urb\u0161anas \u0101trums led\u016b. \u201cBURAN\u201d galven\u0101s iez\u012bmes ir jauns patent\u0113ts roktura loc\u012b\u0161anas meh\u0101nisms: \u0101trs, dro\u0161s, iztur\u012bgs un piln\u012bgi bez atstarpes. Teleskopiskais pagarin\u0101t\u0101js \u013cauj soli pa solim palielin\u0101t urb\u0161anas dzi\u013cumu l\u012bdz 1,5 m. Pagarin\u0101t\u0101js ir p\u0101rkl\u0101ts ar polim\u0113ru pulverkr\u0101su. Ergonomiski rokturi: stingrs karkass izgatavots no plastmasas un p\u0101rkl\u0101ts ar m\u012bkstu plastmasu, kas ir pat\u012bkami pieskarties pat skarb\u0101 aukstum\u0101. Att\u0101lums starp bez\u0161uvju spir\u0101lveida pagriezieniem ir palielin\u0101ts par 10%. Tas \u0101tr\u0101k att\u012bra urbumu no ledus, samazina p\u016bles urbt caurumus un ar\u012b nov\u0113r\u0161 spir\u0101les iespr\u016b\u0161anu. Rot\u0101cija pulkste\u0146r\u0101d\u012bt\u0101ja virzien\u0101 \u00d8130mm &#8211; Maksim\u0101lais ledus biezums: 1,5 m, Svars \u2013 3,4 kg. \u00d8150mm &#8211; Maksim\u0101lais ledus biezums: 1,5 m, Svars \u2013 3,7 kg. \u00d8200mm &#8211; Maksim\u0101lais ledus biezums: 1,5 m, Svars \u2013 4,6 kg. COMBO &#8211; apr\u012bkots ar skr\u016bvgrie\u017ea adapteri un gumijas \u0101muru ledus t\u012br\u012b\u0161anai p\u0113c mak\u0161\u0137er\u0113\u0161anas un rezerves rokturi<\/div>\n<div>\n<p>\u00d8200mm &#8211; Maksim\u0101lais ledus biezums: 1,5 m, Svars \u2013 4,6 kg.<\/p>\n<p>COMBO &#8211; apr\u012bkots ar skr\u016bvgrie\u017ea adapteri un gumijas \u0101muru ledus t\u012br\u012b\u0161anai p\u0113c mak\u0161\u0137er\u0113\u0161anas un rezerves rokturis<\/p>\n<\/div>\n","protected":false},"excerpt":{"rendered":"<p>Preces apraksts: Jauns ledus urbja modelis, ko izmanto daudzi sportisti. Ledus glieme\u017ea aug\u0161\u0113jais rokturis ir nob\u012bd\u012bts no ledus urbja ass par 125 mm, apak\u0161\u0113jais rokturis ir nob\u012bd\u012bts par 155 mm. \u0160\u0101ds rokturu novietojums \u013cauj griezt ledus sv\u0101rpstu ar div\u0101m rok\u0101m vienlaic\u012bgi; t\u0101d\u0113j\u0101di palielin\u0101s urbumu urb\u0161anas \u0101trums led\u016b. \u201cBURAN\u201d galven\u0101s iez\u012bmes ir jauns patent\u0113ts roktura loc\u012b\u0161anas [&hellip;]<\/p>\n","protected":false},"featured_media":22409,"comment_status":"open","ping_status":"closed","template":"","meta":[],"product_brand":[],"product_cat":[825,821],"product_tag":[],"class_list":{"0":"post-22405","1":"product","2":"type-product","3":"status-publish","4":"has-post-thumbnail","6":"product_cat-ledus-urbji","7":"product_cat-ziemas-inventars","9":"first","10":"outofstock","11":"taxable","12":"shipping-taxable","13":"purchasable","14":"product-type-simple"},"jetpack_sharing_enabled":true,"_links":{"self":[{"href":"https:\/\/shop.bushboats.com\/index.php\/wp-json\/wp\/v2\/product\/22405","targetHints":{"allow":["GET"]}}],"collection":[{"href":"https:\/\/shop.bushboats.com\/index.php\/wp-json\/wp\/v2\/product"}],"about":[{"href":"https:\/\/shop.bushboats.com\/index.php\/wp-json\/wp\/v2\/types\/product"}],"replies":[{"embeddable":true,"href":"https:\/\/shop.bushboats.com\/index.php\/wp-json\/wp\/v2\/comments?post=22405"}],"wp:featuredmedia":[{"embeddable":true,"href":"https:\/\/shop.bushboats.com\/index.php\/wp-json\/wp\/v2\/media\/22409"}],"wp:attachment":[{"href":"https:\/\/shop.bushboats.com\/index.php\/wp-json\/wp\/v2\/media?parent=22405"}],"wp:term":[{"taxonomy":"product_brand","embeddable":true,"href":"https:\/\/shop.bushboats.com\/index.php\/wp-json\/wp\/v2\/product_brand?post=22405"},{"taxonomy":"product_cat","embeddable":true,"href":"https:\/\/shop.bushboats.com\/index.php\/wp-json\/wp\/v2\/product_cat?post=22405"},{"taxonomy":"product_tag","embeddable":true,"href":"https:\/\/shop.bushboats.com\/index.php\/wp-json\/wp\/v2\/product_tag?post=22405"}],"curies":[{"name":"wp","href":"https:\/\/api.w.org\/{rel}","templated":true}]}}