{"id":22483,"date":"2024-11-26T20:34:41","date_gmt":"2024-11-26T18:34:41","guid":{"rendered":"https:\/\/shop.bushboats.com\/?post_type=product&#038;p=22483"},"modified":"2025-03-01T23:00:42","modified_gmt":"2025-03-01T21:00:42","slug":"ziemas-ragavas-sniega-motociklam-kvadrociklam-asseri-ice-150x66x26cm","status":"publish","type":"product","link":"https:\/\/shop.bushboats.com\/index.php\/produkts\/ziemas-ragavas-sniega-motociklam-kvadrociklam-asseri-ice-150x66x26cm\/","title":{"rendered":"Ziemas ragavas sniega motociklam\/kvadrociklam ASSERI ICE 150x66x26cm"},"content":{"rendered":"<p>Izgatavots no HD polietil\u0113na plastmasas, t\u0101p\u0113c sp\u0113c\u012bg\u0101 konstrukcija iztur triecienus un laika apst\u0101k\u013cus, piem\u0113ram, stipru salu<br \/>\nViegls un stabils vilk\u0161anai<br \/>\nNodal\u012bjuma aizsargp\u0101rsegu var ieg\u0101d\u0101ties atsevi\u0161\u0137i<br \/>\nIzm\u0113ri: 230x80x35 cm<br \/>\nMateri\u0101ls: HDPE<br \/>\nSvars: 12\u00a0kg<\/p>\n","protected":false},"excerpt":{"rendered":"<p>Izgatavots no HD polietil\u0113na plastmasas, t\u0101p\u0113c sp\u0113c\u012bg\u0101 konstrukcija iztur triecienus un laika apst\u0101k\u013cus, piem\u0113ram, stipru salu Viegls un stabils vilk\u0161anai Nodal\u012bjuma aizsargp\u0101rsegu var ieg\u0101d\u0101ties atsevi\u0161\u0137i Izm\u0113ri: 230x80x35 cm Materi\u0101ls: HDPE Svars: 12\u00a0kg<\/p>\n","protected":false},"featured_media":22484,"comment_status":"open","ping_status":"closed","template":"","meta":[],"product_brand":[],"product_cat":[821,832],"product_tag":[],"class_list":{"0":"post-22483","1":"product","2":"type-product","3":"status-publish","4":"has-post-thumbnail","6":"product_cat-ziemas-inventars","7":"product_cat-ziemas-kastes-somas-telti-un-ragavas","9":"first","10":"instock","11":"taxable","12":"shipping-taxable","13":"purchasable","14":"product-type-simple"},"jetpack_sharing_enabled":true,"_links":{"self":[{"href":"https:\/\/shop.bushboats.com\/index.php\/wp-json\/wp\/v2\/product\/22483","targetHints":{"allow":["GET"]}}],"collection":[{"href":"https:\/\/shop.bushboats.com\/index.php\/wp-json\/wp\/v2\/product"}],"about":[{"href":"https:\/\/shop.bushboats.com\/index.php\/wp-json\/wp\/v2\/types\/product"}],"replies":[{"embeddable":true,"href":"https:\/\/shop.bushboats.com\/index.php\/wp-json\/wp\/v2\/comments?post=22483"}],"wp:featuredmedia":[{"embeddable":true,"href":"https:\/\/shop.bushboats.com\/index.php\/wp-json\/wp\/v2\/media\/22484"}],"wp:attachment":[{"href":"https:\/\/shop.bushboats.com\/index.php\/wp-json\/wp\/v2\/media?parent=22483"}],"wp:term":[{"taxonomy":"product_brand","embeddable":true,"href":"https:\/\/shop.bushboats.com\/index.php\/wp-json\/wp\/v2\/product_brand?post=22483"},{"taxonomy":"product_cat","embeddable":true,"href":"https:\/\/shop.bushboats.com\/index.php\/wp-json\/wp\/v2\/product_cat?post=22483"},{"taxonomy":"product_tag","embeddable":true,"href":"https:\/\/shop.bushboats.com\/index.php\/wp-json\/wp\/v2\/product_tag?post=22483"}],"curies":[{"name":"wp","href":"https:\/\/api.w.org\/{rel}","templated":true}]}}