{"id":22490,"date":"2024-11-26T20:44:40","date_gmt":"2024-11-26T18:44:40","guid":{"rendered":"https:\/\/shop.bushboats.com\/?post_type=product&#038;p=22490"},"modified":"2026-03-04T09:41:55","modified_gmt":"2026-03-04T07:41:55","slug":"ziemas-ragavas-sniega-motociklam-kvadrociklam-asseri-ice-230x80x26-cm","status":"publish","type":"product","link":"https:\/\/shop.bushboats.com\/index.php\/produkts\/ziemas-ragavas-sniega-motociklam-kvadrociklam-asseri-ice-230x80x26-cm\/","title":{"rendered":"Ziemas ragavas sniega motociklam\/kvadrociklam ASSERI ICE 230x80x26 cm"},"content":{"rendered":"<p>Izgatavots no HD polietil\u0113na plastmasas, t\u0101p\u0113c sp\u0113c\u012bg\u0101 konstrukcija iztur triecienus un laika apst\u0101k\u013cus, piem\u0113ram, stipru salu<br \/>\nViegls un stabils vilk\u0161anai<br \/>\nNodal\u012bjuma aizsargp\u0101rsegu var ieg\u0101d\u0101ties atsevi\u0161\u0137i<br \/>\nIzm\u0113ri: 230x80x35 cm<br \/>\nMateri\u0101ls: HDPE<br \/>\nSvars: 21 kg<\/p>\n","protected":false},"excerpt":{"rendered":"<p>Izgatavots no HD polietil\u0113na plastmasas, t\u0101p\u0113c sp\u0113c\u012bg\u0101 konstrukcija iztur triecienus un laika apst\u0101k\u013cus, piem\u0113ram, stipru salu Viegls un stabils vilk\u0161anai Nodal\u012bjuma aizsargp\u0101rsegu var ieg\u0101d\u0101ties atsevi\u0161\u0137i Izm\u0113ri: 230x80x35 cm Materi\u0101ls: HDPE Svars: 21 kg<\/p>\n","protected":false},"featured_media":22491,"comment_status":"open","ping_status":"closed","template":"","meta":[],"product_brand":[],"product_cat":[821,832],"product_tag":[],"class_list":{"0":"post-22490","1":"product","2":"type-product","3":"status-publish","4":"has-post-thumbnail","6":"product_cat-ziemas-inventars","7":"product_cat-ziemas-kastes-somas-telti-un-ragavas","9":"first","10":"instock","11":"taxable","12":"shipping-taxable","13":"purchasable","14":"product-type-simple"},"jetpack_sharing_enabled":true,"_links":{"self":[{"href":"https:\/\/shop.bushboats.com\/index.php\/wp-json\/wp\/v2\/product\/22490","targetHints":{"allow":["GET"]}}],"collection":[{"href":"https:\/\/shop.bushboats.com\/index.php\/wp-json\/wp\/v2\/product"}],"about":[{"href":"https:\/\/shop.bushboats.com\/index.php\/wp-json\/wp\/v2\/types\/product"}],"replies":[{"embeddable":true,"href":"https:\/\/shop.bushboats.com\/index.php\/wp-json\/wp\/v2\/comments?post=22490"}],"wp:featuredmedia":[{"embeddable":true,"href":"https:\/\/shop.bushboats.com\/index.php\/wp-json\/wp\/v2\/media\/22491"}],"wp:attachment":[{"href":"https:\/\/shop.bushboats.com\/index.php\/wp-json\/wp\/v2\/media?parent=22490"}],"wp:term":[{"taxonomy":"product_brand","embeddable":true,"href":"https:\/\/shop.bushboats.com\/index.php\/wp-json\/wp\/v2\/product_brand?post=22490"},{"taxonomy":"product_cat","embeddable":true,"href":"https:\/\/shop.bushboats.com\/index.php\/wp-json\/wp\/v2\/product_cat?post=22490"},{"taxonomy":"product_tag","embeddable":true,"href":"https:\/\/shop.bushboats.com\/index.php\/wp-json\/wp\/v2\/product_tag?post=22490"}],"curies":[{"name":"wp","href":"https:\/\/api.w.org\/{rel}","templated":true}]}}