{"id":22524,"date":"2024-11-26T21:19:01","date_gmt":"2024-11-26T19:19:01","guid":{"rendered":"https:\/\/shop.bushboats.com\/?post_type=product&#038;p=22524"},"modified":"2024-11-26T21:19:02","modified_gmt":"2024-11-26T19:19:02","slug":"soma-ledus-urbim-tonar-iceberg-130mm","status":"publish","type":"product","link":"https:\/\/shop.bushboats.com\/index.php\/produkts\/soma-ledus-urbim-tonar-iceberg-130mm\/","title":{"rendered":"Soma ledus urbim TONAR ICEBERG 130mm"},"content":{"rendered":"<p>Glab\u0101\u0161anas futr\u0101lis ledus urbjiem ICEBERG un INDIGO. Aizsarg\u0101 sv\u0101rpstu un ap to eso\u0161o apr\u012bkojumu. Tas ir izgatavots no moderna augstas stipr\u012bbas materi\u0101la un drip-dry auduma (Oxford 600D). \u013boti \u0113rta, ir kabata ar r\u0101v\u0113jsl\u0113dz\u0113ju. Garums &#8211; 120 cm.<\/p>\n","protected":false},"excerpt":{"rendered":"<p>Glab\u0101\u0161anas futr\u0101lis ledus urbjiem ICEBERG un INDIGO. Aizsarg\u0101 sv\u0101rpstu un ap to eso\u0161o apr\u012bkojumu. Tas ir izgatavots no moderna augstas stipr\u012bbas materi\u0101la un drip-dry auduma (Oxford 600D). \u013boti \u0113rta, ir kabata ar r\u0101v\u0113jsl\u0113dz\u0113ju. Garums &#8211; 120 cm.<\/p>\n","protected":false},"featured_media":22525,"comment_status":"open","ping_status":"closed","template":"","meta":[],"product_brand":[],"product_cat":[821,832],"product_tag":[],"class_list":{"0":"post-22524","1":"product","2":"type-product","3":"status-publish","4":"has-post-thumbnail","6":"product_cat-ziemas-inventars","7":"product_cat-ziemas-kastes-somas-telti-un-ragavas","9":"first","10":"instock","11":"taxable","12":"shipping-taxable","13":"purchasable","14":"product-type-simple"},"jetpack_sharing_enabled":true,"_links":{"self":[{"href":"https:\/\/shop.bushboats.com\/index.php\/wp-json\/wp\/v2\/product\/22524","targetHints":{"allow":["GET"]}}],"collection":[{"href":"https:\/\/shop.bushboats.com\/index.php\/wp-json\/wp\/v2\/product"}],"about":[{"href":"https:\/\/shop.bushboats.com\/index.php\/wp-json\/wp\/v2\/types\/product"}],"replies":[{"embeddable":true,"href":"https:\/\/shop.bushboats.com\/index.php\/wp-json\/wp\/v2\/comments?post=22524"}],"wp:featuredmedia":[{"embeddable":true,"href":"https:\/\/shop.bushboats.com\/index.php\/wp-json\/wp\/v2\/media\/22525"}],"wp:attachment":[{"href":"https:\/\/shop.bushboats.com\/index.php\/wp-json\/wp\/v2\/media?parent=22524"}],"wp:term":[{"taxonomy":"product_brand","embeddable":true,"href":"https:\/\/shop.bushboats.com\/index.php\/wp-json\/wp\/v2\/product_brand?post=22524"},{"taxonomy":"product_cat","embeddable":true,"href":"https:\/\/shop.bushboats.com\/index.php\/wp-json\/wp\/v2\/product_cat?post=22524"},{"taxonomy":"product_tag","embeddable":true,"href":"https:\/\/shop.bushboats.com\/index.php\/wp-json\/wp\/v2\/product_tag?post=22524"}],"curies":[{"name":"wp","href":"https:\/\/api.w.org\/{rel}","templated":true}]}}