{"id":22530,"date":"2024-11-26T21:24:37","date_gmt":"2024-11-26T19:24:37","guid":{"rendered":"https:\/\/shop.bushboats.com\/?post_type=product&#038;p=22530"},"modified":"2024-11-26T21:24:37","modified_gmt":"2024-11-26T19:24:37","slug":"soma-ledus-urbim-tonar-tornado-100mm","status":"publish","type":"product","link":"https:\/\/shop.bushboats.com\/index.php\/produkts\/soma-ledus-urbim-tonar-tornado-100mm\/","title":{"rendered":"Soma ledus urbim TONAR TORNADO 100mm"},"content":{"rendered":"<p>\u013boti \u0113rts glab\u0101\u0161anas maci\u0146\u0161 ledus urbjiem TORNADO un BURAN, ar kabatu ar r\u0101v\u0113jsl\u0113dz\u0113ja aizdari.<\/p>\n","protected":false},"excerpt":{"rendered":"<p>\u013boti \u0113rts glab\u0101\u0161anas maci\u0146\u0161 ledus urbjiem TORNADO un BURAN, ar kabatu ar r\u0101v\u0113jsl\u0113dz\u0113ja aizdari.<\/p>\n","protected":false},"featured_media":22531,"comment_status":"open","ping_status":"closed","template":"","meta":[],"product_brand":[],"product_cat":[821,832],"product_tag":[],"class_list":{"0":"post-22530","1":"product","2":"type-product","3":"status-publish","4":"has-post-thumbnail","6":"product_cat-ziemas-inventars","7":"product_cat-ziemas-kastes-somas-telti-un-ragavas","9":"first","10":"instock","11":"taxable","12":"shipping-taxable","13":"purchasable","14":"product-type-simple"},"jetpack_sharing_enabled":true,"_links":{"self":[{"href":"https:\/\/shop.bushboats.com\/index.php\/wp-json\/wp\/v2\/product\/22530","targetHints":{"allow":["GET"]}}],"collection":[{"href":"https:\/\/shop.bushboats.com\/index.php\/wp-json\/wp\/v2\/product"}],"about":[{"href":"https:\/\/shop.bushboats.com\/index.php\/wp-json\/wp\/v2\/types\/product"}],"replies":[{"embeddable":true,"href":"https:\/\/shop.bushboats.com\/index.php\/wp-json\/wp\/v2\/comments?post=22530"}],"wp:featuredmedia":[{"embeddable":true,"href":"https:\/\/shop.bushboats.com\/index.php\/wp-json\/wp\/v2\/media\/22531"}],"wp:attachment":[{"href":"https:\/\/shop.bushboats.com\/index.php\/wp-json\/wp\/v2\/media?parent=22530"}],"wp:term":[{"taxonomy":"product_brand","embeddable":true,"href":"https:\/\/shop.bushboats.com\/index.php\/wp-json\/wp\/v2\/product_brand?post=22530"},{"taxonomy":"product_cat","embeddable":true,"href":"https:\/\/shop.bushboats.com\/index.php\/wp-json\/wp\/v2\/product_cat?post=22530"},{"taxonomy":"product_tag","embeddable":true,"href":"https:\/\/shop.bushboats.com\/index.php\/wp-json\/wp\/v2\/product_tag?post=22530"}],"curies":[{"name":"wp","href":"https:\/\/api.w.org\/{rel}","templated":true}]}}