{"id":22589,"date":"2024-12-04T21:16:28","date_gmt":"2024-12-04T19:16:28","guid":{"rendered":"https:\/\/shop.bushboats.com\/?post_type=product&#038;p=22589"},"modified":"2026-03-17T10:16:02","modified_gmt":"2026-03-17T08:16:02","slug":"laiva-lotta-315","status":"publish","type":"product","link":"https:\/\/shop.bushboats.com\/index.php\/produkts\/laiva-lotta-315\/","title":{"rendered":"Laiva LOTTA 315"},"content":{"rendered":"<h2>Apraksts<\/h2>\n<h1>Laiva LOTTA 315<\/h1>\n<p>Laiva LOTTA 315 \u2013 trimar\u0101ntipa laiva ar tr\u012bs \u0137\u012b\u013ciem, kas nodro\u0161ina stabilit\u0101ti un laivas taisnvirziena gaitu.<\/p>\n<p>Rekomend\u0113jamais airu garums: 210 cm<\/p>\n<p>LOTTA 315 tehniskie parametri:<\/p>\n<p>Garums: 315 cm<br \/>\nPlatums: 143 cm<br \/>\nBorta augstums: 0.45 m<br \/>\nSvars: 63 kg<br \/>\nCeltsp\u0113ja: 297 kg<br \/>\nVietu skaits: 3<br \/>\nDzin\u0113js: l\u012bdz 6 z\/s<\/p>\n<p>Laiva\u00a0 piem\u0113rota k\u0101 mak\u0161\u0137er\u0113\u0161anai t\u0101 ar\u012b atp\u016btas braucieniem ar elektromotoru vai benz\u012bna motoru l\u012bdz 6 z\/s jaudai.<\/p>\n<p>Ar 5 z\/s motoru laivas priek\u0161gals pace\u013cas un uzs\u0101k glis\u0113\u0161anu.<\/p>\n<p>Zem laivas izveidojas gaisa spilvens, kas \u013cauj tai strauji uz\u0146emt \u0101trumu un m\u012bkstina gaitu.<br \/>\nLaiva ir nenogremd\u0113jama. Priek\u0161\u0113j\u0101 un aizmugur\u0113j\u0101 s\u0113dekl\u012b ir dro\u0161\u012bbas pontoni.<\/p>\n","protected":false},"excerpt":{"rendered":"<p>Apraksts Laiva LOTTA 315 Laiva LOTTA 315 \u2013 trimar\u0101ntipa laiva ar tr\u012bs \u0137\u012b\u013ciem, kas nodro\u0161ina stabilit\u0101ti un laivas taisnvirziena gaitu. Rekomend\u0113jamais airu garums: 210 cm LOTTA 315 tehniskie parametri: Garums: 315 cm Platums: 143 cm Borta augstums: 0.45 m Svars: 63 kg Celtsp\u0113ja: 297 kg Vietu skaits: 3 Dzin\u0113js: l\u012bdz 6 z\/s Laiva\u00a0 piem\u0113rota k\u0101 [&hellip;]<\/p>\n","protected":false},"featured_media":22590,"comment_status":"open","ping_status":"closed","template":"","meta":[],"product_brand":[],"product_cat":[771,835],"product_tag":[],"class_list":{"0":"post-22589","1":"product","2":"type-product","3":"status-publish","4":"has-post-thumbnail","6":"product_cat-laivas","7":"product_cat-stiklaskiedras-laivas","9":"first","10":"instock","11":"taxable","12":"shipping-taxable","13":"purchasable","14":"product-type-simple"},"jetpack_sharing_enabled":true,"_links":{"self":[{"href":"https:\/\/shop.bushboats.com\/index.php\/wp-json\/wp\/v2\/product\/22589","targetHints":{"allow":["GET"]}}],"collection":[{"href":"https:\/\/shop.bushboats.com\/index.php\/wp-json\/wp\/v2\/product"}],"about":[{"href":"https:\/\/shop.bushboats.com\/index.php\/wp-json\/wp\/v2\/types\/product"}],"replies":[{"embeddable":true,"href":"https:\/\/shop.bushboats.com\/index.php\/wp-json\/wp\/v2\/comments?post=22589"}],"wp:featuredmedia":[{"embeddable":true,"href":"https:\/\/shop.bushboats.com\/index.php\/wp-json\/wp\/v2\/media\/22590"}],"wp:attachment":[{"href":"https:\/\/shop.bushboats.com\/index.php\/wp-json\/wp\/v2\/media?parent=22589"}],"wp:term":[{"taxonomy":"product_brand","embeddable":true,"href":"https:\/\/shop.bushboats.com\/index.php\/wp-json\/wp\/v2\/product_brand?post=22589"},{"taxonomy":"product_cat","embeddable":true,"href":"https:\/\/shop.bushboats.com\/index.php\/wp-json\/wp\/v2\/product_cat?post=22589"},{"taxonomy":"product_tag","embeddable":true,"href":"https:\/\/shop.bushboats.com\/index.php\/wp-json\/wp\/v2\/product_tag?post=22589"}],"curies":[{"name":"wp","href":"https:\/\/api.w.org\/{rel}","templated":true}]}}