{"id":22624,"date":"2024-12-04T21:41:19","date_gmt":"2024-12-04T19:41:19","guid":{"rendered":"https:\/\/shop.bushboats.com\/?post_type=product&#038;p=22624"},"modified":"2026-03-17T10:37:00","modified_gmt":"2026-03-17T08:37:00","slug":"laiva-lotta-360","status":"publish","type":"product","link":"https:\/\/shop.bushboats.com\/index.php\/produkts\/laiva-lotta-360\/","title":{"rendered":"Laiva LOTTA 360"},"content":{"rendered":"<h2>Apraksts<\/h2>\n<h1>Airu laiva LOTTA 360<\/h1>\n<p>Airu laiva LOTTA 360 ir stabila, vid\u0113ja lieluma un svara laiva, ko iesp\u0113jams p\u0101rvad\u0101t uz automa\u0161\u012bnas jumta vai ar piekabi.<\/p>\n<p>Rekomend\u0113jamais airu garums 225 cm<\/p>\n<p>Tehniskie parametri:<\/p>\n<p>Garums: 360 cm<br \/>\nPlatums: 155 cm<br \/>\nBorta augstums: 50 cm<\/p>\n<p>Svars: 70 kg<br \/>\nCeltsp\u0113ja: 400 kg<br \/>\nVietu skaits: 3<br \/>\nDzin\u0113js: l\u012bdz\u00a0 10 Zs<\/p>\n<p>Airu laiva LOTTA \u2013 vienk\u0101r\u0161i ekspluat\u0113jama, komfortabla, ar platiem, augstiem, \u0113rti izvietotiem s\u0113dek\u013ciem, stingriem bortiem un nedaudz paceltu priek\u0161galu, vid\u0113ja lieluma un vienkorpusa izpild\u012bjum\u0101 m\u0113rena svara laiva. To var novietot un p\u0101rvad\u0101t uz automa\u0161\u012bnas jumta vai ar piekabes pal\u012bdz\u012bbu. Izstr\u0101d\u0101tais dizains \u013cauj tai viegli p\u0101rvar\u0113t \u016bdens pretest\u012bbu, k\u0101 ar\u012b pasa\u017eieriem taj\u0101 br\u012bvi st\u0101v\u0113t k\u0101j\u0101s.<\/p>\n","protected":false},"excerpt":{"rendered":"<p>Apraksts Airu laiva LOTTA 360 Airu laiva LOTTA 360 ir stabila, vid\u0113ja lieluma un svara laiva, ko iesp\u0113jams p\u0101rvad\u0101t uz automa\u0161\u012bnas jumta vai ar piekabi. Rekomend\u0113jamais airu garums 225 cm Tehniskie parametri: Garums: 360 cm Platums: 155 cm Borta augstums: 50 cm Svars: 70 kg Celtsp\u0113ja: 400 kg Vietu skaits: 3 Dzin\u0113js: l\u012bdz\u00a0 10 Zs [&hellip;]<\/p>\n","protected":false},"featured_media":22628,"comment_status":"open","ping_status":"closed","template":"","meta":[],"product_brand":[],"product_cat":[771,835],"product_tag":[],"class_list":{"0":"post-22624","1":"product","2":"type-product","3":"status-publish","4":"has-post-thumbnail","6":"product_cat-laivas","7":"product_cat-stiklaskiedras-laivas","9":"first","10":"instock","11":"taxable","12":"shipping-taxable","13":"purchasable","14":"product-type-simple"},"jetpack_sharing_enabled":true,"_links":{"self":[{"href":"https:\/\/shop.bushboats.com\/index.php\/wp-json\/wp\/v2\/product\/22624","targetHints":{"allow":["GET"]}}],"collection":[{"href":"https:\/\/shop.bushboats.com\/index.php\/wp-json\/wp\/v2\/product"}],"about":[{"href":"https:\/\/shop.bushboats.com\/index.php\/wp-json\/wp\/v2\/types\/product"}],"replies":[{"embeddable":true,"href":"https:\/\/shop.bushboats.com\/index.php\/wp-json\/wp\/v2\/comments?post=22624"}],"wp:featuredmedia":[{"embeddable":true,"href":"https:\/\/shop.bushboats.com\/index.php\/wp-json\/wp\/v2\/media\/22628"}],"wp:attachment":[{"href":"https:\/\/shop.bushboats.com\/index.php\/wp-json\/wp\/v2\/media?parent=22624"}],"wp:term":[{"taxonomy":"product_brand","embeddable":true,"href":"https:\/\/shop.bushboats.com\/index.php\/wp-json\/wp\/v2\/product_brand?post=22624"},{"taxonomy":"product_cat","embeddable":true,"href":"https:\/\/shop.bushboats.com\/index.php\/wp-json\/wp\/v2\/product_cat?post=22624"},{"taxonomy":"product_tag","embeddable":true,"href":"https:\/\/shop.bushboats.com\/index.php\/wp-json\/wp\/v2\/product_tag?post=22624"}],"curies":[{"name":"wp","href":"https:\/\/api.w.org\/{rel}","templated":true}]}}