{"id":22689,"date":"2024-12-04T22:11:31","date_gmt":"2024-12-04T20:11:31","guid":{"rendered":"https:\/\/shop.bushboats.com\/?post_type=product&#038;p=22689"},"modified":"2026-03-17T11:06:54","modified_gmt":"2026-03-17T09:06:54","slug":"laiva-lotta-430-lux","status":"publish","type":"product","link":"https:\/\/shop.bushboats.com\/index.php\/produkts\/laiva-lotta-430-lux\/","title":{"rendered":"Laiva LOTTA 430 LUX"},"content":{"rendered":"<h1>Laiva LOTTA 430 LUX<\/h1>\n<p>Laiva LOTTA 430 LUX \u2013 trimar\u0101ntipa plakandibena airu laiva. Tr\u012bs \u0137\u012b\u013ci nodro\u0161ina stabilit\u0101ti un laivas taisnvirziena gaitu.<\/p>\n<p>Rekomend\u0113jamais airu garums 240 cm<\/p>\n<p>Tehniskie parametri:<\/p>\n<p>Garums: 430 cm<br \/>\nPlatums: 155 cm<br \/>\nBorta augstums:0. 52 m<br \/>\nSvars: 89 kg<br \/>\nCeltsp\u0113ja:450 kg<br \/>\nVietu skaits: 4<br \/>\nDzin\u0113js: l\u012bdz 15 z\/s<\/p>\n<p>Kategorija: C \u2013 j\u016bras piekrastes zvejas laiva<\/p>\n<p>430 LUX \u2013 trimar\u0101ntipa plakandibena airu laiva. Tr\u012bs \u0137\u012b\u013ci nodro\u0161ina stabilit\u0101ti un laivas taisnvirziena gaitu. \u0160\u012b ir plakandibena trimar\u0101na tipa laiva, kas savu popularit\u0101ti ieguvusi pateicoties teicam\u0101m gaitas \u012bpa\u0161\u012bb\u0101m un izmanto\u0161anas \u0113rtumam. Viegli iziet uz glis\u0113\u0161anas re\u017e\u012bmu. Plakanais laivas dibens nodro\u0161ina to ka \u0113rti st\u0101v\u0113t piln\u0101 augum\u0101 kas \u012bpa\u0161i svar\u012bgi piem\u0113ram spiningojot! \u0112rti izvietot laiv\u0101 eso\u0161os priek\u0161metus. \u201cLUX\u201d modelim aizmugur\u0113jais sols ir izveidots k\u0101 kaste mantu glab\u0101\u0161anai. Vid\u0113j\u0101 sol\u0101 iestr\u0101d\u0101ti k\u0101tu tur\u0113t\u0101ji. Laivas bortu no boj\u0101\u0161anas pasarg\u0101 speci\u0101la gumijas uzlika. Pasa\u017eieru \u0113rt\u012bbai bortos iestr\u0101d\u0101ti tur\u0113\u0161an\u0101s rokturi. Gaisa pontoni laivas konstrukcij\u0101 nodro\u0161ina papildus peldsp\u0113ju un kalpo dro\u0161\u012bbai!<\/p>\n","protected":false},"excerpt":{"rendered":"<p>Laiva LOTTA 430 LUX Laiva LOTTA 430 LUX \u2013 trimar\u0101ntipa plakandibena airu laiva. Tr\u012bs \u0137\u012b\u013ci nodro\u0161ina stabilit\u0101ti un laivas taisnvirziena gaitu. Rekomend\u0113jamais airu garums 240 cm Tehniskie parametri: Garums: 430 cm Platums: 155 cm Borta augstums:0. 52 m Svars: 89 kg Celtsp\u0113ja:450 kg Vietu skaits: 4 Dzin\u0113js: l\u012bdz 15 z\/s Kategorija: C \u2013 j\u016bras piekrastes [&hellip;]<\/p>\n","protected":false},"featured_media":22690,"comment_status":"open","ping_status":"closed","template":"","meta":[],"product_brand":[],"product_cat":[771,835],"product_tag":[],"class_list":{"0":"post-22689","1":"product","2":"type-product","3":"status-publish","4":"has-post-thumbnail","6":"product_cat-laivas","7":"product_cat-stiklaskiedras-laivas","9":"first","10":"instock","11":"taxable","12":"shipping-taxable","13":"purchasable","14":"product-type-simple"},"jetpack_sharing_enabled":true,"_links":{"self":[{"href":"https:\/\/shop.bushboats.com\/index.php\/wp-json\/wp\/v2\/product\/22689","targetHints":{"allow":["GET"]}}],"collection":[{"href":"https:\/\/shop.bushboats.com\/index.php\/wp-json\/wp\/v2\/product"}],"about":[{"href":"https:\/\/shop.bushboats.com\/index.php\/wp-json\/wp\/v2\/types\/product"}],"replies":[{"embeddable":true,"href":"https:\/\/shop.bushboats.com\/index.php\/wp-json\/wp\/v2\/comments?post=22689"}],"wp:featuredmedia":[{"embeddable":true,"href":"https:\/\/shop.bushboats.com\/index.php\/wp-json\/wp\/v2\/media\/22690"}],"wp:attachment":[{"href":"https:\/\/shop.bushboats.com\/index.php\/wp-json\/wp\/v2\/media?parent=22689"}],"wp:term":[{"taxonomy":"product_brand","embeddable":true,"href":"https:\/\/shop.bushboats.com\/index.php\/wp-json\/wp\/v2\/product_brand?post=22689"},{"taxonomy":"product_cat","embeddable":true,"href":"https:\/\/shop.bushboats.com\/index.php\/wp-json\/wp\/v2\/product_cat?post=22689"},{"taxonomy":"product_tag","embeddable":true,"href":"https:\/\/shop.bushboats.com\/index.php\/wp-json\/wp\/v2\/product_tag?post=22689"}],"curies":[{"name":"wp","href":"https:\/\/api.w.org\/{rel}","templated":true}]}}