{"id":22720,"date":"2024-12-04T22:45:24","date_gmt":"2024-12-04T20:45:24","guid":{"rendered":"https:\/\/shop.bushboats.com\/?post_type=product&#038;p=22720"},"modified":"2026-03-17T10:59:25","modified_gmt":"2026-03-17T08:59:25","slug":"boat-pella-mini-light","status":"publish","type":"product","link":"https:\/\/shop.bushboats.com\/index.php\/produkts\/boat-pella-mini-light\/","title":{"rendered":"Boat Pella Mini Light"},"content":{"rendered":"<h2>Apraksts<\/h2>\n<h1>Laiva Pella Mini Light<\/h1>\n<p>Klasiska laiva mak\u0161\u0137er\u0113\u0161anai un atp\u016btai brauk\u0161anai ar airiem un elektro motoru.<\/p>\n<p>Laiva konstru\u0113ta priv\u0101t\u0101m vajadz\u012bb\u0101m ar vienk\u0101r\u0161\u0101ku apr\u012bkojumu un ir viegl\u0101ka par klasisko Pella Mini.<\/p>\n<p>Gaisa pontoni nodro\u0161ina laivas peldsp\u0113ju un dro\u0161\u012bbu.<\/p>\n<p>Rekomend\u0113jamais airu garums 225 cm<\/p>\n<p>Laiva nav paredz\u0113ta nomas uz\u0146\u0113mumiem.<\/p>\n<p>Tehniskie parametri:<\/p>\n<p>Garums: 400 cm<br \/>\nPlatums:\u00a0 145 cm<br \/>\nBorta augstums: 50 cm<br \/>\nSvars: 60 kg<br \/>\nCeltsp\u0113ja: 290 kg<br \/>\nVietu skaits: 3<\/p>\n","protected":false},"excerpt":{"rendered":"<p>Apraksts Laiva Pella Mini Light Klasiska laiva mak\u0161\u0137er\u0113\u0161anai un atp\u016btai brauk\u0161anai ar airiem un elektro motoru. Laiva konstru\u0113ta priv\u0101t\u0101m vajadz\u012bb\u0101m ar vienk\u0101r\u0161\u0101ku apr\u012bkojumu un ir viegl\u0101ka par klasisko Pella Mini. Gaisa pontoni nodro\u0161ina laivas peldsp\u0113ju un dro\u0161\u012bbu. Rekomend\u0113jamais airu garums 225 cm Laiva nav paredz\u0113ta nomas uz\u0146\u0113mumiem. Tehniskie parametri: Garums: 400 cm Platums:\u00a0 145 cm [&hellip;]<\/p>\n","protected":false},"featured_media":22721,"comment_status":"open","ping_status":"closed","template":"","meta":[],"product_brand":[],"product_cat":[771,835],"product_tag":[],"class_list":{"0":"post-22720","1":"product","2":"type-product","3":"status-publish","4":"has-post-thumbnail","6":"product_cat-laivas","7":"product_cat-stiklaskiedras-laivas","9":"first","10":"instock","11":"taxable","12":"shipping-taxable","13":"purchasable","14":"product-type-simple"},"jetpack_sharing_enabled":true,"_links":{"self":[{"href":"https:\/\/shop.bushboats.com\/index.php\/wp-json\/wp\/v2\/product\/22720","targetHints":{"allow":["GET"]}}],"collection":[{"href":"https:\/\/shop.bushboats.com\/index.php\/wp-json\/wp\/v2\/product"}],"about":[{"href":"https:\/\/shop.bushboats.com\/index.php\/wp-json\/wp\/v2\/types\/product"}],"replies":[{"embeddable":true,"href":"https:\/\/shop.bushboats.com\/index.php\/wp-json\/wp\/v2\/comments?post=22720"}],"wp:featuredmedia":[{"embeddable":true,"href":"https:\/\/shop.bushboats.com\/index.php\/wp-json\/wp\/v2\/media\/22721"}],"wp:attachment":[{"href":"https:\/\/shop.bushboats.com\/index.php\/wp-json\/wp\/v2\/media?parent=22720"}],"wp:term":[{"taxonomy":"product_brand","embeddable":true,"href":"https:\/\/shop.bushboats.com\/index.php\/wp-json\/wp\/v2\/product_brand?post=22720"},{"taxonomy":"product_cat","embeddable":true,"href":"https:\/\/shop.bushboats.com\/index.php\/wp-json\/wp\/v2\/product_cat?post=22720"},{"taxonomy":"product_tag","embeddable":true,"href":"https:\/\/shop.bushboats.com\/index.php\/wp-json\/wp\/v2\/product_tag?post=22720"}],"curies":[{"name":"wp","href":"https:\/\/api.w.org\/{rel}","templated":true}]}}