{"id":22744,"date":"2024-12-04T22:57:45","date_gmt":"2024-12-04T20:57:45","guid":{"rendered":"https:\/\/shop.bushboats.com\/?post_type=product&#038;p=22744"},"modified":"2026-03-17T10:54:09","modified_gmt":"2026-03-17T08:54:09","slug":"laiva-pella-mini","status":"publish","type":"product","link":"https:\/\/shop.bushboats.com\/index.php\/produkts\/laiva-pella-mini\/","title":{"rendered":"Laiva PELLA MINI"},"content":{"rendered":"<p><strong>Laiva \u201cPella MINI\u201d<\/strong>\u00a0ir klasiska airu laiva mak\u0161\u0137er\u0113\u0161anai un atp\u016btas braucieniem. Vienk\u0101r\u0161a, iztur\u012bga un viegla! Air\u0113jam\u0101 sol\u0101 iestr\u0101d\u0101ta kaste mantu glab\u0101\u0161anai. Vienl\u012bdz laba izmantojot gan ar motoru gan airiem! Daudzu laivu nomu iecien\u012bts modelis. Gaisa pontoni laivas konstrukcij\u0101 nodro\u0161ina papildus peldsp\u0113ju un kalpo dro\u0161\u012bbai!<\/p>\n<ul>\n<li><strong>garums\u00a0<\/strong>\u2013 4,0 m<\/li>\n<li><strong>platums<\/strong>\u00a0\u2013 1,42 m<\/li>\n<li><strong>svars<\/strong> \u2013 75 kg<\/li>\n<li><strong>vietu skaits<\/strong>\u00a0\u2013 3<\/li>\n<li><strong>ieteicam\u0101 dzin\u0113ja jauda<\/strong> \u2013 l\u012bdz 2,5-5\u00a0 Zs<\/li>\n<li>ieteicamais airu izm\u0113rs &#8211; 225 cm<\/li>\n<\/ul>\n<p><strong>Standarta kr\u0101su salikumi kas nemaina laivas gala cenu:<\/strong><\/p>\n<ol>\n<li>Za\u013ca iek\u0161a un \u0101rpuse<\/li>\n<li>Tum\u0161i zila \u0101rpuse, gai\u0161i pel\u0113ka iek\u0161puse<\/li>\n<li>Pel\u0113ka \u0101rpuse, gai\u0161i pel\u0113ka iek\u0161puse<\/li>\n<\/ol>\n","protected":false},"excerpt":{"rendered":"<p>Laiva \u201cPella MINI\u201d\u00a0ir klasiska airu laiva mak\u0161\u0137er\u0113\u0161anai un atp\u016btas braucieniem. Vienk\u0101r\u0161a, iztur\u012bga un viegla! Air\u0113jam\u0101 sol\u0101 iestr\u0101d\u0101ta kaste mantu glab\u0101\u0161anai. Vienl\u012bdz laba izmantojot gan ar motoru gan airiem! Daudzu laivu nomu iecien\u012bts modelis. Gaisa pontoni laivas konstrukcij\u0101 nodro\u0161ina papildus peldsp\u0113ju un kalpo dro\u0161\u012bbai! garums\u00a0\u2013 4,0 m platums\u00a0\u2013 1,42 m svars \u2013 75 kg vietu skaits\u00a0\u2013 [&hellip;]<\/p>\n","protected":false},"featured_media":22746,"comment_status":"open","ping_status":"closed","template":"","meta":[],"product_brand":[],"product_cat":[771,835],"product_tag":[],"class_list":{"0":"post-22744","1":"product","2":"type-product","3":"status-publish","4":"has-post-thumbnail","6":"product_cat-laivas","7":"product_cat-stiklaskiedras-laivas","9":"first","10":"instock","11":"taxable","12":"shipping-taxable","13":"purchasable","14":"product-type-simple"},"jetpack_sharing_enabled":true,"_links":{"self":[{"href":"https:\/\/shop.bushboats.com\/index.php\/wp-json\/wp\/v2\/product\/22744","targetHints":{"allow":["GET"]}}],"collection":[{"href":"https:\/\/shop.bushboats.com\/index.php\/wp-json\/wp\/v2\/product"}],"about":[{"href":"https:\/\/shop.bushboats.com\/index.php\/wp-json\/wp\/v2\/types\/product"}],"replies":[{"embeddable":true,"href":"https:\/\/shop.bushboats.com\/index.php\/wp-json\/wp\/v2\/comments?post=22744"}],"wp:featuredmedia":[{"embeddable":true,"href":"https:\/\/shop.bushboats.com\/index.php\/wp-json\/wp\/v2\/media\/22746"}],"wp:attachment":[{"href":"https:\/\/shop.bushboats.com\/index.php\/wp-json\/wp\/v2\/media?parent=22744"}],"wp:term":[{"taxonomy":"product_brand","embeddable":true,"href":"https:\/\/shop.bushboats.com\/index.php\/wp-json\/wp\/v2\/product_brand?post=22744"},{"taxonomy":"product_cat","embeddable":true,"href":"https:\/\/shop.bushboats.com\/index.php\/wp-json\/wp\/v2\/product_cat?post=22744"},{"taxonomy":"product_tag","embeddable":true,"href":"https:\/\/shop.bushboats.com\/index.php\/wp-json\/wp\/v2\/product_tag?post=22744"}],"curies":[{"name":"wp","href":"https:\/\/api.w.org\/{rel}","templated":true}]}}