{"id":22774,"date":"2024-12-04T23:15:41","date_gmt":"2024-12-04T21:15:41","guid":{"rendered":"https:\/\/shop.bushboats.com\/?post_type=product&#038;p=22774"},"modified":"2026-03-17T10:52:15","modified_gmt":"2026-03-17T08:52:15","slug":"laiva-pella-nova","status":"publish","type":"product","link":"https:\/\/shop.bushboats.com\/index.php\/produkts\/laiva-pella-nova\/","title":{"rendered":"Laiva PELLA NOVA"},"content":{"rendered":"<h1>Laiva PELLA NOVA<\/h1>\n<p>Rekomend\u0113jamais airu garums 240 cm<\/p>\n<p>Tehniskie parametri:<\/p>\n<p>Garums: 440 cm<br \/>\nPlatums: 160 cm<br \/>\nBorta augstums: 52 cm<\/p>\n<p>Svars: 95 kg<\/p>\n<p>Celtsp\u0113ja: 400 kg<br \/>\nVietu skaits: 4<br \/>\nDzin\u0113js: 10 Zs<\/p>\n<p>Kategorija: C \u2013 j\u016bras piekrastes zvejas laiva<\/p>\n<p>laiva PELLA NOVA \u2013 klasisku laiva modern\u0101, m\u016bsdienu pras\u012bb\u0101m atbilsto\u0161\u0101 izpild\u012bjum\u0101. Vieta akumulatoram vai benz\u012bna kannai. Gaisa pontoni dro\u0161\u012bbai. Mantu kaste.\u00a0 \u016adens noteces kor\u0137is.<\/p>\n","protected":false},"excerpt":{"rendered":"<p>Laiva PELLA NOVA Rekomend\u0113jamais airu garums 240 cm Tehniskie parametri: Garums: 440 cm Platums: 160 cm Borta augstums: 52 cm Svars: 95 kg Celtsp\u0113ja: 400 kg Vietu skaits: 4 Dzin\u0113js: 10 Zs Kategorija: C \u2013 j\u016bras piekrastes zvejas laiva laiva PELLA NOVA \u2013 klasisku laiva modern\u0101, m\u016bsdienu pras\u012bb\u0101m atbilsto\u0161\u0101 izpild\u012bjum\u0101. Vieta akumulatoram vai benz\u012bna kannai. [&hellip;]<\/p>\n","protected":false},"featured_media":22775,"comment_status":"open","ping_status":"closed","template":"","meta":[],"product_brand":[],"product_cat":[771,835],"product_tag":[],"class_list":{"0":"post-22774","1":"product","2":"type-product","3":"status-publish","4":"has-post-thumbnail","6":"product_cat-laivas","7":"product_cat-stiklaskiedras-laivas","9":"first","10":"instock","11":"taxable","12":"shipping-taxable","13":"purchasable","14":"product-type-simple"},"jetpack_sharing_enabled":true,"_links":{"self":[{"href":"https:\/\/shop.bushboats.com\/index.php\/wp-json\/wp\/v2\/product\/22774","targetHints":{"allow":["GET"]}}],"collection":[{"href":"https:\/\/shop.bushboats.com\/index.php\/wp-json\/wp\/v2\/product"}],"about":[{"href":"https:\/\/shop.bushboats.com\/index.php\/wp-json\/wp\/v2\/types\/product"}],"replies":[{"embeddable":true,"href":"https:\/\/shop.bushboats.com\/index.php\/wp-json\/wp\/v2\/comments?post=22774"}],"wp:featuredmedia":[{"embeddable":true,"href":"https:\/\/shop.bushboats.com\/index.php\/wp-json\/wp\/v2\/media\/22775"}],"wp:attachment":[{"href":"https:\/\/shop.bushboats.com\/index.php\/wp-json\/wp\/v2\/media?parent=22774"}],"wp:term":[{"taxonomy":"product_brand","embeddable":true,"href":"https:\/\/shop.bushboats.com\/index.php\/wp-json\/wp\/v2\/product_brand?post=22774"},{"taxonomy":"product_cat","embeddable":true,"href":"https:\/\/shop.bushboats.com\/index.php\/wp-json\/wp\/v2\/product_cat?post=22774"},{"taxonomy":"product_tag","embeddable":true,"href":"https:\/\/shop.bushboats.com\/index.php\/wp-json\/wp\/v2\/product_tag?post=22774"}],"curies":[{"name":"wp","href":"https:\/\/api.w.org\/{rel}","templated":true}]}}