{"id":22849,"date":"2024-12-05T00:35:32","date_gmt":"2024-12-04T22:35:32","guid":{"rendered":"https:\/\/shop.bushboats.com\/?post_type=product&#038;p=22849"},"modified":"2024-12-05T01:13:32","modified_gmt":"2024-12-04T23:13:32","slug":"airi-dm-240cm-ar-polietilena-lapstinu","status":"publish","type":"product","link":"https:\/\/shop.bushboats.com\/index.php\/produkts\/airi-dm-240cm-ar-polietilena-lapstinu\/","title":{"rendered":"Airi \u201cDM\u201d 240cm AR POLIETIL\u0112NA L\u0100PSTI\u0145U"},"content":{"rendered":"<p>Izgatavoti no l\u012bm\u0113tas koksnes, p\u0101rkl\u0101ti ar speci\u0101lu \u016bdens iztur\u012bgu laku! L\u0101psti\u0146a izgatavota no plastmasas. Der\u012bgi lieto\u0161anai j\u016br\u0101 un ezer\u0101! <strong>Cena nor\u0101d\u012bta par p\u0101ri! (t.i. 2gab. airiem!)<\/strong><\/p>\n<ul>\n<li><strong>garum<\/strong>s \u2013 240cm<\/li>\n<li><strong>svars<\/strong>\u00a0\u2013 1,9kg<\/li>\n<li><strong>k\u0101ta diametrs<\/strong>\u00a0\u2013 4,6cm<\/li>\n<li><strong>l\u0101psti\u0146as garums<\/strong>\u00a0\u2013 54cm<\/li>\n<li><strong>lapsti\u0146as platums<\/strong>\u00a0\u2013 13,8cm<\/li>\n<\/ul>\n","protected":false},"excerpt":{"rendered":"<p>Izgatavoti no l\u012bm\u0113tas koksnes, p\u0101rkl\u0101ti ar speci\u0101lu \u016bdens iztur\u012bgu laku! L\u0101psti\u0146a izgatavota no plastmasas. Der\u012bgi lieto\u0161anai j\u016br\u0101 un ezer\u0101! Cena nor\u0101d\u012bta par p\u0101ri! (t.i. 2gab. airiem!) garums \u2013 240cm svars\u00a0\u2013 1,9kg k\u0101ta diametrs\u00a0\u2013 4,6cm l\u0101psti\u0146as garums\u00a0\u2013 54cm lapsti\u0146as platums\u00a0\u2013 13,8cm<\/p>\n","protected":false},"featured_media":22850,"comment_status":"open","ping_status":"closed","template":"","meta":[],"product_brand":[],"product_cat":[704,54],"product_tag":[],"class_list":{"0":"post-22849","1":"product","2":"type-product","3":"status-publish","4":"has-post-thumbnail","6":"product_cat-airi-un-aki","7":"product_cat-accessories","9":"first","10":"instock","11":"taxable","12":"shipping-taxable","13":"purchasable","14":"product-type-simple"},"jetpack_sharing_enabled":true,"_links":{"self":[{"href":"https:\/\/shop.bushboats.com\/index.php\/wp-json\/wp\/v2\/product\/22849","targetHints":{"allow":["GET"]}}],"collection":[{"href":"https:\/\/shop.bushboats.com\/index.php\/wp-json\/wp\/v2\/product"}],"about":[{"href":"https:\/\/shop.bushboats.com\/index.php\/wp-json\/wp\/v2\/types\/product"}],"replies":[{"embeddable":true,"href":"https:\/\/shop.bushboats.com\/index.php\/wp-json\/wp\/v2\/comments?post=22849"}],"wp:featuredmedia":[{"embeddable":true,"href":"https:\/\/shop.bushboats.com\/index.php\/wp-json\/wp\/v2\/media\/22850"}],"wp:attachment":[{"href":"https:\/\/shop.bushboats.com\/index.php\/wp-json\/wp\/v2\/media?parent=22849"}],"wp:term":[{"taxonomy":"product_brand","embeddable":true,"href":"https:\/\/shop.bushboats.com\/index.php\/wp-json\/wp\/v2\/product_brand?post=22849"},{"taxonomy":"product_cat","embeddable":true,"href":"https:\/\/shop.bushboats.com\/index.php\/wp-json\/wp\/v2\/product_cat?post=22849"},{"taxonomy":"product_tag","embeddable":true,"href":"https:\/\/shop.bushboats.com\/index.php\/wp-json\/wp\/v2\/product_tag?post=22849"}],"curies":[{"name":"wp","href":"https:\/\/api.w.org\/{rel}","templated":true}]}}