{"id":22937,"date":"2024-12-05T01:20:04","date_gmt":"2024-12-04T23:20:04","guid":{"rendered":"https:\/\/shop.bushboats.com\/?post_type=product&#038;p=22937"},"modified":"2025-10-11T14:46:39","modified_gmt":"2025-10-11T11:46:39","slug":"dullis-saspiezamais","status":"publish","type":"product","link":"https:\/\/shop.bushboats.com\/index.php\/produkts\/dullis-saspiezamais\/","title":{"rendered":"Dullis saspie\u017eamais"},"content":{"rendered":"<blockquote><p><strong>Vieglmet\u0101la dullis ar saspied\u0113jmeh\u0101nismu.<\/strong><\/p><\/blockquote>\n<p>Paredz\u0113ts aira savieno\u0161anai ar laivu. Sader\u012bgs ar m\u016bsu tirgotajiem airiem! Viegls un iztur\u012bgs! Izmantojot dul\u013cus ar saspied\u0113jmeh\u0101nismu airis netiek traum\u0113ts (urbts) un saglab\u0101 100% stipr\u012bbu!<\/p>\n<p><strong>Cena nor\u0101d\u012bta par 1 gab.!<\/strong><\/p>\n","protected":false},"excerpt":{"rendered":"<p>Vieglmet\u0101la dullis ar saspied\u0113jmeh\u0101nismu. Paredz\u0113ts aira savieno\u0161anai ar laivu. Sader\u012bgs ar m\u016bsu tirgotajiem airiem! Viegls un iztur\u012bgs! Izmantojot dul\u013cus ar saspied\u0113jmeh\u0101nismu airis netiek traum\u0113ts (urbts) un saglab\u0101 100% stipr\u012bbu! Cena nor\u0101d\u012bta par 1 gab.!<\/p>\n","protected":false},"featured_media":22938,"comment_status":"open","ping_status":"closed","template":"","meta":[],"product_brand":[],"product_cat":[704,829,54],"product_tag":[],"class_list":{"0":"post-22937","1":"product","2":"type-product","3":"status-publish","4":"has-post-thumbnail","6":"product_cat-airi-un-aki","7":"product_cat-citi-makskeresanas-aksesuari","8":"product_cat-accessories","10":"first","11":"instock","12":"taxable","13":"shipping-taxable","14":"purchasable","15":"product-type-simple"},"jetpack_sharing_enabled":true,"_links":{"self":[{"href":"https:\/\/shop.bushboats.com\/index.php\/wp-json\/wp\/v2\/product\/22937","targetHints":{"allow":["GET"]}}],"collection":[{"href":"https:\/\/shop.bushboats.com\/index.php\/wp-json\/wp\/v2\/product"}],"about":[{"href":"https:\/\/shop.bushboats.com\/index.php\/wp-json\/wp\/v2\/types\/product"}],"replies":[{"embeddable":true,"href":"https:\/\/shop.bushboats.com\/index.php\/wp-json\/wp\/v2\/comments?post=22937"}],"wp:featuredmedia":[{"embeddable":true,"href":"https:\/\/shop.bushboats.com\/index.php\/wp-json\/wp\/v2\/media\/22938"}],"wp:attachment":[{"href":"https:\/\/shop.bushboats.com\/index.php\/wp-json\/wp\/v2\/media?parent=22937"}],"wp:term":[{"taxonomy":"product_brand","embeddable":true,"href":"https:\/\/shop.bushboats.com\/index.php\/wp-json\/wp\/v2\/product_brand?post=22937"},{"taxonomy":"product_cat","embeddable":true,"href":"https:\/\/shop.bushboats.com\/index.php\/wp-json\/wp\/v2\/product_cat?post=22937"},{"taxonomy":"product_tag","embeddable":true,"href":"https:\/\/shop.bushboats.com\/index.php\/wp-json\/wp\/v2\/product_tag?post=22937"}],"curies":[{"name":"wp","href":"https:\/\/api.w.org\/{rel}","templated":true}]}}