{"id":22955,"date":"2024-12-05T01:23:14","date_gmt":"2024-12-04T23:23:14","guid":{"rendered":"https:\/\/shop.bushboats.com\/?post_type=product&#038;p=22955"},"modified":"2024-12-05T01:24:58","modified_gmt":"2024-12-04T23:24:58","slug":"dullis-urbjamais","status":"publish","type":"product","link":"https:\/\/shop.bushboats.com\/index.php\/produkts\/dullis-urbjamais\/","title":{"rendered":"Dullis urbjamais"},"content":{"rendered":"<p><strong>Vieglmet\u0101la dullis.<\/strong><\/p>\n<p>Paredz\u0113ts aira savieno\u0161anai ar laivu. Sader\u012bgs ar m\u016bsu tirgotajiem airiem! Viegls un iztur\u012bgs! Lai uzmont\u0113tu airim nepiecie\u0161ams izurbt\u00a0 attiec\u012bga diametra caurumu!<\/p>\n<p><strong>Cena nor\u0101d\u012bta par 1 gab.!<\/strong><\/p>\n","protected":false},"excerpt":{"rendered":"<p>Vieglmet\u0101la dullis. Paredz\u0113ts aira savieno\u0161anai ar laivu. Sader\u012bgs ar m\u016bsu tirgotajiem airiem! Viegls un iztur\u012bgs! Lai uzmont\u0113tu airim nepiecie\u0161ams izurbt\u00a0 attiec\u012bga diametra caurumu! Cena nor\u0101d\u012bta par 1 gab.!<\/p>\n","protected":false},"featured_media":22956,"comment_status":"open","ping_status":"closed","template":"","meta":[],"product_brand":[],"product_cat":[704,829,54],"product_tag":[],"class_list":{"0":"post-22955","1":"product","2":"type-product","3":"status-publish","4":"has-post-thumbnail","6":"product_cat-airi-un-aki","7":"product_cat-citi-makskeresanas-aksesuari","8":"product_cat-accessories","10":"first","11":"instock","12":"taxable","13":"shipping-taxable","14":"purchasable","15":"product-type-simple"},"jetpack_sharing_enabled":true,"_links":{"self":[{"href":"https:\/\/shop.bushboats.com\/index.php\/wp-json\/wp\/v2\/product\/22955","targetHints":{"allow":["GET"]}}],"collection":[{"href":"https:\/\/shop.bushboats.com\/index.php\/wp-json\/wp\/v2\/product"}],"about":[{"href":"https:\/\/shop.bushboats.com\/index.php\/wp-json\/wp\/v2\/types\/product"}],"replies":[{"embeddable":true,"href":"https:\/\/shop.bushboats.com\/index.php\/wp-json\/wp\/v2\/comments?post=22955"}],"wp:featuredmedia":[{"embeddable":true,"href":"https:\/\/shop.bushboats.com\/index.php\/wp-json\/wp\/v2\/media\/22956"}],"wp:attachment":[{"href":"https:\/\/shop.bushboats.com\/index.php\/wp-json\/wp\/v2\/media?parent=22955"}],"wp:term":[{"taxonomy":"product_brand","embeddable":true,"href":"https:\/\/shop.bushboats.com\/index.php\/wp-json\/wp\/v2\/product_brand?post=22955"},{"taxonomy":"product_cat","embeddable":true,"href":"https:\/\/shop.bushboats.com\/index.php\/wp-json\/wp\/v2\/product_cat?post=22955"},{"taxonomy":"product_tag","embeddable":true,"href":"https:\/\/shop.bushboats.com\/index.php\/wp-json\/wp\/v2\/product_tag?post=22955"}],"curies":[{"name":"wp","href":"https:\/\/api.w.org\/{rel}","templated":true}]}}