{"id":22980,"date":"2024-12-05T01:31:20","date_gmt":"2024-12-04T23:31:20","guid":{"rendered":"https:\/\/shop.bushboats.com\/?post_type=product&#038;p=22980"},"modified":"2024-12-05T01:31:20","modified_gmt":"2024-12-04T23:31:20","slug":"dullu-ligzda-t87u","status":"publish","type":"product","link":"https:\/\/shop.bushboats.com\/index.php\/produkts\/dullu-ligzda-t87u\/","title":{"rendered":"Du\u013c\u013cu ligzda T87U"},"content":{"rendered":"<p><strong>Vieglmet\u0101la du\u013c\u013cu ligzda<\/strong><\/p>\n<p>Paredz\u0113ta aira savieno\u0161anai ar laivu. Sader\u012bga ar m\u016bsu tirgotajiem airu du\u013c\u013ciem! Viegla un iztur\u012bga! Lai uzmont\u0113tu du\u013c\u013cu ligzdu laivas bortam j\u0101atbilst ligzdas parametriem.<\/p>\n<p><strong>Mont\u0101\u017eas skr\u016bves NAV iek\u013cautas!<\/strong><\/p>\n<p><strong>Cena nor\u0101d\u012bta par 1 gab.!<\/strong><\/p>\n","protected":false},"excerpt":{"rendered":"<p>Vieglmet\u0101la du\u013c\u013cu ligzda Paredz\u0113ta aira savieno\u0161anai ar laivu. Sader\u012bga ar m\u016bsu tirgotajiem airu du\u013c\u013ciem! Viegla un iztur\u012bga! Lai uzmont\u0113tu du\u013c\u013cu ligzdu laivas bortam j\u0101atbilst ligzdas parametriem. Mont\u0101\u017eas skr\u016bves NAV iek\u013cautas! Cena nor\u0101d\u012bta par 1 gab.!<\/p>\n","protected":false},"featured_media":22981,"comment_status":"open","ping_status":"closed","template":"","meta":[],"product_brand":[],"product_cat":[704,829,54],"product_tag":[],"class_list":{"0":"post-22980","1":"product","2":"type-product","3":"status-publish","4":"has-post-thumbnail","6":"product_cat-airi-un-aki","7":"product_cat-citi-makskeresanas-aksesuari","8":"product_cat-accessories","10":"first","11":"instock","12":"taxable","13":"shipping-taxable","14":"purchasable","15":"product-type-simple"},"jetpack_sharing_enabled":true,"_links":{"self":[{"href":"https:\/\/shop.bushboats.com\/index.php\/wp-json\/wp\/v2\/product\/22980","targetHints":{"allow":["GET"]}}],"collection":[{"href":"https:\/\/shop.bushboats.com\/index.php\/wp-json\/wp\/v2\/product"}],"about":[{"href":"https:\/\/shop.bushboats.com\/index.php\/wp-json\/wp\/v2\/types\/product"}],"replies":[{"embeddable":true,"href":"https:\/\/shop.bushboats.com\/index.php\/wp-json\/wp\/v2\/comments?post=22980"}],"wp:featuredmedia":[{"embeddable":true,"href":"https:\/\/shop.bushboats.com\/index.php\/wp-json\/wp\/v2\/media\/22981"}],"wp:attachment":[{"href":"https:\/\/shop.bushboats.com\/index.php\/wp-json\/wp\/v2\/media?parent=22980"}],"wp:term":[{"taxonomy":"product_brand","embeddable":true,"href":"https:\/\/shop.bushboats.com\/index.php\/wp-json\/wp\/v2\/product_brand?post=22980"},{"taxonomy":"product_cat","embeddable":true,"href":"https:\/\/shop.bushboats.com\/index.php\/wp-json\/wp\/v2\/product_cat?post=22980"},{"taxonomy":"product_tag","embeddable":true,"href":"https:\/\/shop.bushboats.com\/index.php\/wp-json\/wp\/v2\/product_tag?post=22980"}],"curies":[{"name":"wp","href":"https:\/\/api.w.org\/{rel}","templated":true}]}}