{"id":23145,"date":"2025-01-28T21:03:27","date_gmt":"2025-01-28T19:03:27","guid":{"rendered":"https:\/\/shop.bushboats.com\/?post_type=product&#038;p=23145"},"modified":"2025-01-28T21:53:30","modified_gmt":"2025-01-28T19:53:30","slug":"platforma-k-galds-grozamam-kreslam","status":"publish","type":"product","link":"https:\/\/shop.bushboats.com\/index.php\/produkts\/platforma-k-galds-grozamam-kreslam\/","title":{"rendered":"Galds groz\u0101mam kr\u0113slam"},"content":{"rendered":"<p>Parametri:<\/p>\n<p>Galda izm\u0113ri (mm): 330 x 200<br \/>\nMaksim\u0101l\u0101 slodze (kg): 3<br \/>\nDIZAINA IEZ\u012aMES:<\/p>\n<p>Platforma ir no\u0146emama;<br \/>\nDro\u0161u\u00a0 kr\u0113sla satv\u0113rienu nodro\u0161ina speci\u0101la stie\u0146a piestiprin\u0101\u0161ana pie pamatnes ar vienk\u0101r\u0161u un skaidru fiks\u0101cijas proced\u016bru;<br \/>\nMitrumiztur\u012bgs sapl\u0101ksnis, galvaniz\u0101cija &#8211; cinka anod\u0113\u0161ana;<br \/>\nSvars &#8211; 0,75 kg.<br \/>\nPilns komplekts: galds, stienis, stiprin\u0101jumi, iepakojums.<\/p>\n","protected":false},"excerpt":{"rendered":"<p>Parametri: Galda izm\u0113ri (mm): 330 x 200 Maksim\u0101l\u0101 slodze (kg): 3 DIZAINA IEZ\u012aMES: Platforma ir no\u0146emama; Dro\u0161u\u00a0 kr\u0113sla satv\u0113rienu nodro\u0161ina speci\u0101la stie\u0146a piestiprin\u0101\u0161ana pie pamatnes ar vienk\u0101r\u0161u un skaidru fiks\u0101cijas proced\u016bru; Mitrumiztur\u012bgs sapl\u0101ksnis, galvaniz\u0101cija &#8211; cinka anod\u0113\u0161ana; Svars &#8211; 0,75 kg. Pilns komplekts: galds, stienis, stiprin\u0101jumi, iepakojums.<\/p>\n","protected":false},"featured_media":23146,"comment_status":"open","ping_status":"closed","template":"","meta":[],"product_brand":[],"product_cat":[82,829,652,685,54,658],"product_tag":[],"class_list":{"0":"post-23145","1":"product","2":"type-product","3":"status-publish","4":"has-post-thumbnail","6":"product_cat-other-accessories-lv","7":"product_cat-citi-makskeresanas-aksesuari","8":"product_cat-klaja-aprikojums","9":"product_cat-komforts","10":"product_cat-accessories","11":"product_cat-sedekli-mehanismi","13":"first","14":"instock","15":"taxable","16":"shipping-taxable","17":"purchasable","18":"product-type-simple"},"jetpack_sharing_enabled":true,"_links":{"self":[{"href":"https:\/\/shop.bushboats.com\/index.php\/wp-json\/wp\/v2\/product\/23145","targetHints":{"allow":["GET"]}}],"collection":[{"href":"https:\/\/shop.bushboats.com\/index.php\/wp-json\/wp\/v2\/product"}],"about":[{"href":"https:\/\/shop.bushboats.com\/index.php\/wp-json\/wp\/v2\/types\/product"}],"replies":[{"embeddable":true,"href":"https:\/\/shop.bushboats.com\/index.php\/wp-json\/wp\/v2\/comments?post=23145"}],"wp:featuredmedia":[{"embeddable":true,"href":"https:\/\/shop.bushboats.com\/index.php\/wp-json\/wp\/v2\/media\/23146"}],"wp:attachment":[{"href":"https:\/\/shop.bushboats.com\/index.php\/wp-json\/wp\/v2\/media?parent=23145"}],"wp:term":[{"taxonomy":"product_brand","embeddable":true,"href":"https:\/\/shop.bushboats.com\/index.php\/wp-json\/wp\/v2\/product_brand?post=23145"},{"taxonomy":"product_cat","embeddable":true,"href":"https:\/\/shop.bushboats.com\/index.php\/wp-json\/wp\/v2\/product_cat?post=23145"},{"taxonomy":"product_tag","embeddable":true,"href":"https:\/\/shop.bushboats.com\/index.php\/wp-json\/wp\/v2\/product_tag?post=23145"}],"curies":[{"name":"wp","href":"https:\/\/api.w.org\/{rel}","templated":true}]}}