{"id":23192,"date":"2025-01-28T21:35:21","date_gmt":"2025-01-28T19:35:21","guid":{"rendered":"https:\/\/shop.bushboats.com\/?post_type=product&#038;p=23192"},"modified":"2025-01-28T21:35:22","modified_gmt":"2025-01-28T19:35:22","slug":"galda-platforma-piepusamajam-laivam-330-x-200-x-15-mm","status":"publish","type":"product","link":"https:\/\/shop.bushboats.com\/index.php\/produkts\/galda-platforma-piepusamajam-laivam-330-x-200-x-15-mm\/","title":{"rendered":"Galda platforma piep\u016b\u0161amaj\u0101m laiv\u0101m (330 x 200 x 15 mm)"},"content":{"rendered":"<p>Paz\u012bstamas formas ori\u0123in\u0101l\u0101 dizain\u0101.<\/p>\n<p>Izm\u0113ri, mm: garums x platums x biezums 330 x 200 x 15<\/p>\n<p>Materi\u0101ls: met\u0101ls (cinka anod\u0113\u0161ana), lamin\u0113ts \u016bdensnecaurlaid\u012bgs sapl\u0101ksnis;<\/p>\n<p>Stiprin\u0101jumi: 2 PVC kron\u0161teini (piel\u012bm\u0113ti pie laivas cilindra)<\/p>\n<p>Uzst\u0101d\u012b\u0161anas metode: 2 stie\u0146u v\u012bt\u0146o\u0161ana caur &#8211;<\/p>\n<p>gar\u0101 puse \u2013 caurumi met\u0101la stie\u0146os,<\/p>\n<p>\u012bs\u0101 puse \u2013 caurumi PVC kron\u0161teinos,<\/p>\n<p>Blo\u0137\u0113\u0161ana: 4 v\u0101ci\u0146u sl\u0113dzenes<\/p>\n<p>IESP\u0112JAS:<\/p>\n<p>V\u0113rtumu:<br \/>\nCilindra s\u0101nu stiprin\u0101jums &#8211; l\u012bdz 5 kg<\/p>\n<p>Cilindra aug\u0161\u0113jais stiprin\u0101jums &#8211; l\u012bdz 25 kg<\/p>\n<p>Kravu nostiprin\u0101\u0161ana:<br \/>\nDimensija (tabulas izm\u0113ri)<\/p>\n<p>Instal\u0113\u0161anas iesp\u0113jas:<br \/>\nlaivas iek\u0161pus\u0113 vai \u0101rpus\u0113;<br \/>\nAug\u0161\u0101 cilindr\u0101 vai s\u0101nos:<br \/>\nuz deguna;<br \/>\nKl\u0101ja;<br \/>\npie paka\u013cgala (airu laivas);<br \/>\nAr laivu j\u016bs varat.<\/p>\n<p>Uzglab\u0101\u0161ana un transport\u0113\u0161ana:<br \/>\nP\u0101rvalks izgatavots no bl\u012bva \u016bdeni atgr\u016bdo\u0161a auduma.<\/p>\n<p>Iestat\u012btais svars &#8211; 0,72 kg<\/p>\n","protected":false},"excerpt":{"rendered":"<p>Paz\u012bstamas formas ori\u0123in\u0101l\u0101 dizain\u0101. Izm\u0113ri, mm: garums x platums x biezums 330 x 200 x 15 Materi\u0101ls: met\u0101ls (cinka anod\u0113\u0161ana), lamin\u0113ts \u016bdensnecaurlaid\u012bgs sapl\u0101ksnis; Stiprin\u0101jumi: 2 PVC kron\u0161teini (piel\u012bm\u0113ti pie laivas cilindra) Uzst\u0101d\u012b\u0161anas metode: 2 stie\u0146u v\u012bt\u0146o\u0161ana caur &#8211; gar\u0101 puse \u2013 caurumi met\u0101la stie\u0146os, \u012bs\u0101 puse \u2013 caurumi PVC kron\u0161teinos, Blo\u0137\u0113\u0161ana: 4 v\u0101ci\u0146u sl\u0113dzenes IESP\u0112JAS: [&hellip;]<\/p>\n","protected":false},"featured_media":23193,"comment_status":"open","ping_status":"closed","template":"","meta":[],"product_brand":[],"product_cat":[82,829,685,54,670],"product_tag":[],"class_list":{"0":"post-23192","1":"product","2":"type-product","3":"status-publish","4":"has-post-thumbnail","6":"product_cat-other-accessories-lv","7":"product_cat-citi-makskeresanas-aksesuari","8":"product_cat-komforts","9":"product_cat-accessories","10":"product_cat-piepusamo-laivu-aksesuari","12":"first","13":"instock","14":"taxable","15":"shipping-taxable","16":"purchasable","17":"product-type-simple"},"jetpack_sharing_enabled":true,"_links":{"self":[{"href":"https:\/\/shop.bushboats.com\/index.php\/wp-json\/wp\/v2\/product\/23192","targetHints":{"allow":["GET"]}}],"collection":[{"href":"https:\/\/shop.bushboats.com\/index.php\/wp-json\/wp\/v2\/product"}],"about":[{"href":"https:\/\/shop.bushboats.com\/index.php\/wp-json\/wp\/v2\/types\/product"}],"replies":[{"embeddable":true,"href":"https:\/\/shop.bushboats.com\/index.php\/wp-json\/wp\/v2\/comments?post=23192"}],"wp:featuredmedia":[{"embeddable":true,"href":"https:\/\/shop.bushboats.com\/index.php\/wp-json\/wp\/v2\/media\/23193"}],"wp:attachment":[{"href":"https:\/\/shop.bushboats.com\/index.php\/wp-json\/wp\/v2\/media?parent=23192"}],"wp:term":[{"taxonomy":"product_brand","embeddable":true,"href":"https:\/\/shop.bushboats.com\/index.php\/wp-json\/wp\/v2\/product_brand?post=23192"},{"taxonomy":"product_cat","embeddable":true,"href":"https:\/\/shop.bushboats.com\/index.php\/wp-json\/wp\/v2\/product_cat?post=23192"},{"taxonomy":"product_tag","embeddable":true,"href":"https:\/\/shop.bushboats.com\/index.php\/wp-json\/wp\/v2\/product_tag?post=23192"}],"curies":[{"name":"wp","href":"https:\/\/api.w.org\/{rel}","templated":true}]}}