{"id":23211,"date":"2025-01-28T21:49:33","date_gmt":"2025-01-28T19:49:33","guid":{"rendered":"https:\/\/shop.bushboats.com\/?post_type=product&#038;p=23211"},"modified":"2025-01-28T21:49:34","modified_gmt":"2025-01-28T19:49:34","slug":"lietussargu-turetajs","status":"publish","type":"product","link":"https:\/\/shop.bushboats.com\/index.php\/produkts\/lietussargu-turetajs\/","title":{"rendered":"Lietussargu tur\u0113t\u0101js"},"content":{"rendered":"<p>Tas ir uzst\u0101d\u012bts s\u0113dek\u013ciem vai cita vieta:<\/p>\n<p>Lietussarga stie\u0146a caurumu diametri:<br \/>\n&#8211; 20 cm;<br \/>\n&#8211; 22cm;<br \/>\n&#8211; 25cm;<br \/>\n&#8211; 27cm:<br \/>\nstie\u0146a fiks\u0101cija ar v\u012bt\u0146otu fiksatoru;<br \/>\ntur\u0113t\u0101ja piestiprin\u0101\u0161ana pie s\u0113dek\u013ca atzveltnes stat\u0146a ar v\u012bt\u0146otu fiksatoru;<br \/>\ngalvaniz\u0101cija &#8211; anod\u0113\u0161ana ar cinku;<br \/>\nSvars &#8211; 0,23 kg;<br \/>\nPilns komplekts: tur\u0113t\u0101js, stiprin\u0101jumi, iepakojums.<\/p>\n","protected":false},"excerpt":{"rendered":"<p>Tas ir uzst\u0101d\u012bts s\u0113dek\u013ciem vai cita vieta: Lietussarga stie\u0146a caurumu diametri: &#8211; 20 cm; &#8211; 22cm; &#8211; 25cm; &#8211; 27cm: stie\u0146a fiks\u0101cija ar v\u012bt\u0146otu fiksatoru; tur\u0113t\u0101ja piestiprin\u0101\u0161ana pie s\u0113dek\u013ca atzveltnes stat\u0146a ar v\u012bt\u0146otu fiksatoru; galvaniz\u0101cija &#8211; anod\u0113\u0161ana ar cinku; Svars &#8211; 0,23 kg; Pilns komplekts: tur\u0113t\u0101js, stiprin\u0101jumi, iepakojums.<\/p>\n","protected":false},"featured_media":23212,"comment_status":"open","ping_status":"closed","template":"","meta":[],"product_brand":[],"product_cat":[82,829,685,54,670,682],"product_tag":[],"class_list":{"0":"post-23211","1":"product","2":"type-product","3":"status-publish","4":"has-post-thumbnail","6":"product_cat-other-accessories-lv","7":"product_cat-citi-makskeresanas-aksesuari","8":"product_cat-komforts","9":"product_cat-accessories","10":"product_cat-piepusamo-laivu-aksesuari","11":"product_cat-turetaji-makskerem-eholotiem-sensoriem","13":"first","14":"instock","15":"taxable","16":"shipping-taxable","17":"purchasable","18":"product-type-simple"},"jetpack_sharing_enabled":true,"_links":{"self":[{"href":"https:\/\/shop.bushboats.com\/index.php\/wp-json\/wp\/v2\/product\/23211","targetHints":{"allow":["GET"]}}],"collection":[{"href":"https:\/\/shop.bushboats.com\/index.php\/wp-json\/wp\/v2\/product"}],"about":[{"href":"https:\/\/shop.bushboats.com\/index.php\/wp-json\/wp\/v2\/types\/product"}],"replies":[{"embeddable":true,"href":"https:\/\/shop.bushboats.com\/index.php\/wp-json\/wp\/v2\/comments?post=23211"}],"wp:featuredmedia":[{"embeddable":true,"href":"https:\/\/shop.bushboats.com\/index.php\/wp-json\/wp\/v2\/media\/23212"}],"wp:attachment":[{"href":"https:\/\/shop.bushboats.com\/index.php\/wp-json\/wp\/v2\/media?parent=23211"}],"wp:term":[{"taxonomy":"product_brand","embeddable":true,"href":"https:\/\/shop.bushboats.com\/index.php\/wp-json\/wp\/v2\/product_brand?post=23211"},{"taxonomy":"product_cat","embeddable":true,"href":"https:\/\/shop.bushboats.com\/index.php\/wp-json\/wp\/v2\/product_cat?post=23211"},{"taxonomy":"product_tag","embeddable":true,"href":"https:\/\/shop.bushboats.com\/index.php\/wp-json\/wp\/v2\/product_tag?post=23211"}],"curies":[{"name":"wp","href":"https:\/\/api.w.org\/{rel}","templated":true}]}}