{"id":23224,"date":"2025-01-28T22:06:29","date_gmt":"2025-01-28T20:06:29","guid":{"rendered":"https:\/\/shop.bushboats.com\/?post_type=product&#038;p=23224"},"modified":"2025-01-28T22:11:31","modified_gmt":"2025-01-28T20:11:31","slug":"nerusejosa-terauda-spininga-turetajs-pvc-laivai-aisi-304","status":"publish","type":"product","link":"https:\/\/shop.bushboats.com\/index.php\/produkts\/nerusejosa-terauda-spininga-turetajs-pvc-laivai-aisi-304\/","title":{"rendered":"Ner\u016bs\u0113jo\u0161\u0101 t\u0113rauda spininga tur\u0113t\u0101js PVC laivai (AISI 304)"},"content":{"rendered":"<p>V\u0113rp\u0161anas vai stie\u0146u tur\u0113t\u0101js<\/p>\n<p>F &#8211; funkcion\u0101ls: konfigur\u0101ciju daudzveid\u012bba<\/p>\n<p>I &#8211; indiv\u012bds: pieejams ikvienam<\/p>\n<p>S &#8211; stil\u012bgs: organiska noapa\u013cotu formu kombin\u0101cija<\/p>\n<p>H &#8211; Kvalit\u0101te: Ra\u017eots uz r\u016bpniecisk\u0101m iek\u0101rt\u0101m<\/p>\n<p>I &#8211; ide\u0101ls: m\u016bsdienu v\u0113rp\u0161anas stie\u0146iem un stie\u0146iem<\/p>\n<p>N &#8211; uzticams: t\u0113rauda apa\u013cie izstr\u0101d\u0101jumi<\/p>\n<p>g &#8211; galvaniz\u0101cija: NER\u016aS\u0112JO\u0160AIS T\u0112RAUDS<\/p>\n<p>No\u0146emams aksesu\u0101rs mak\u0161\u0137er\u0113\u0161anai no piep\u016b\u0161amaj\u0101m laiv\u0101m.<\/p>\n<p>Iek\u0101rtas:<br \/>\nZvejas velc\u0113\u0161ana (AISI 304)<\/p>\n<p>Strukt\u016bra ir piln\u012bb\u0101 apstr\u0101d\u0101ta ar elektroplazmas pul\u0113\u0161anu &#8211; kas \u013cauj to darbin\u0101t s\u0101ls\u016bden\u012b;<\/p>\n<p>IESP\u0112JAS:<\/p>\n<p>Cilindra diametrs: no 28cm l\u012bdz 52cm<\/p>\n<p>V\u0113rp\u0161anas roktura diametrs: l\u012bdz 29mm<\/p>\n<p>Roktura fiks\u0101cijas dzi\u013cums: ar spraudni &#8211; 135 mm,<br \/>\nBez kontaktdak\u0161as &#8211; neierobe\u017eots<\/p>\n<p>Kron\u0161teina uzst\u0101d\u012b\u0161ana: s\u0101nu balons &#8211; uz s\u0101niem, priek\u0161gala, paka\u013cgala<\/p>\n<p>Svars: 220g<\/p>\n<p>Pilns komplekts: v\u0113rp\u0161anas stie\u0146a tur\u0113t\u0101js, PVC kron\u0161teins.<\/p>\n<p>Lai uzst\u0101d\u012btu kron\u0161teinu, jums ir nepiecie\u0161ama PVC laivu l\u012bme.<\/p>\n","protected":false},"excerpt":{"rendered":"<p>V\u0113rp\u0161anas vai stie\u0146u tur\u0113t\u0101js F &#8211; funkcion\u0101ls: konfigur\u0101ciju daudzveid\u012bba I &#8211; indiv\u012bds: pieejams ikvienam S &#8211; stil\u012bgs: organiska noapa\u013cotu formu kombin\u0101cija H &#8211; Kvalit\u0101te: Ra\u017eots uz r\u016bpniecisk\u0101m iek\u0101rt\u0101m I &#8211; ide\u0101ls: m\u016bsdienu v\u0113rp\u0161anas stie\u0146iem un stie\u0146iem N &#8211; uzticams: t\u0113rauda apa\u013cie izstr\u0101d\u0101jumi g &#8211; galvaniz\u0101cija: NER\u016aS\u0112JO\u0160AIS T\u0112RAUDS No\u0146emams aksesu\u0101rs mak\u0161\u0137er\u0113\u0161anai no piep\u016b\u0161amaj\u0101m laiv\u0101m. Iek\u0101rtas: Zvejas [&hellip;]<\/p>\n","protected":false},"featured_media":23225,"comment_status":"open","ping_status":"closed","template":"","meta":[],"product_brand":[],"product_cat":[82,829,54,670,682],"product_tag":[],"class_list":{"0":"post-23224","1":"product","2":"type-product","3":"status-publish","4":"has-post-thumbnail","6":"product_cat-other-accessories-lv","7":"product_cat-citi-makskeresanas-aksesuari","8":"product_cat-accessories","9":"product_cat-piepusamo-laivu-aksesuari","10":"product_cat-turetaji-makskerem-eholotiem-sensoriem","12":"first","13":"instock","14":"taxable","15":"shipping-taxable","16":"purchasable","17":"product-type-simple"},"jetpack_sharing_enabled":true,"_links":{"self":[{"href":"https:\/\/shop.bushboats.com\/index.php\/wp-json\/wp\/v2\/product\/23224","targetHints":{"allow":["GET"]}}],"collection":[{"href":"https:\/\/shop.bushboats.com\/index.php\/wp-json\/wp\/v2\/product"}],"about":[{"href":"https:\/\/shop.bushboats.com\/index.php\/wp-json\/wp\/v2\/types\/product"}],"replies":[{"embeddable":true,"href":"https:\/\/shop.bushboats.com\/index.php\/wp-json\/wp\/v2\/comments?post=23224"}],"wp:featuredmedia":[{"embeddable":true,"href":"https:\/\/shop.bushboats.com\/index.php\/wp-json\/wp\/v2\/media\/23225"}],"wp:attachment":[{"href":"https:\/\/shop.bushboats.com\/index.php\/wp-json\/wp\/v2\/media?parent=23224"}],"wp:term":[{"taxonomy":"product_brand","embeddable":true,"href":"https:\/\/shop.bushboats.com\/index.php\/wp-json\/wp\/v2\/product_brand?post=23224"},{"taxonomy":"product_cat","embeddable":true,"href":"https:\/\/shop.bushboats.com\/index.php\/wp-json\/wp\/v2\/product_cat?post=23224"},{"taxonomy":"product_tag","embeddable":true,"href":"https:\/\/shop.bushboats.com\/index.php\/wp-json\/wp\/v2\/product_tag?post=23224"}],"curies":[{"name":"wp","href":"https:\/\/api.w.org\/{rel}","templated":true}]}}