{"id":23241,"date":"2025-01-28T22:34:53","date_gmt":"2025-01-28T20:34:53","guid":{"rendered":"https:\/\/shop.bushboats.com\/?post_type=product&#038;p=23241"},"modified":"2025-05-05T12:46:03","modified_gmt":"2025-05-05T09:46:03","slug":"verpsanas-stiena-turetajs-ar-sonara-deveja-turetaju-piestiprinas-uz-laivas-transom","status":"publish","type":"product","link":"https:\/\/shop.bushboats.com\/index.php\/produkts\/verpsanas-stiena-turetajs-ar-sonara-deveja-turetaju-piestiprinas-uz-laivas-transom\/","title":{"rendered":"V\u0113rp\u0161anas stie\u0146a tur\u0113t\u0101js ar son\u0101ra dev\u0113ja tur\u0113t\u0101ju, piestiprin\u0101s uz laivas transom"},"content":{"rendered":"<p>V\u0113rp\u0161anas vai stie\u0146u tur\u0113t\u0101js<\/p>\n<p>F &#8211; funkcion\u0101ls: konfigur\u0101ciju daudzveid\u012bba<\/p>\n<p>I &#8211; indiv\u012bds: pieejams ikvienam<\/p>\n<p>S &#8211; stil\u012bgs: organiska noapa\u013cotu formu kombin\u0101cija<\/p>\n<p>H &#8211; Kvalit\u0101te: Ra\u017eots uz r\u016bpniecisk\u0101m iek\u0101rt\u0101m<\/p>\n<p>I &#8211; ide\u0101ls: m\u016bsdienu v\u0113rp\u0161anas stie\u0146iem un stie\u0146iem<\/p>\n<p>N &#8211; uzticams: t\u0113rauda apa\u013cie izstr\u0101d\u0101jumi<\/p>\n<p>G &#8211; galvaniz\u0101cija: cinka anod\u0113\u0161ana<\/p>\n<p>No\u0146emams aksesu\u0101rs mak\u0161\u0137er\u0113\u0161anai no piep\u016b\u0161amaj\u0101m laiv\u0101m.<\/p>\n<p>Laivas transom biezums: l\u012bdz 24mm<\/p>\n<p>V\u0113rp\u0161anas roktura diametrs: l\u012bdz 29mm<\/p>\n<p>Roktura fiks\u0113\u0161anas dzi\u013cums: 150mm.<\/p>\n<p>Stie\u0146a diametrs: 12mm.<\/p>\n<p>Izmantojam\u0101 k\u0101ta garums: 55cm.<\/p>\n<p>Dev\u0113ja stiprin\u0101jums: univers\u0101ls<\/p>\n<p>Kron\u0161teina uzst\u0101d\u012b\u0161ana: uz laivas transom<\/p>\n<p>Svars: 800g<\/p>\n<p>Iepakojuma saturs: Mak\u0161\u0137er\u0113\u0161anas v\u0113rp\u0161anas mak\u0161\u0137eres tur\u0113t\u0101js + Son\u0101ra mak\u0161\u0137ere, rokasgr\u0101mata, iepakojuma kaste.<\/p>\n","protected":false},"excerpt":{"rendered":"<p>V\u0113rp\u0161anas vai stie\u0146u tur\u0113t\u0101js F &#8211; funkcion\u0101ls: konfigur\u0101ciju daudzveid\u012bba I &#8211; indiv\u012bds: pieejams ikvienam S &#8211; stil\u012bgs: organiska noapa\u013cotu formu kombin\u0101cija H &#8211; Kvalit\u0101te: Ra\u017eots uz r\u016bpniecisk\u0101m iek\u0101rt\u0101m I &#8211; ide\u0101ls: m\u016bsdienu v\u0113rp\u0161anas stie\u0146iem un stie\u0146iem N &#8211; uzticams: t\u0113rauda apa\u013cie izstr\u0101d\u0101jumi G &#8211; galvaniz\u0101cija: cinka anod\u0113\u0161ana No\u0146emams aksesu\u0101rs mak\u0161\u0137er\u0113\u0161anai no piep\u016b\u0161amaj\u0101m laiv\u0101m. Laivas transom [&hellip;]<\/p>\n","protected":false},"featured_media":23242,"comment_status":"open","ping_status":"closed","template":"","meta":[],"product_brand":[],"product_cat":[82,829,54,670,682],"product_tag":[],"class_list":{"0":"post-23241","1":"product","2":"type-product","3":"status-publish","4":"has-post-thumbnail","6":"product_cat-other-accessories-lv","7":"product_cat-citi-makskeresanas-aksesuari","8":"product_cat-accessories","9":"product_cat-piepusamo-laivu-aksesuari","10":"product_cat-turetaji-makskerem-eholotiem-sensoriem","12":"first","13":"instock","14":"taxable","15":"shipping-taxable","16":"purchasable","17":"product-type-simple"},"jetpack_sharing_enabled":true,"_links":{"self":[{"href":"https:\/\/shop.bushboats.com\/index.php\/wp-json\/wp\/v2\/product\/23241","targetHints":{"allow":["GET"]}}],"collection":[{"href":"https:\/\/shop.bushboats.com\/index.php\/wp-json\/wp\/v2\/product"}],"about":[{"href":"https:\/\/shop.bushboats.com\/index.php\/wp-json\/wp\/v2\/types\/product"}],"replies":[{"embeddable":true,"href":"https:\/\/shop.bushboats.com\/index.php\/wp-json\/wp\/v2\/comments?post=23241"}],"wp:featuredmedia":[{"embeddable":true,"href":"https:\/\/shop.bushboats.com\/index.php\/wp-json\/wp\/v2\/media\/23242"}],"wp:attachment":[{"href":"https:\/\/shop.bushboats.com\/index.php\/wp-json\/wp\/v2\/media?parent=23241"}],"wp:term":[{"taxonomy":"product_brand","embeddable":true,"href":"https:\/\/shop.bushboats.com\/index.php\/wp-json\/wp\/v2\/product_brand?post=23241"},{"taxonomy":"product_cat","embeddable":true,"href":"https:\/\/shop.bushboats.com\/index.php\/wp-json\/wp\/v2\/product_cat?post=23241"},{"taxonomy":"product_tag","embeddable":true,"href":"https:\/\/shop.bushboats.com\/index.php\/wp-json\/wp\/v2\/product_tag?post=23241"}],"curies":[{"name":"wp","href":"https:\/\/api.w.org\/{rel}","templated":true}]}}