{"id":23310,"date":"2025-01-28T23:33:45","date_gmt":"2025-01-28T21:33:45","guid":{"rendered":"https:\/\/shop.bushboats.com\/?post_type=product&#038;p=23310"},"modified":"2025-01-29T00:05:15","modified_gmt":"2025-01-28T22:05:15","slug":"platforma-eholota-piestiprinasanai","status":"publish","type":"product","link":"https:\/\/shop.bushboats.com\/index.php\/produkts\/platforma-eholota-piestiprinasanai\/","title":{"rendered":"Platforma eholota piestiprin\u0101\u0161anai"},"content":{"rendered":"<p>Uzst\u0101d\u012b\u0161anas vieta: uz laivas piep\u016b\u0161am\u0101 balona<\/p>\n<p>Laivas cilindra diametrs: l\u012bdz 45cm<\/p>\n<p>Platformas izm\u0113ri: 120mm x 120mm<\/p>\n<p>Konstrukcija: metin\u0101ta pamatne ar skavu un<br \/>\natbalss ska\u013cru\u0146a monitora platforma,<\/p>\n<p>Svars: 220g<\/p>\n","protected":false},"excerpt":{"rendered":"<p>Uzst\u0101d\u012b\u0161anas vieta: uz laivas piep\u016b\u0161am\u0101 balona Laivas cilindra diametrs: l\u012bdz 45cm Platformas izm\u0113ri: 120mm x 120mm Konstrukcija: metin\u0101ta pamatne ar skavu un atbalss ska\u013cru\u0146a monitora platforma, Svars: 220g<\/p>\n","protected":false},"featured_media":23311,"comment_status":"open","ping_status":"closed","template":"","meta":[],"product_brand":[],"product_cat":[82,829,722,685,54,670,682],"product_tag":[],"class_list":{"0":"post-23310","1":"product","2":"type-product","3":"status-publish","4":"has-post-thumbnail","6":"product_cat-other-accessories-lv","7":"product_cat-citi-makskeresanas-aksesuari","8":"product_cat-echolotes-ekrana-turetaji","9":"product_cat-komforts","10":"product_cat-accessories","11":"product_cat-piepusamo-laivu-aksesuari","12":"product_cat-turetaji-makskerem-eholotiem-sensoriem","14":"first","15":"instock","16":"taxable","17":"shipping-taxable","18":"purchasable","19":"product-type-simple"},"jetpack_sharing_enabled":true,"_links":{"self":[{"href":"https:\/\/shop.bushboats.com\/index.php\/wp-json\/wp\/v2\/product\/23310","targetHints":{"allow":["GET"]}}],"collection":[{"href":"https:\/\/shop.bushboats.com\/index.php\/wp-json\/wp\/v2\/product"}],"about":[{"href":"https:\/\/shop.bushboats.com\/index.php\/wp-json\/wp\/v2\/types\/product"}],"replies":[{"embeddable":true,"href":"https:\/\/shop.bushboats.com\/index.php\/wp-json\/wp\/v2\/comments?post=23310"}],"wp:featuredmedia":[{"embeddable":true,"href":"https:\/\/shop.bushboats.com\/index.php\/wp-json\/wp\/v2\/media\/23311"}],"wp:attachment":[{"href":"https:\/\/shop.bushboats.com\/index.php\/wp-json\/wp\/v2\/media?parent=23310"}],"wp:term":[{"taxonomy":"product_brand","embeddable":true,"href":"https:\/\/shop.bushboats.com\/index.php\/wp-json\/wp\/v2\/product_brand?post=23310"},{"taxonomy":"product_cat","embeddable":true,"href":"https:\/\/shop.bushboats.com\/index.php\/wp-json\/wp\/v2\/product_cat?post=23310"},{"taxonomy":"product_tag","embeddable":true,"href":"https:\/\/shop.bushboats.com\/index.php\/wp-json\/wp\/v2\/product_tag?post=23310"}],"curies":[{"name":"wp","href":"https:\/\/api.w.org\/{rel}","templated":true}]}}