{"id":23358,"date":"2025-01-29T00:32:06","date_gmt":"2025-01-28T22:32:06","guid":{"rendered":"https:\/\/shop.bushboats.com\/?post_type=product&#038;p=23358"},"modified":"2025-10-15T19:20:29","modified_gmt":"2025-10-15T16:20:29","slug":"enkura-virves-turetajs-ar-rulliti-arrp002","status":"publish","type":"product","link":"https:\/\/shop.bushboats.com\/index.php\/produkts\/enkura-virves-turetajs-ar-rulliti-arrp002\/","title":{"rendered":"Enkura virves tur\u0113t\u0101js ar rull\u012bti (ARRp002)"},"content":{"rendered":"<p>Apraksts<br \/>\nKomplekt\u0101 ietilpst enkura veltnis ARr002 un mont\u0101\u017eas sist\u0113mas modelis FMp224, kas paredz\u0113ts piederumu uzst\u0101d\u012b\u0161anai uz piep\u016b\u0161amo laivu cilindriem. Dizains ir paredz\u0113ts enkuru nolai\u0161anai un pacel\u0161anai, kas sver l\u012bdz 8 kg.<\/p>\n<p>Velt\u0146a forma un D veida kron\u0161teins, kas ir iek\u013cauts t\u0101 mont\u0101\u017e\u0101, \u013cauj izv\u0113l\u0113ties un tur\u0113t v\u0113lamo enkura virves virzienu, nov\u0113r\u0161ot t\u0101 sl\u012bd\u0113\u0161anu un sap\u012b\u0161anos.<\/p>\n<p>FMp224 mont\u0101\u017eas sist\u0113ma, kas ir iek\u013cauta komplekt\u0101, sast\u0101v no Fs219 blo\u0137\u0113\u0161anas, kas ar \u010detr\u0101m skr\u016bv\u0113m pieskr\u016bv\u0113ta pie PVC mont\u0101\u017eas palikt\u0146a. Platforma ir pastiprin\u0101ta ar poliam\u012bda papl\u0101ksni, kas padara konstrukciju uzticam\u0101ku lieto\u0161anai kop\u0101 ar enkuriem. \u0160\u0101da sist\u0113ma ir piel\u012bm\u0113ta pie virsmas ar divkomponentu poliuret\u0101na l\u012bmi saska\u0146\u0101 ar instrukcij\u0101m. Komplekta galven\u0101s da\u013cas, ieskaitot D veida vadotni, ir izgatavotas no stikla \u0161\u0137iedras pastiprin\u0101ta poliam\u012bda, kas ir iztur\u012bgs pret laikapst\u0101k\u013ciem. Lai pagarin\u0101tu t\u0101 kalpo\u0161anas laiku, p\u0113c t\u0101 lieto\u0161anas j\u016bras \u016bden\u012b m\u0113s iesak\u0101m to noskalot ar lielu daudzumu svaiga \u016bdens.<\/p>\n<p>Tas ir paredz\u0113ts enkuru nolai\u0161anai un pacel\u0161anai, kas sver l\u012bdz 8 kg. Komplekt\u0101 ietilpst rull\u012b\u0161u modelis ARr002 un mont\u0101\u017eas sist\u0113mas modelis FMp224. Velt\u0146a konstrukcija sast\u0101v no lieta korpusa ar adapteri ar \u0101r\u0113j\u0101m 30\u00b0 splain\u0101m, br\u012bvi rot\u0113jo\u0161u veltni un D veida vadotnes gredzenu. Piem\u0113rots halyard \u00d8 l\u012bdz 10 mm. Adapteris apr\u012bkots ar O-gredzenu. Mont\u0101\u017e\u0101 ietilpst stiprin\u0101jumi: 2 skr\u016bves M6*55 DIN 912 un 2 pa\u0161blo\u0137\u0113jo\u0161i uzgrie\u017e\u0146i M6 DIN 985. Mont\u0101\u017eas sist\u0113ma sast\u0101v no 110 x 110 mm palikt\u0146a un Fs219 sl\u0113dzenes, kas piestiprin\u0101ta ar 4 skr\u016bv\u0113m M6*20 DIN 912 un uzgrie\u017e\u0146iem M6 DIN 985. Tas ir piel\u012bm\u0113ts pie PVC virsmas, izmantojot divkomponentu poliuret\u0101na l\u012bmi (nav iek\u013cauts komplekt\u0101). Komplekt\u0101 ietilpst ar\u012b silikona sm\u0113rviela, se\u0161st\u016braina uzgrie\u017e\u0146u atsl\u0113ga un l\u012bm\u0113jo\u0161s trafarets. Galven\u0101s da\u013cas ir izgatavotas no stikla \u0161\u0137iedras pastiprin\u0101ta poliam\u012bda. Vietni ielej ar PVC. Stiprin\u0101jumi un atsperes ir izgatavotas no A2 ner\u016bs\u0113jo\u0161\u0101 t\u0113rauda.<\/p>\n<p>Noenkurojiet acu veltni uz piep\u016b\u0161am\u0101 d\u0113\u013ca<br \/>\nM\u016bsu veikals pied\u0101v\u0101 uzticamus un funkcion\u0101lus enkura acs mode\u013cus, kurus var uzst\u0101d\u012bt uz jebkura \u016bdens motocikla no katamar\u0101na l\u012bdz jahtai un, ja nepiecie\u0161ams, ir viegli no\u0146emt. J\u016bs varat ieg\u0101d\u0101ties piem\u0113rotu veltni gan cietai lod\u012btei, gan PVC. To ir viegli uzst\u0101d\u012bt atsevi\u0161\u0137i, vienlaikus piestiprinot p\u0113c iesp\u0113jas stingr\u0101k un perfekti turot virvi. Visus enkura mezgla izstr\u0101d\u0101jumu mode\u013cus var apskat\u012bt sada\u013c\u0101 &#8220;Enkura acs&#8221;.<\/p>\n","protected":false},"excerpt":{"rendered":"<p>Apraksts Komplekt\u0101 ietilpst enkura veltnis ARr002 un mont\u0101\u017eas sist\u0113mas modelis FMp224, kas paredz\u0113ts piederumu uzst\u0101d\u012b\u0161anai uz piep\u016b\u0161amo laivu cilindriem. Dizains ir paredz\u0113ts enkuru nolai\u0161anai un pacel\u0161anai, kas sver l\u012bdz 8 kg. Velt\u0146a forma un D veida kron\u0161teins, kas ir iek\u013cauts t\u0101 mont\u0101\u017e\u0101, \u013cauj izv\u0113l\u0113ties un tur\u0113t v\u0113lamo enkura virves virzienu, nov\u0113r\u0161ot t\u0101 sl\u012bd\u0113\u0161anu un sap\u012b\u0161anos. [&hellip;]<\/p>\n","protected":false},"featured_media":23359,"comment_status":"open","ping_status":"closed","template":"","meta":[],"product_brand":[],"product_cat":[864,829,689,54,670],"product_tag":[],"class_list":{"0":"post-23358","1":"product","2":"type-product","3":"status-publish","4":"has-post-thumbnail","6":"product_cat-borika-aksesuari-fasten","7":"product_cat-citi-makskeresanas-aksesuari","8":"product_cat-laivu-aprikojums-2","9":"product_cat-accessories","10":"product_cat-piepusamo-laivu-aksesuari","12":"first","13":"instock","14":"taxable","15":"shipping-taxable","16":"purchasable","17":"product-type-simple"},"jetpack_sharing_enabled":true,"_links":{"self":[{"href":"https:\/\/shop.bushboats.com\/index.php\/wp-json\/wp\/v2\/product\/23358","targetHints":{"allow":["GET"]}}],"collection":[{"href":"https:\/\/shop.bushboats.com\/index.php\/wp-json\/wp\/v2\/product"}],"about":[{"href":"https:\/\/shop.bushboats.com\/index.php\/wp-json\/wp\/v2\/types\/product"}],"replies":[{"embeddable":true,"href":"https:\/\/shop.bushboats.com\/index.php\/wp-json\/wp\/v2\/comments?post=23358"}],"wp:featuredmedia":[{"embeddable":true,"href":"https:\/\/shop.bushboats.com\/index.php\/wp-json\/wp\/v2\/media\/23359"}],"wp:attachment":[{"href":"https:\/\/shop.bushboats.com\/index.php\/wp-json\/wp\/v2\/media?parent=23358"}],"wp:term":[{"taxonomy":"product_brand","embeddable":true,"href":"https:\/\/shop.bushboats.com\/index.php\/wp-json\/wp\/v2\/product_brand?post=23358"},{"taxonomy":"product_cat","embeddable":true,"href":"https:\/\/shop.bushboats.com\/index.php\/wp-json\/wp\/v2\/product_cat?post=23358"},{"taxonomy":"product_tag","embeddable":true,"href":"https:\/\/shop.bushboats.com\/index.php\/wp-json\/wp\/v2\/product_tag?post=23358"}],"curies":[{"name":"wp","href":"https:\/\/api.w.org\/{rel}","templated":true}]}}