{"id":23380,"date":"2025-02-19T10:04:48","date_gmt":"2025-02-19T08:04:48","guid":{"rendered":"https:\/\/shop.bushboats.com\/?post_type=product&#038;p=23380"},"modified":"2025-02-19T10:04:48","modified_gmt":"2025-02-19T08:04:48","slug":"12-8v-100ah-lithium-battery-vision-lfp12-100sev-bt-lifepo4-1280wh-l306-w169-h215-with-bluetooth","status":"publish","type":"product","link":"https:\/\/shop.bushboats.com\/index.php\/produkts\/12-8v-100ah-lithium-battery-vision-lfp12-100sev-bt-lifepo4-1280wh-l306-w169-h215-with-bluetooth\/","title":{"rendered":"12.8V-100Ah Lithium Battery VISION LFP12-100SEV-BT LiFePO4 (1280Wh) L306 W169 H215 (with Bluetooth)"},"content":{"rendered":"<p>12.8V-100Ah Lithium Battery VISION LFP12-100SEV-BT LiFePO4 (1280Wh) L306 W169 H215 (with Bluetooth)<\/p>\n<p><img data-recalc-dims=\"1\" decoding=\"async\" class=\"alignnone wp-image-11800\" src=\"https:\/\/i0.wp.com\/akum.lv\/wp-content\/uploads\/2021\/12\/Bluetoothe.jpg?resize=61%2C61&#038;ssl=1\" alt=\"\" width=\"61\" height=\"61\" \/>\u00a0<strong>Applications App Store and Play Market \u2013\u00a0<\/strong>name<strong>\u00a0\u201cVisionGA\u201d<\/strong><\/p>\n<p>&nbsp;<\/p>\n<p><strong>Savdab\u012bba<\/strong><br \/>\n\u2013 Iron-V s\u0113rija ir litija baterijas, ko neatkar\u012bgi izstr\u0101d\u0101jusi Hero Tao Group, un t\u0101s ir piem\u0113rotas visu veidu iedarbin\u0101\u0161anai.<\/p>\n<p>\u2013 Pie\u0146em \u0101trgaitas LFP akumulatorus un BMS Vision Group sist\u0113mu, integr\u0113jot re\u0101llaika t\u0101lvad\u012bbas uzraudz\u012bbas sist\u0113mu un viedo vad\u012bbas moduli.<\/p>\n<p><strong>Pieteikums<\/strong><br \/>\n\u2013 VRLA akumulatoru nomai\u0146a visos virzienos<br \/>\n\u2013 Ener\u0123ijas uzkr\u0101\u0161anas sist\u0113ma\/saules sist\u0113mas, v\u0113ja \u0123eneratori<br \/>\n\u2013 Elektrisk\u0101s automa\u0161\u012bnas<br \/>\n\u2013 Kemperi<br \/>\n\u2013 \u016adens transports \/ jahtas, laivas, laivas<br \/>\n\u2013 Noliktavas elektrotehnika<br \/>\n\u2013 Celtniec\u012bbas tehnika<br \/>\n\u2013 skruberu \u017e\u0101v\u0113t\u0101ji (t\u012br\u012b\u0161anas ma\u0161\u012bnas)<\/p>\n<p><a href=\"https:\/\/shop.bushboats.com\/wp-content\/uploads\/2025\/02\/lfp12-100sev-bt-akum.pdf\">lfp12-100sev-bt akum<\/a><\/p>\n<p>&nbsp;<\/p>\n","protected":false},"excerpt":{"rendered":"<p>12.8V-100Ah Lithium Battery VISION LFP12-100SEV-BT LiFePO4 (1280Wh) L306 W169 H215 (with Bluetooth) \u00a0Applications App Store and Play Market \u2013\u00a0name\u00a0\u201cVisionGA\u201d &nbsp; Savdab\u012bba \u2013 Iron-V s\u0113rija ir litija baterijas, ko neatkar\u012bgi izstr\u0101d\u0101jusi Hero Tao Group, un t\u0101s ir piem\u0113rotas visu veidu iedarbin\u0101\u0161anai. \u2013 Pie\u0146em \u0101trgaitas LFP akumulatorus un BMS Vision Group sist\u0113mu, integr\u0113jot re\u0101llaika t\u0101lvad\u012bbas uzraudz\u012bbas sist\u0113mu [&hellip;]<\/p>\n","protected":false},"featured_media":23381,"comment_status":"open","ping_status":"closed","template":"","meta":[],"product_brand":[],"product_cat":[789,76,79],"product_tag":[],"class_list":{"0":"post-23380","1":"product","2":"type-product","3":"status-publish","4":"has-post-thumbnail","6":"product_cat-akumulatori","7":"product_cat-electrical-equipment-lv","8":"product_cat-elektriskie-piederumi","10":"first","11":"instock","12":"taxable","13":"shipping-taxable","14":"purchasable","15":"product-type-simple"},"jetpack_sharing_enabled":true,"_links":{"self":[{"href":"https:\/\/shop.bushboats.com\/index.php\/wp-json\/wp\/v2\/product\/23380","targetHints":{"allow":["GET"]}}],"collection":[{"href":"https:\/\/shop.bushboats.com\/index.php\/wp-json\/wp\/v2\/product"}],"about":[{"href":"https:\/\/shop.bushboats.com\/index.php\/wp-json\/wp\/v2\/types\/product"}],"replies":[{"embeddable":true,"href":"https:\/\/shop.bushboats.com\/index.php\/wp-json\/wp\/v2\/comments?post=23380"}],"wp:featuredmedia":[{"embeddable":true,"href":"https:\/\/shop.bushboats.com\/index.php\/wp-json\/wp\/v2\/media\/23381"}],"wp:attachment":[{"href":"https:\/\/shop.bushboats.com\/index.php\/wp-json\/wp\/v2\/media?parent=23380"}],"wp:term":[{"taxonomy":"product_brand","embeddable":true,"href":"https:\/\/shop.bushboats.com\/index.php\/wp-json\/wp\/v2\/product_brand?post=23380"},{"taxonomy":"product_cat","embeddable":true,"href":"https:\/\/shop.bushboats.com\/index.php\/wp-json\/wp\/v2\/product_cat?post=23380"},{"taxonomy":"product_tag","embeddable":true,"href":"https:\/\/shop.bushboats.com\/index.php\/wp-json\/wp\/v2\/product_tag?post=23380"}],"curies":[{"name":"wp","href":"https:\/\/api.w.org\/{rel}","templated":true}]}}