{"id":23486,"date":"2025-02-19T19:04:59","date_gmt":"2025-02-19T17:04:59","guid":{"rendered":"https:\/\/shop.bushboats.com\/?post_type=product&#038;p=23486"},"modified":"2025-02-19T19:04:59","modified_gmt":"2025-02-19T17:04:59","slug":"dzinejs-tohatsu-mfs6-dsul-sail-pro-ultra-long-25-komplekta-motorstundu-skaititajs","status":"publish","type":"product","link":"https:\/\/shop.bushboats.com\/index.php\/produkts\/dzinejs-tohatsu-mfs6-dsul-sail-pro-ultra-long-25-komplekta-motorstundu-skaititajs\/","title":{"rendered":"Dzin\u0113js TOHATSU MFS6 DSUL (Sail Pro) ULTRA LONG 25&#8243; Komplekt\u0101 motorstundu skait\u012bt\u0101js"},"content":{"rendered":"<div class=\"EBI4ProductParametrGroup\">PRECES GALVENIE PARAMETRI<\/div>\n<div><\/div>\n<div class=\"EBI4ProductParametr\">\n<div class=\"EBI4ProductParametrTitle\">Pieg\u0101d\u0101t\u0101js\u00a0 \u00a0 \u00a0 \u00a0 \u00a0 \u00a0 \u00a0 \u00a0 \u00a0 \u00a0 \u00a0 \u00a0 \u00a0 Tohatsu (Jap\u0101na)<\/div>\n<\/div>\n<div class=\"EBI4ProductParametr\">\n<div class=\"EBI4ProductParametrTitle\">Preces kods\u00a0 \u00a0 \u00a0 \u00a0 \u00a0 \u00a0 \u00a0 \u00a0 \u00a0 \u00a0 \u00a0 \u00a0 \u00a0 MFS6DSULSAILPRO<\/div>\n<\/div>\n<div class=\"EBI4ProductParametr\">\n<div class=\"EBI4ProductParametrTitle\">Svars ar iepakojumu (kg)\u00a0 30.000<\/div>\n<div><\/div>\n<\/div>\n<div class=\"EBI4ProductParametrGroup\">Pamatparametri<\/div>\n<div class=\"EBI4ProductParametr\">\n<div class=\"EBI4ProductParametrTitle\">Jauda Kw\u00a0 \u00a0 \u00a0 \u00a0 \u00a0 \u00a0 \u00a0 \u00a0 \u00a0 \u00a0 \u00a0 \u00a0 \u00a0 \u00a0 \u00a0 \u00a0 \u00a0 4,4<\/div>\n<\/div>\n<div class=\"EBI4ProductParametr\">\n<div class=\"EBI4ProductParametrTitle\">Zirgsp\u0113ki Hp\u00a0 \u00a0 \u00a0 \u00a0 \u00a0 \u00a0 \u00a0 \u00a0 \u00a0 \u00a0 \u00a0 \u00a0 \u00a0 \u00a0 6<\/div>\n<\/div>\n<div class=\"EBI4ProductParametr\">\n<div class=\"EBI4ProductParametrTitle\">Maksim\u0101lie Apgr. Min-Max\u00a0 5000-6000<\/div>\n<\/div>\n<div class=\"EBI4ProductParametr\">\n<div class=\"EBI4ProductParametrTitle\">Cilindri\u00a0 \u00a0 \u00a0 \u00a0 \u00a0 \u00a0 \u00a0 \u00a0 \u00a0 \u00a0 \u00a0 \u00a0 \u00a0 \u00a0 \u00a0 \u00a0 \u00a0 \u00a0 \u00a0 1<\/div>\n<\/div>\n<div class=\"EBI4ProductParametr\">\n<div class=\"EBI4ProductParametrTitle\">Darba apjoms cc\u00a0 \u00a0 \u00a0 \u00a0 \u00a0 \u00a0 \u00a0 \u00a0 \u00a0 \u00a0 \u00a0123<\/div>\n<\/div>\n<div class=\"EBI4ProductParametr\">\n<div class=\"EBI4ProductParametrTitle\">Cilindra diametrs mm\u00a0 \u00a0 \u00a0 \u00a0 \u00a0 \u00a059<\/div>\n<\/div>\n<div class=\"EBI4ProductParametr\">\n<div class=\"EBI4ProductParametrTitle\">\u0122enerators\u00a0 \u00a0 \u00a0 \u00a0 \u00a0 \u00a0 \u00a0 \u00a0 \u00a0 \u00a0 \u00a0 \u00a0 \u00a0 \u00a0 \u00a0 \u00a012V, 60W, 5A<\/div>\n<\/div>\n<div class=\"EBI4ProductParametr\">\n<div class=\"EBI4ProductParametrTitle\">Palaid\u0113ja sist\u0113ma\u00a0 \u00a0 \u00a0 \u00a0 \u00a0 \u00a0 \u00a0 \u00a0 \u00a0 \u00a0 Manu\u0101la<\/div>\n<\/div>\n<div class=\"EBI4ProductParametr\">\n<div class=\"EBI4ProductParametrTitle\">E\u013c\u013co\u0161anas sist\u0113ma\u00a0 \u00a0 \u00a0 \u00a0 \u00a0 \u00a0 \u00a0 \u00a0 \u00a0 \u00a0Pumpis mehaniskais<\/div>\n<\/div>\n<div class=\"EBI4ProductParametr\">\n<div class=\"EBI4ProductParametrTitle\">\u0100trumu p\u0101rnesums\u00a0 \u00a0 \u00a0 \u00a0 \u00a0 \u00a0 \u00a0 \u00a0 2.15:1<\/div>\n<\/div>\n<div class=\"EBI4ProductParametr\">\n<div class=\"EBI4ProductParametrTitle\">Vad\u012bbas tips\u00a0 \u00a0 \u00a0 \u00a0 \u00a0 \u00a0 \u00a0 \u00a0 \u00a0 \u00a0 \u00a0 \u00a0 \u00a0 \u00a0 \u00a0Rumpelis<\/div>\n<\/div>\n<div class=\"EBI4ProductParametr\">\n<div class=\"EBI4ProductParametrTitle\">Sve\u010du tips\u00a0 \u00a0 \u00a0 \u00a0 \u00a0 \u00a0 \u00a0 \u00a0 \u00a0 \u00a0 \u00a0 \u00a0 \u00a0 \u00a0 \u00a0 \u00a0 \u00a0NGK DCPR6E<\/div>\n<\/div>\n<div class=\"EBI4ProductParametr\">\n<div class=\"EBI4ProductParametrTitle\">Motore\u013c\u013cas tips\u00a0 \u00a0 \u00a0 \u00a0 \u00a0 \u00a0 \u00a0 \u00a0 \u00a0 \u00a0 \u00a0 \u00a0 NMMA Certified FC-W\u00ae 4-stroke oil** SAE 10W-40 (SF, SG, SH, SJ)<\/div>\n<\/div>\n<div class=\"EBI4ProductParametr\">\n<div class=\"EBI4ProductParametrTitle\">E\u013c\u013cas tilpums karter\u012b ml\u00a0 \u00a0 \u00a0 \u00a0 \u00a0450<\/div>\n<\/div>\n<div class=\"EBI4ProductParametr\">\n<div class=\"EBI4ProductParametrTitle\">Degvielas tips\u00a0 \u00a0 \u00a0 \u00a0 \u00a0 \u00a0 \u00a0 \u00a0 \u00a0 \u00a0 \u00a0 \u00a0 \u00a0 Benz\u012bns 98<\/div>\n<\/div>\n<div class=\"EBI4ProductParametr\">\n<div class=\"EBI4ProductParametrTitle\">Dzenskr\u016bves solis<\/p>\n<div class=\"EBI4ProductParametrInfoImage\">K\u0101jas garums collas\u00a0 \u00a0 \u00a0 \u00a0 \u00a0 \u00a0 \u00a0 \u00a025&#8243;<\/div>\n<\/div>\n<\/div>\n<div class=\"EBI4ProductParametr\">\n<div class=\"EBI4ProductParametrTitle\">Svars kg\u00a0 \u00a0 \u00a0 \u00a0 \u00a0 \u00a0 \u00a0 \u00a0 \u00a0 \u00a0 \u00a0 \u00a0 \u00a0 \u00a0 \u00a0 \u00a0 \u00a0 \u00a0 27<\/div>\n<div><\/div>\n<\/div>\n<div class=\"EBI4ProductParametrGroup\">Papildinform\u0101cija<\/div>\n<div class=\"EBI4ProductParametr\">\n<div class=\"EBI4ProductParametrTitle\">Garantija\u00a0 \u00a0 \u00a0 \u00a0 \u00a0 \u00a0 \u00a0 \u00a0 \u00a0 \u00a0 \u00a0 \u00a0 \u00a0 \u00a0 \u00a0 \u00a0 \u00a05 Gadi<\/div>\n<div>Speci\u0101la versija buru laiv\u0101m un jaht\u0101m . Apr\u012bkots ar speci\u0101lu liela diametra vilkmes dzenskr\u016bvi un \u0123ener\u0101toru . K\u0101jas garums 25 collas.<\/div>\n<\/div>\n","protected":false},"excerpt":{"rendered":"<p>PRECES GALVENIE PARAMETRI Pieg\u0101d\u0101t\u0101js\u00a0 \u00a0 \u00a0 \u00a0 \u00a0 \u00a0 \u00a0 \u00a0 \u00a0 \u00a0 \u00a0 \u00a0 \u00a0 Tohatsu (Jap\u0101na) Preces kods\u00a0 \u00a0 \u00a0 \u00a0 \u00a0 \u00a0 \u00a0 \u00a0 \u00a0 \u00a0 \u00a0 \u00a0 \u00a0 MFS6DSULSAILPRO Svars ar iepakojumu (kg)\u00a0 30.000 Pamatparametri Jauda Kw\u00a0 \u00a0 \u00a0 \u00a0 \u00a0 \u00a0 \u00a0 \u00a0 \u00a0 \u00a0 \u00a0 \u00a0 \u00a0 \u00a0 \u00a0 [&hellip;]<\/p>\n","protected":false},"featured_media":23487,"comment_status":"open","ping_status":"closed","template":"","meta":[],"product_brand":[],"product_cat":[844,841],"product_tag":[],"class_list":{"0":"post-23486","1":"product","2":"type-product","3":"status-publish","4":"has-post-thumbnail","6":"product_cat-piekaramie-un-stacionarie-dzineji","7":"product_cat-tohatsu","9":"first","10":"instock","11":"taxable","12":"shipping-taxable","13":"purchasable","14":"product-type-simple"},"jetpack_sharing_enabled":true,"_links":{"self":[{"href":"https:\/\/shop.bushboats.com\/index.php\/wp-json\/wp\/v2\/product\/23486","targetHints":{"allow":["GET"]}}],"collection":[{"href":"https:\/\/shop.bushboats.com\/index.php\/wp-json\/wp\/v2\/product"}],"about":[{"href":"https:\/\/shop.bushboats.com\/index.php\/wp-json\/wp\/v2\/types\/product"}],"replies":[{"embeddable":true,"href":"https:\/\/shop.bushboats.com\/index.php\/wp-json\/wp\/v2\/comments?post=23486"}],"wp:featuredmedia":[{"embeddable":true,"href":"https:\/\/shop.bushboats.com\/index.php\/wp-json\/wp\/v2\/media\/23487"}],"wp:attachment":[{"href":"https:\/\/shop.bushboats.com\/index.php\/wp-json\/wp\/v2\/media?parent=23486"}],"wp:term":[{"taxonomy":"product_brand","embeddable":true,"href":"https:\/\/shop.bushboats.com\/index.php\/wp-json\/wp\/v2\/product_brand?post=23486"},{"taxonomy":"product_cat","embeddable":true,"href":"https:\/\/shop.bushboats.com\/index.php\/wp-json\/wp\/v2\/product_cat?post=23486"},{"taxonomy":"product_tag","embeddable":true,"href":"https:\/\/shop.bushboats.com\/index.php\/wp-json\/wp\/v2\/product_tag?post=23486"}],"curies":[{"name":"wp","href":"https:\/\/api.w.org\/{rel}","templated":true}]}}