{"id":23511,"date":"2025-02-19T19:36:42","date_gmt":"2025-02-19T17:36:42","guid":{"rendered":"https:\/\/shop.bushboats.com\/?post_type=product&#038;p=23511"},"modified":"2025-02-19T19:36:42","modified_gmt":"2025-02-19T17:36:42","slug":"dzinejs-tohatsu-mfs9-8befts-ar-elektrostarteri-un-tiltu","status":"publish","type":"product","link":"https:\/\/shop.bushboats.com\/index.php\/produkts\/dzinejs-tohatsu-mfs9-8befts-ar-elektrostarteri-un-tiltu\/","title":{"rendered":"Dzin\u0113js Tohatsu MFS9.8BEFTS ar elektrostarteri un tiltu"},"content":{"rendered":"<div class=\"EBI4ProductParametrGroup\">PRECES GALVENIE PARAMETRI<\/div>\n<div><\/div>\n<div class=\"EBI4ProductParametr\">\n<div class=\"EBI4ProductParametrTitle\">Pieg\u0101d\u0101t\u0101js\u00a0 \u00a0 \u00a0 \u00a0 \u00a0 \u00a0 \u00a0 \u00a0 \u00a0 \u00a0 \u00a0 \u00a0 \u00a0 \u00a0 \u00a0 \u00a0Tohatsu (Jap\u0101na)<\/div>\n<\/div>\n<div class=\"EBI4ProductParametr\">\n<div class=\"EBI4ProductParametrTitle\">Preces kods\u00a0 \u00a0 \u00a0 \u00a0 \u00a0 \u00a0 \u00a0 \u00a0 \u00a0 \u00a0 \u00a0 \u00a0 \u00a0 \u00a0 \u00a0 \u00a0MFS9.8BEFTS<\/div>\n<\/div>\n<div class=\"EBI4ProductParametr\">\n<div class=\"EBI4ProductParametrTitle\">Svars ar iepakojumu (kg)\u00a0 \u00a0 \u00a0 \u00a046.000<\/div>\n<div><\/div>\n<\/div>\n<div class=\"EBI4ProductParametrGroup\">Pamatparametri<\/div>\n<div class=\"EBI4ProductParametr\">\n<div class=\"EBI4ProductParametrTitle\">Jauda Kw\u00a0 \u00a0 \u00a0 \u00a0 \u00a0 \u00a0 \u00a0 \u00a0 \u00a0 \u00a0 \u00a0 \u00a0 \u00a0 \u00a0 \u00a0 \u00a0 \u00a0 \u00a07.2<\/div>\n<\/div>\n<div class=\"EBI4ProductParametr\">\n<div class=\"EBI4ProductParametrTitle\">Zirgsp\u0113ki Hp\u00a0 \u00a0 \u00a0 \u00a0 \u00a0 \u00a0 \u00a0 \u00a0 \u00a0 \u00a0 \u00a0 \u00a0 \u00a0 \u00a0 \u00a09.8<\/div>\n<\/div>\n<div class=\"EBI4ProductParametr\">\n<div class=\"EBI4ProductParametrTitle\">Maksim\u0101lie Apgr. Min-Max\u00a0 5000-6000<\/div>\n<\/div>\n<div class=\"EBI4ProductParametr\">\n<div class=\"EBI4ProductParametrTitle\">Cilindri\u00a0 \u00a0 \u00a0 \u00a0 \u00a0 \u00a0 \u00a0 \u00a0 \u00a0 \u00a0 \u00a0 \u00a0 \u00a0 \u00a0 \u00a0 \u00a0 \u00a0 \u00a0 \u00a0 2<\/div>\n<\/div>\n<div class=\"EBI4ProductParametr\">\n<div class=\"EBI4ProductParametrTitle\">Darba apjoms cc\u00a0 \u00a0 \u00a0 \u00a0 \u00a0 \u00a0 \u00a0 \u00a0 \u00a0 \u00a0 \u00a0 209<\/div>\n<\/div>\n<div class=\"EBI4ProductParametr\">\n<div class=\"EBI4ProductParametrTitle\">Cilindra diametrs mm<\/div>\n<div class=\"EBI4ProductParametrTitle\">\u0122enerators\u00a0 \u00a0 \u00a0 \u00a0 \u00a0 \u00a0 \u00a0 \u00a0 \u00a0 \u00a0 \u00a0 \u00a0 \u00a0 \u00a0 \u00a0 \u00a012V 6A<\/div>\n<\/div>\n<div class=\"EBI4ProductParametr\">\n<div class=\"EBI4ProductParametrTitle\">Palaid\u0113ja sist\u0113ma\u00a0 \u00a0 \u00a0 \u00a0 \u00a0 \u00a0 \u00a0 \u00a0 \u00a0 \u00a0 Rokas un elektrisk\u0101<\/div>\n<\/div>\n<div class=\"EBI4ProductParametr\">\n<div class=\"EBI4ProductParametrTitle\">E\u013c\u013co\u0161anas sist\u0113ma<\/div>\n<div class=\"EBI4ProductParametrTitle\">\u0100trumu p\u0101rnesums<\/div>\n<\/div>\n<div class=\"EBI4ProductParametr\">\n<div class=\"EBI4ProductParametrTitle\">\n<div class=\"EBI4ProductParametrInfoImage\">Vad\u012bbas tips\u00a0 \u00a0 \u00a0 \u00a0 \u00a0 \u00a0 \u00a0 \u00a0 \u00a0 \u00a0 \u00a0 \u00a0 \u00a0 \u00a0 \u00a0Rumpelis<\/div>\n<\/div>\n<\/div>\n<div class=\"EBI4ProductParametr\">\n<div class=\"EBI4ProductParametrTitle\">Sve\u010du tips<\/p>\n<div class=\"EBI4ProductParametrInfoImage\">Motore\u013c\u013cas tips<\/div>\n<\/div>\n<\/div>\n<div class=\"EBI4ProductParametr\">\n<div class=\"EBI4ProductParametrTitle\">\n<div class=\"EBI4ProductParametrInfoImage\">E\u013c\u013cas tilpums karter\u012b ml<\/div>\n<\/div>\n<\/div>\n<div class=\"EBI4ProductParametr\">\n<div class=\"EBI4ProductParametrTitle\">\n<div class=\"EBI4ProductParametrInfoImage\">Degvielas tips<\/div>\n<\/div>\n<\/div>\n<div class=\"EBI4ProductParametr\">\n<div class=\"EBI4ProductParametrTitle\">\n<div class=\"EBI4ProductParametrInfoImage\">Dzenskr\u016bves solis<\/div>\n<\/div>\n<\/div>\n<div class=\"EBI4ProductParametr\">\n<div class=\"EBI4ProductParametrTitle\">\n<div class=\"EBI4ProductParametrInfoImage\">K\u0101jas garums collas\u00a0 \u00a0 \u00a0 \u00a0 \u00a0 \u00a0 \u00a0 \u00a0 15<\/div>\n<\/div>\n<\/div>\n<div class=\"EBI4ProductParametr\">\n<div class=\"EBI4ProductParametrTitle\">Svars kg\u00a0 \u00a0 \u00a0 \u00a0 \u00a0 \u00a0 \u00a0 \u00a0 \u00a0 \u00a0 \u00a0 \u00a0 \u00a0 \u00a0 \u00a0 \u00a0 \u00a0 \u00a0 46<\/div>\n<div><\/div>\n<\/div>\n<div class=\"EBI4ProductParametrGroup\">Papildinform\u0101cija<\/div>\n<div class=\"EBI4ProductParametr\">\n<div class=\"EBI4ProductParametrTitle\">Garantija\u00a0 \u00a0 \u00a0 \u00a0 \u00a0 \u00a0 \u00a0 \u00a0 \u00a0 \u00a0 \u00a0 \u00a0 \u00a0 \u00a0 \u00a0 \u00a0 \u00a0 5 Gadi<\/div>\n<\/div>\n","protected":false},"excerpt":{"rendered":"<p>PRECES GALVENIE PARAMETRI Pieg\u0101d\u0101t\u0101js\u00a0 \u00a0 \u00a0 \u00a0 \u00a0 \u00a0 \u00a0 \u00a0 \u00a0 \u00a0 \u00a0 \u00a0 \u00a0 \u00a0 \u00a0 \u00a0Tohatsu (Jap\u0101na) Preces kods\u00a0 \u00a0 \u00a0 \u00a0 \u00a0 \u00a0 \u00a0 \u00a0 \u00a0 \u00a0 \u00a0 \u00a0 \u00a0 \u00a0 \u00a0 \u00a0MFS9.8BEFTS Svars ar iepakojumu (kg)\u00a0 \u00a0 \u00a0 \u00a046.000 Pamatparametri Jauda Kw\u00a0 \u00a0 \u00a0 \u00a0 \u00a0 \u00a0 \u00a0 \u00a0 \u00a0 [&hellip;]<\/p>\n","protected":false},"featured_media":23512,"comment_status":"open","ping_status":"closed","template":"","meta":[],"product_brand":[],"product_cat":[844,841],"product_tag":[],"class_list":{"0":"post-23511","1":"product","2":"type-product","3":"status-publish","4":"has-post-thumbnail","6":"product_cat-piekaramie-un-stacionarie-dzineji","7":"product_cat-tohatsu","9":"first","10":"instock","11":"taxable","12":"shipping-taxable","13":"purchasable","14":"product-type-simple"},"jetpack_sharing_enabled":true,"_links":{"self":[{"href":"https:\/\/shop.bushboats.com\/index.php\/wp-json\/wp\/v2\/product\/23511","targetHints":{"allow":["GET"]}}],"collection":[{"href":"https:\/\/shop.bushboats.com\/index.php\/wp-json\/wp\/v2\/product"}],"about":[{"href":"https:\/\/shop.bushboats.com\/index.php\/wp-json\/wp\/v2\/types\/product"}],"replies":[{"embeddable":true,"href":"https:\/\/shop.bushboats.com\/index.php\/wp-json\/wp\/v2\/comments?post=23511"}],"wp:featuredmedia":[{"embeddable":true,"href":"https:\/\/shop.bushboats.com\/index.php\/wp-json\/wp\/v2\/media\/23512"}],"wp:attachment":[{"href":"https:\/\/shop.bushboats.com\/index.php\/wp-json\/wp\/v2\/media?parent=23511"}],"wp:term":[{"taxonomy":"product_brand","embeddable":true,"href":"https:\/\/shop.bushboats.com\/index.php\/wp-json\/wp\/v2\/product_brand?post=23511"},{"taxonomy":"product_cat","embeddable":true,"href":"https:\/\/shop.bushboats.com\/index.php\/wp-json\/wp\/v2\/product_cat?post=23511"},{"taxonomy":"product_tag","embeddable":true,"href":"https:\/\/shop.bushboats.com\/index.php\/wp-json\/wp\/v2\/product_tag?post=23511"}],"curies":[{"name":"wp","href":"https:\/\/api.w.org\/{rel}","templated":true}]}}