{"id":23576,"date":"2025-02-20T19:30:40","date_gmt":"2025-02-20T17:30:40","guid":{"rendered":"https:\/\/shop.bushboats.com\/?post_type=product&#038;p=23576"},"modified":"2025-02-20T19:31:59","modified_gmt":"2025-02-20T17:31:59","slug":"dzinejs-tohatsu-20-eepl-bez-pt-ar-starteri-generatoru-un-distances-vadibu","status":"publish","type":"product","link":"https:\/\/shop.bushboats.com\/index.php\/produkts\/dzinejs-tohatsu-20-eepl-bez-pt-ar-starteri-generatoru-un-distances-vadibu\/","title":{"rendered":"Dzin\u0113js TOHATSU 20 EEPL bez PT ar starteri, \u0123eneratoru un distances vad\u012bbu"},"content":{"rendered":"<div class=\"EBI4ProductParametrGroup\">PRECES GALVENIE PARAMETRI<\/div>\n<div><\/div>\n<div class=\"EBI4ProductParametr\">\n<div class=\"EBI4ProductParametrTitle\">Pieg\u0101d\u0101t\u0101js\u00a0 \u00a0 \u00a0 \u00a0 \u00a0 \u00a0 \u00a0 \u00a0 \u00a0 \u00a0 \u00a0 \u00a0 \u00a0 \u00a0 Tohatsu (Jap\u0101na)<\/div>\n<\/div>\n<div class=\"EBI4ProductParametr\">\n<div class=\"EBI4ProductParametrTitle\">Preces kods\u00a0 \u00a0 \u00a0 \u00a0 \u00a0 \u00a0 \u00a0 \u00a0 \u00a0 \u00a0 \u00a0 \u00a0 \u00a0 \u00a0MFS20EEPL<\/div>\n<\/div>\n<div class=\"EBI4ProductParametr\">\n<div class=\"EBI4ProductParametrTitle\">\n<p>Svars ar iepakojumu (kg)\u00a0 \u00a057<\/p>\n<div class=\"EBI4ProductParametrInfoImage\"><\/div>\n<\/div>\n<div class=\"EBI4ProductParametrText\">Pamatparametri<\/div>\n<\/div>\n<div class=\"EBI4ProductParametr\">\n<div class=\"EBI4ProductParametrTitle\">Jauda Kw\u00a0 \u00a0 \u00a0 \u00a0 \u00a0 \u00a0 \u00a0 \u00a0 \u00a0 \u00a0 \u00a0 \u00a0 \u00a0 \u00a0 \u00a0 \u00a0 \u00a0 \u00a0 \u00a014.7<\/div>\n<\/div>\n<div class=\"EBI4ProductParametr\">\n<div class=\"EBI4ProductParametrTitle\">Zirgsp\u0113ki Hp\u00a0 \u00a0 \u00a0 \u00a0 \u00a0 \u00a0 \u00a0 \u00a0 \u00a0 \u00a0 \u00a0 \u00a0 \u00a0 \u00a0 \u00a0 \u00a020<\/div>\n<\/div>\n<div class=\"EBI4ProductParametr\">\n<div class=\"EBI4ProductParametrTitle\">Maksim\u0101lie Apgr. Min-Max\u00a0 \u00a0 5400-6100<\/div>\n<\/div>\n<div class=\"EBI4ProductParametr\">\n<div class=\"EBI4ProductParametrTitle\">Cilindri\u00a0 \u00a0 \u00a0 \u00a0 \u00a0 \u00a0 \u00a0 \u00a0 \u00a0 \u00a0 \u00a0 \u00a0 \u00a0 \u00a0 \u00a0 \u00a0 \u00a0 \u00a0 \u00a0 \u00a0 2<\/div>\n<\/div>\n<div class=\"EBI4ProductParametr\">\n<div class=\"EBI4ProductParametrTitle\">Darba apjoms cc\u00a0 \u00a0 \u00a0 \u00a0 \u00a0 \u00a0 \u00a0 \u00a0 \u00a0 \u00a0 \u00a0 \u00a0333<\/div>\n<\/div>\n<div class=\"EBI4ProductParametr\">\n<div class=\"EBI4ProductParametrTitle\">Cilindra diametrs mm\u00a0 \u00a0 \u00a0 \u00a0 \u00a0 \u00a0 \u00a061x57mm<\/div>\n<\/div>\n<div class=\"EBI4ProductParametr\">\n<div class=\"EBI4ProductParametrTitle\">\u0122enerators\u00a0 \u00a0 \u00a0 \u00a0 \u00a0 \u00a0 \u00a0 \u00a0 \u00a0 \u00a0 \u00a0 \u00a0 \u00a0 \u00a0 \u00a0 \u00a0 \u00a012V 145W 12A<\/div>\n<\/div>\n<div class=\"EBI4ProductParametr\">\n<div class=\"EBI4ProductParametrTitle\">Palaid\u0113ja sist\u0113ma\u00a0 \u00a0 \u00a0 \u00a0 \u00a0 \u00a0 \u00a0 \u00a0 \u00a0 \u00a0 \u00a0Elektriskais vai Rokas starteris<\/div>\n<\/div>\n<div class=\"EBI4ProductParametr\">\n<div class=\"EBI4ProductParametrTitle\">E\u013c\u013co\u0161anas sist\u0113ma\u00a0 \u00a0 \u00a0 \u00a0 \u00a0 \u00a0 \u00a0 \u00a0 \u00a0 \u00a0 E\u013c\u013cas s\u016bknis<\/div>\n<\/div>\n<div class=\"EBI4ProductParametr\">\n<div class=\"EBI4ProductParametrTitle\">\u0100trumu p\u0101rnesums\u00a0 \u00a0 \u00a0 \u00a0 \u00a0 \u00a0 \u00a0 \u00a0 \u00a0R-N-F<\/div>\n<\/div>\n<div class=\"EBI4ProductParametr\">\n<div class=\"EBI4ProductParametrTitle\">Vad\u012bbas tips\u00a0 \u00a0 \u00a0 \u00a0 \u00a0 \u00a0 \u00a0 \u00a0 \u00a0 \u00a0 \u00a0 \u00a0 \u00a0 \u00a0 \u00a0 T\u0101lvad\u012bba<\/div>\n<\/div>\n<div class=\"EBI4ProductParametr\">\n<div class=\"EBI4ProductParametrTitle\">Sve\u010du tips\u00a0 \u00a0 \u00a0 \u00a0 \u00a0 \u00a0 \u00a0 \u00a0 \u00a0 \u00a0 \u00a0 \u00a0 \u00a0 \u00a0 \u00a0 \u00a0 \u00a0 NGK DCPR6E<\/div>\n<\/div>\n<div class=\"EBI4ProductParametr\">\n<div class=\"EBI4ProductParametrTitle\">Motore\u013c\u013cas tips\u00a0 \u00a0 \u00a0 \u00a0 \u00a0 \u00a0 \u00a0 \u00a0 \u00a0 \u00a0 \u00a0 \u00a0 \u00a0NMMA Certified FC-W\u00ae 4-Taktu e\u013c\u013ca SAE 10W-30\/40 (SF, SG, SH, SJ)<\/div>\n<\/div>\n<div class=\"EBI4ProductParametr\">\n<div class=\"EBI4ProductParametrTitle\">E\u013c\u013cas tilpums karter\u012b ml\u00a0 \u00a0 \u00a0 \u00a0 \u00a01 L<\/div>\n<\/div>\n<div class=\"EBI4ProductParametr\">\n<div class=\"EBI4ProductParametrTitle\">Degvielas tips\u00a0 \u00a0 \u00a0 \u00a0 \u00a0 \u00a0 \u00a0 \u00a0 \u00a0 \u00a0 \u00a0 \u00a0 \u00a0 \u00a0Benz\u012bns 98<\/div>\n<\/div>\n<div class=\"EBI4ProductParametr\">\n<div class=\"EBI4ProductParametrTitle\">Dzenskr\u016bves solis\u00a0 \u00a0 \u00a0 \u00a0 \u00a0 \u00a0 \u00a0 \u00a0 \u00a0 \u00a0 6&#8243; &#8211; 11.5&#8243;<\/div>\n<\/div>\n<div class=\"EBI4ProductParametr\">\n<div class=\"EBI4ProductParametrTitle\">K\u0101jas garums collas\u00a0 \u00a0 \u00a0 \u00a0 \u00a0 \u00a0 \u00a0 \u00a0 20&#8243;<\/div>\n<\/div>\n<div class=\"EBI4ProductParametr\">\n<div class=\"EBI4ProductParametrTitle\">Svars kg\u00a0 \u00a0 \u00a0 \u00a0 \u00a0 \u00a0 \u00a0 \u00a0 \u00a0 \u00a0 \u00a0 \u00a0 \u00a0 \u00a0 \u00a0 \u00a0 \u00a0 \u00a0 \u00a046<\/div>\n<div><\/div>\n<\/div>\n<div class=\"EBI4ProductParametrGroup\">Papildinform\u0101cija<\/div>\n<div class=\"EBI4ProductParametr\">\n<div class=\"EBI4ProductParametrTitle\">Garantija\u00a0 \u00a0 \u00a0 \u00a0 \u00a0 \u00a0 \u00a0 \u00a0 \u00a0 \u00a0 \u00a0 \u00a0 \u00a0 \u00a0 \u00a0 \u00a0 \u00a0 5 Gadi<\/div>\n<\/div>\n<div><\/div>\n<div><a href=\"https:\/\/shop.bushboats.com\/wp-content\/uploads\/2025\/02\/P5941-TOHATSU_2022_20-30.pdf\">P5941-TOHATSU_2022_20-30<\/a><\/div>\n","protected":false},"excerpt":{"rendered":"<p>PRECES GALVENIE PARAMETRI Pieg\u0101d\u0101t\u0101js\u00a0 \u00a0 \u00a0 \u00a0 \u00a0 \u00a0 \u00a0 \u00a0 \u00a0 \u00a0 \u00a0 \u00a0 \u00a0 \u00a0 Tohatsu (Jap\u0101na) Preces kods\u00a0 \u00a0 \u00a0 \u00a0 \u00a0 \u00a0 \u00a0 \u00a0 \u00a0 \u00a0 \u00a0 \u00a0 \u00a0 \u00a0MFS20EEPL Svars ar iepakojumu (kg)\u00a0 \u00a057 Pamatparametri Jauda Kw\u00a0 \u00a0 \u00a0 \u00a0 \u00a0 \u00a0 \u00a0 \u00a0 \u00a0 \u00a0 \u00a0 \u00a0 \u00a0 \u00a0 [&hellip;]<\/p>\n","protected":false},"featured_media":23581,"comment_status":"open","ping_status":"closed","template":"","meta":[],"product_brand":[],"product_cat":[844,841],"product_tag":[],"class_list":{"0":"post-23576","1":"product","2":"type-product","3":"status-publish","4":"has-post-thumbnail","6":"product_cat-piekaramie-un-stacionarie-dzineji","7":"product_cat-tohatsu","9":"first","10":"instock","11":"taxable","12":"shipping-taxable","13":"purchasable","14":"product-type-simple"},"jetpack_sharing_enabled":true,"_links":{"self":[{"href":"https:\/\/shop.bushboats.com\/index.php\/wp-json\/wp\/v2\/product\/23576","targetHints":{"allow":["GET"]}}],"collection":[{"href":"https:\/\/shop.bushboats.com\/index.php\/wp-json\/wp\/v2\/product"}],"about":[{"href":"https:\/\/shop.bushboats.com\/index.php\/wp-json\/wp\/v2\/types\/product"}],"replies":[{"embeddable":true,"href":"https:\/\/shop.bushboats.com\/index.php\/wp-json\/wp\/v2\/comments?post=23576"}],"wp:featuredmedia":[{"embeddable":true,"href":"https:\/\/shop.bushboats.com\/index.php\/wp-json\/wp\/v2\/media\/23581"}],"wp:attachment":[{"href":"https:\/\/shop.bushboats.com\/index.php\/wp-json\/wp\/v2\/media?parent=23576"}],"wp:term":[{"taxonomy":"product_brand","embeddable":true,"href":"https:\/\/shop.bushboats.com\/index.php\/wp-json\/wp\/v2\/product_brand?post=23576"},{"taxonomy":"product_cat","embeddable":true,"href":"https:\/\/shop.bushboats.com\/index.php\/wp-json\/wp\/v2\/product_cat?post=23576"},{"taxonomy":"product_tag","embeddable":true,"href":"https:\/\/shop.bushboats.com\/index.php\/wp-json\/wp\/v2\/product_tag?post=23576"}],"curies":[{"name":"wp","href":"https:\/\/api.w.org\/{rel}","templated":true}]}}