{"id":23585,"date":"2025-02-20T19:30:40","date_gmt":"2025-02-20T17:30:40","guid":{"rendered":"https:\/\/shop.bushboats.com\/index.php\/produkts\/dzinejs-tohatsu-20-eepl-bez-pt-ar-starteri-generatoru-un-distances-vadibu\/"},"modified":"2025-10-15T22:51:33","modified_gmt":"2025-10-15T19:51:33","slug":"dzinejs-tohatsu-20-eepl-bez-pt-ar-starteri-generatoru-un-distances-vadibu","status":"publish","type":"product","link":"https:\/\/shop.bushboats.com\/index.php\/produkts\/dzinejs-tohatsu-20-eepl-bez-pt-ar-starteri-generatoru-un-distances-vadibu\/?lang=ru","title":{"rendered":"\u0414\u0432\u0438\u0433\u0430\u0442\u0435\u043b\u044c TOHATSU 20 EEPL \u0431\u0435\u0437 \u041f\u0422 \u0441\u043e \u0441\u0442\u0430\u0440\u0442\u0435\u0440\u043e\u043c, \u0433\u0435\u043d\u0435\u0440\u0430\u0442\u043e\u0440\u043e\u043c \u0438 \u0434\u0438\u0441\u0442\u0430\u043d\u0446\u0438\u043e\u043d\u043d\u044b\u043c \u0443\u043f\u0440\u0430\u0432\u043b\u0435\u043d\u0438\u0435\u043c"},"content":{"rendered":"<div class=\"EBI4ProductParametrGroup\">\n<div class=\"EBI4ProductParametrGroup\">\u0413\u041b\u0410\u0412\u041d\u042b\u0415 \u041f\u0410\u0420\u0410\u041c\u0415\u0422\u0420\u042b \u041f\u0420\u041e\u0414\u0423\u041a\u0422\u0410<\/div>\n<div><\/div>\n<div class=\"EBI4ProductParametr\">\n<div class=\"EBI4ProductParametrTitle\">\u041f\u043e\u0441\u0442\u0430\u0432\u0449\u0438\u043a\u00a0 \u00a0 \u00a0 \u00a0 \u00a0 \u00a0 \u00a0 \u00a0 \u00a0 \u00a0 \u00a0 \u00a0 \u00a0 \u00a0 \u00a0 \u00a0 Tohatsu (\u042f\u043f\u043e\u043d\u0438\u044f)<\/div>\n<\/div>\n<div class=\"EBI4ProductParametr\">\n<div class=\"EBI4ProductParametrTitle\">\u041a\u043e\u0434 \u043f\u0440\u043e\u0434\u0443\u043a\u0442\u0430\u00a0 \u00a0 \u00a0 \u00a0 \u00a0 \u00a0 \u00a0 \u00a0 \u00a0 \u00a0 \u00a0 \u00a0 \u00a0 \u00a0MFS20EEPL<\/div>\n<\/div>\n<div class=\"EBI4ProductParametr\">\n<div class=\"EBI4ProductParametrTitle\">\n<p>\u0412\u0435\u0441 \u0441 \u0443\u043f\u0430\u043a\u043e\u0432\u043a\u043e\u0439 (\u043a\u0433)\u00a0 \u00a0 \u00a0 \u00a0 \u00a0 \u00a0 \u00a0 57<\/p>\n<div class=\"EBI4ProductParametrInfoImage\"><\/div>\n<\/div>\n<div class=\"EBI4ProductParametrText\">O\u0441\u043d\u043e\u0432\u043d\u044b\u0435 \u043f\u0430\u0440\u0430\u043c\u0435\u0442\u0440\u044b<\/div>\n<\/div>\n<div class=\"EBI4ProductParametr\">\n<div class=\"EBI4ProductParametrTitle\">\u041c\u043e\u0449\u043d\u043e\u0441\u0442\u044c Kw\u00a0 \u00a0 \u00a0 \u00a0 \u00a0 \u00a0 \u00a0 \u00a0 \u00a0 \u00a0 \u00a0 \u00a0 14.7<\/div>\n<\/div>\n<div class=\"EBI4ProductParametr\">\n<div class=\"EBI4ProductParametrTitle\">\u041b\u043e\u0448\u0430\u0434\u0438\u043d\u044b\u0435 \u0441\u0438\u043b\u044b Hp\u00a0 \u00a0 \u00a0 \u00a0 \u00a0 20<\/div>\n<\/div>\n<div class=\"EBI4ProductParametr\">\n<div class=\"EBI4ProductParametrTitle\">\u041e\u0431\u043e\u0440\u043e\u0442\u044b \u041c\u0430\u043a\u0441. Min-Max\u00a0 \u00a0 5400-6100<\/div>\n<\/div>\n<div class=\"EBI4ProductParametr\">\n<div class=\"EBI4ProductParametrTitle\">\u0426\u0438\u043b\u0438\u043d\u0434\u0440\u044b\u00a0 \u00a0 \u00a0 \u00a0 \u00a0 \u00a0 \u00a0 \u00a0 \u00a0 \u00a0 \u00a0 \u00a0 \u00a0 \u00a0 \u00a0 2<\/div>\n<\/div>\n<div class=\"EBI4ProductParametr\">\n<div class=\"EBI4ProductParametrTitle\">\u041e\u0431\u044a\u0435\u043c \u0440\u0430\u0431\u043e\u0442\u044b cc\u00a0 \u00a0 \u00a0 \u00a0 \u00a0 \u00a0 \u00a0 \u00a0 \u00a0 \u00a0333<\/div>\n<\/div>\n<div class=\"EBI4ProductParametr\">\n<div class=\"EBI4ProductParametrTitle\">\u0414\u0438\u0430\u043c\u0435\u0442\u0440 \u0446\u0438\u043b\u0438\u043d\u0434\u0440\u0430 mm\u00a0 \u00a0 \u00a0 61x57mm<\/div>\n<\/div>\n<div class=\"EBI4ProductParametr\">\n<div class=\"EBI4ProductParametrTitle\">\u0413\u0435\u043d\u0435\u0440\u0430\u0442\u043e\u0440\u00a0 \u00a0 \u00a0 \u00a0 \u00a0 \u00a0 \u00a0 \u00a0 \u00a0 \u00a0 \u00a0 \u00a0 \u00a0 \u00a0 \u00a0 \u00a012V 145W 12A<\/div>\n<\/div>\n<div class=\"EBI4ProductParametr\">\n<div class=\"EBI4ProductParametrTitle\">\u0421\u0442\u0430\u0440\u0442\u043e\u0432\u0430\u044f \u0441\u0438\u0441\u0442\u0435\u043c\u0430\u00a0 \u00a0 \u00a0 \u00a0 \u00a0 \u00a0 \u00a0 \u00a0Elektriskais vai Rokas starteris<\/div>\n<\/div>\n<div class=\"EBI4ProductParametr\">\n<div class=\"EBI4ProductParametrTitle\">\u0421\u0438\u0441\u0442\u0435\u043c\u0430 \u0441\u043c\u0430\u0437\u043a\u0438\u00a0 \u00a0 \u00a0 \u00a0 \u00a0 \u00a0 \u00a0 \u00a0 \u00a0 \u00a0 E\u013c\u013cas s\u016bknis<\/div>\n<\/div>\n<div class=\"EBI4ProductParametr\">\n<div class=\"EBI4ProductParametrTitle\">\u0421\u043a\u043e\u0440\u043e\u0441\u0442\u044c \u043f\u0435\u0440\u0435\u0434\u0430\u0447\u00a0 \u00a0 \u00a0 \u00a0 \u00a0 \u00a0 \u00a0 \u00a0 R-N-F<\/div>\n<\/div>\n<div class=\"EBI4ProductParametr\">\n<div class=\"EBI4ProductParametrTitle\">\u0422\u0438\u043f \u0443\u043f\u0440\u0430\u0432\u043b\u0435\u043d\u0438\u044f\u00a0 \u00a0 \u00a0 \u00a0 \u00a0 \u00a0 \u00a0 \u00a0 \u00a0 \u0414\u0438\u0441\u0442\u0430\u043d\u0446\u0438\u043e\u043d\u043d\u043e\u0435 \u0443\u043f\u0440\u0430\u0432\u043b\u0435\u043d\u0438\u0435<\/div>\n<\/div>\n<div class=\"EBI4ProductParametr\">\n<div class=\"EBI4ProductParametrTitle\">\u0422\u0438\u043f \u0441\u0432\u0435\u0447\u0435\u0439\u00a0 \u00a0 \u00a0 \u00a0 \u00a0 \u00a0 \u00a0 \u00a0 \u00a0 \u00a0 \u00a0 \u00a0 \u00a0 \u00a0 NGK DCPR6E<\/div>\n<\/div>\n<div class=\"EBI4ProductParametr\">\n<div class=\"EBI4ProductParametrTitle\">\u041c\u0430\u0441\u043b\u043e \u0434\u0432\u0438\u0433\u0430\u0442\u0435\u043b\u044f\u00a0 \u00a0 \u00a0 \u00a0 \u00a0 \u00a0 \u00a0 \u00a0 NMMA Certified FC-W\u00ae 4-Taktu e\u013c\u013ca SAE 10W-30\/40 (SF, SG, SH, SJ)<\/div>\n<\/div>\n<div class=\"EBI4ProductParametr\">\n<div class=\"EBI4ProductParametrTitle\">\u041e\u0431\u044a\u0435\u043c \u043c\u0430\u0441\u043b\u0430 \u0432 \u043a\u0430\u0440\u0442\u0435\u0440\u0435 ml 1 L<\/div>\n<\/div>\n<div class=\"EBI4ProductParametr\">\n<div class=\"EBI4ProductParametrTitle\">\u0422\u0438\u043f \u0442\u043e\u043f\u043b\u0438\u0432\u0430\u00a0 \u00a0 \u00a0 \u00a0 \u00a0 \u00a0 \u00a0 \u00a0 \u00a0 \u00a0 \u00a0 \u00a0 \u0411\u0435\u043d\u0437\u0438\u043d 98<\/div>\n<\/div>\n<div class=\"EBI4ProductParametr\">\n<div class=\"EBI4ProductParametrTitle\">\u0428\u0430\u0433 \u0433\u0440\u0435\u0431\u043d\u043e\u0433\u043e \u0432\u0438\u043d\u0442\u0430\u00a0 \u00a0 \u00a0 \u00a0 \u00a0 6&#8243; &#8211; 11.5&#8243;<\/div>\n<\/div>\n<div class=\"EBI4ProductParametr\">\n<div class=\"EBI4ProductParametrTitle\">\u0414\u043b\u0438\u043d\u0430 \u043d\u043e\u0433\u0438 \u0434\u044e\u0439\u043c\u044b\u00a0 \u00a0 \u00a0 \u00a0 \u00a0 20&#8243;<\/div>\n<\/div>\n<div class=\"EBI4ProductParametr\">\n<div class=\"EBI4ProductParametrTitle\">\u0412\u0435\u0441 kg\u00a0 \u00a0 \u00a0 \u00a0 \u00a0 \u00a0 \u00a0 \u00a0 \u00a0 \u00a0 \u00a0 \u00a0 \u00a0 \u00a0 \u00a0 \u00a0 \u00a0 \u00a0 46<\/div>\n<div><\/div>\n<\/div>\n<div class=\"EBI4ProductParametrGroup\">\u0414\u043e\u043f\u043e\u043b\u043d\u0438\u0442\u0435\u043b\u044c\u043d\u0430\u044f \u0438\u043d\u0444\u043e\u0440\u043c\u0430\u0446\u0438\u044f<\/div>\n<div class=\"EBI4ProductParametr\">\n<div class=\"EBI4ProductParametrTitle\">\u0413\u0430\u0440\u0430\u043d\u0442\u0438\u044f \u043f\u0440\u043e\u0434\u0443\u043a\u0442\u0430\u00a0 \u00a0 \u00a0 \u00a0 \u00a0 5 \u043b\u0435\u0442<\/div>\n<\/div>\n<\/div>\n<div><\/div>\n<div><a href=\"https:\/\/shop.bushboats.com\/wp-content\/uploads\/2025\/02\/P5941-TOHATSU_2022_20-30.pdf\">P5941-TOHATSU_2022_20-30<\/a><\/div>\n","protected":false},"excerpt":{"rendered":"<p>\u0413\u041b\u0410\u0412\u041d\u042b\u0415 \u041f\u0410\u0420\u0410\u041c\u0415\u0422\u0420\u042b \u041f\u0420\u041e\u0414\u0423\u041a\u0422\u0410 \u041f\u043e\u0441\u0442\u0430\u0432\u0449\u0438\u043a\u00a0 \u00a0 \u00a0 \u00a0 \u00a0 \u00a0 \u00a0 \u00a0 \u00a0 \u00a0 \u00a0 \u00a0 \u00a0 \u00a0 \u00a0 \u00a0 Tohatsu (\u042f\u043f\u043e\u043d\u0438\u044f) \u041a\u043e\u0434 \u043f\u0440\u043e\u0434\u0443\u043a\u0442\u0430\u00a0 \u00a0 \u00a0 \u00a0 \u00a0 \u00a0 \u00a0 \u00a0 \u00a0 \u00a0 \u00a0 \u00a0 \u00a0 \u00a0MFS20EEPL \u0412\u0435\u0441 \u0441 \u0443\u043f\u0430\u043a\u043e\u0432\u043a\u043e\u0439 (\u043a\u0433)\u00a0 \u00a0 \u00a0 \u00a0 \u00a0 \u00a0 \u00a0 57 O\u0441\u043d\u043e\u0432\u043d\u044b\u0435 \u043f\u0430\u0440\u0430\u043c\u0435\u0442\u0440\u044b \u041c\u043e\u0449\u043d\u043e\u0441\u0442\u044c Kw\u00a0 \u00a0 \u00a0 \u00a0 \u00a0 [&hellip;]<\/p>\n","protected":false},"featured_media":23583,"comment_status":"open","ping_status":"closed","template":"","meta":[],"product_brand":[],"product_cat":[843,846],"product_tag":[],"class_list":{"0":"post-23585","1":"product","2":"type-product","3":"status-publish","4":"has-post-thumbnail","6":"product_cat-tohatsu-ru","7":"product_cat-dzineji","9":"first","10":"instock","11":"taxable","12":"shipping-taxable","13":"purchasable","14":"product-type-simple"},"jetpack_sharing_enabled":true,"_links":{"self":[{"href":"https:\/\/shop.bushboats.com\/index.php\/wp-json\/wp\/v2\/product\/23585","targetHints":{"allow":["GET"]}}],"collection":[{"href":"https:\/\/shop.bushboats.com\/index.php\/wp-json\/wp\/v2\/product"}],"about":[{"href":"https:\/\/shop.bushboats.com\/index.php\/wp-json\/wp\/v2\/types\/product"}],"replies":[{"embeddable":true,"href":"https:\/\/shop.bushboats.com\/index.php\/wp-json\/wp\/v2\/comments?post=23585"}],"wp:featuredmedia":[{"embeddable":true,"href":"https:\/\/shop.bushboats.com\/index.php\/wp-json\/wp\/v2\/media\/23583"}],"wp:attachment":[{"href":"https:\/\/shop.bushboats.com\/index.php\/wp-json\/wp\/v2\/media?parent=23585"}],"wp:term":[{"taxonomy":"product_brand","embeddable":true,"href":"https:\/\/shop.bushboats.com\/index.php\/wp-json\/wp\/v2\/product_brand?post=23585"},{"taxonomy":"product_cat","embeddable":true,"href":"https:\/\/shop.bushboats.com\/index.php\/wp-json\/wp\/v2\/product_cat?post=23585"},{"taxonomy":"product_tag","embeddable":true,"href":"https:\/\/shop.bushboats.com\/index.php\/wp-json\/wp\/v2\/product_tag?post=23585"}],"curies":[{"name":"wp","href":"https:\/\/api.w.org\/{rel}","templated":true}]}}