{"id":23762,"date":"2025-02-20T21:47:01","date_gmt":"2025-02-20T19:47:01","guid":{"rendered":"https:\/\/shop.bushboats.com\/?post_type=product&#038;p=23762"},"modified":"2025-06-17T11:53:10","modified_gmt":"2025-06-17T08:53:10","slug":"dzinejs-tohatsu-60hp-etl-powertrim-elektrostarts-fi-tahometrs-talvadibas-pults-99kg-nmea2000","status":"publish","type":"product","link":"https:\/\/shop.bushboats.com\/index.php\/produkts\/dzinejs-tohatsu-60hp-etl-powertrim-elektrostarts-fi-tahometrs-talvadibas-pults-99kg-nmea2000\/","title":{"rendered":"Dzin\u0113js TOHATSU 60Hp ETL, PowerTrim, elektrostarts, FI, tahometrs, t\u0101lvad\u012bbas pults, 99kg, NMEA2000"},"content":{"rendered":"<div class=\"EBI4ProductParametrGroup\">PRECES GALVENIE PARAMETRI<\/div>\n<div><\/div>\n<div class=\"EBI4ProductParametr\">\n<div class=\"EBI4ProductParametrTitle\">Pieg\u0101d\u0101t\u0101js\u00a0 \u00a0 \u00a0 \u00a0 \u00a0 \u00a0 \u00a0 \u00a0 \u00a0 \u00a0 \u00a0 \u00a0 \u00a0 Tohatsu (Jap\u0101na)<\/div>\n<\/div>\n<div class=\"EBI4ProductParametr\">\n<div class=\"EBI4ProductParametrTitle\">Preces kods\u00a0 \u00a0 \u00a0 \u00a0 \u00a0 \u00a0 \u00a0 \u00a0 \u00a0 \u00a0 \u00a0 \u00a0 \u00a0MFS60AETL<\/div>\n<\/div>\n<div class=\"EBI4ProductParametr\">\n<div class=\"EBI4ProductParametrTitle\">Svars ar iepakojumu (kg)\u00a0 98.500<\/div>\n<div><\/div>\n<\/div>\n<div class=\"EBI4ProductParametrGroup\">Pamatparametri<\/div>\n<div class=\"EBI4ProductParametr\">\n<div class=\"EBI4ProductParametrTitle\">Jauda Kw\u00a0 \u00a0 \u00a0 \u00a0 \u00a0 \u00a0 \u00a0 \u00a0 \u00a0 \u00a0 \u00a0 \u00a0 \u00a0 \u00a0 \u00a0 44.1<\/div>\n<\/div>\n<div class=\"EBI4ProductParametr\">\n<div class=\"EBI4ProductParametrTitle\">Zirgsp\u0113ki Hp\u00a0 \u00a0 \u00a0 \u00a0 \u00a0 \u00a0 \u00a0 \u00a0 \u00a0 \u00a0 \u00a0 \u00a0 60<\/div>\n<\/div>\n<div class=\"EBI4ProductParametr\">\n<div class=\"EBI4ProductParametrTitle\">Maksim\u0101lie Apgr. Min-Max 6000<\/div>\n<\/div>\n<div class=\"EBI4ProductParametr\">\n<div class=\"EBI4ProductParametrTitle\">Cilindri\u00a0 \u00a0 \u00a0 \u00a0 \u00a0 \u00a0 \u00a0 \u00a0 \u00a0 \u00a0 \u00a0 \u00a0 \u00a0 \u00a0 \u00a0 \u00a0 \u00a03<\/div>\n<\/div>\n<div class=\"EBI4ProductParametr\">\n<div class=\"EBI4ProductParametrTitle\">Darba apjoms cc\u00a0 \u00a0 \u00a0 \u00a0 \u00a0 \u00a0 \u00a0 \u00a0 866<\/div>\n<\/div>\n<div class=\"EBI4ProductParametr\">\n<div class=\"EBI4ProductParametrTitle\">Cilindra diametrs mm\u00a0 \u00a0 \u00a0 70<\/div>\n<\/div>\n<div class=\"EBI4ProductParametr\">\n<div class=\"EBI4ProductParametrTitle\">\u0122enerators\u00a0 \u00a0 \u00a0 \u00a0 \u00a0 \u00a0 \u00a0 \u00a0 \u00a0 \u00a0 \u00a0 \u00a0 \u00a0 12V, 252W, 21A<\/div>\n<\/div>\n<div class=\"EBI4ProductParametr\">\n<div class=\"EBI4ProductParametrTitle\">Palaid\u0113ja sist\u0113ma\u00a0 \u00a0 \u00a0 \u00a0 \u00a0 \u00a0 \u00a0 Elektrisk\u0101<\/div>\n<\/div>\n<div class=\"EBI4ProductParametr\">\n<div class=\"EBI4ProductParametrTitle\">E\u013c\u013co\u0161anas sist\u0113ma\u00a0 \u00a0 \u00a0 \u00a0 \u00a0 \u00a0 \u00a0Pumpis mehaniskais<\/div>\n<\/div>\n<div class=\"EBI4ProductParametr\">\n<div class=\"EBI4ProductParametrTitle\">\u0100trumu p\u0101rnesums\u00a0 \u00a0 \u00a0 \u00a0 \u00a0 2.08:1<\/div>\n<\/div>\n<div class=\"EBI4ProductParametr\">\n<div class=\"EBI4ProductParametrTitle\">Vad\u012bbas tips\u00a0 \u00a0 \u00a0 \u00a0 \u00a0 \u00a0 \u00a0 \u00a0 \u00a0 \u00a0 \u00a0 \u00a0T\u0101lvad\u012bba<\/div>\n<\/div>\n<div class=\"EBI4ProductParametr\">\n<div class=\"EBI4ProductParametrTitle\">Sve\u010du tips\u00a0 \u00a0 \u00a0 \u00a0 \u00a0 \u00a0 \u00a0 \u00a0 \u00a0 \u00a0 \u00a0 \u00a0 \u00a0 \u00a0NGK IKR6G8<\/div>\n<\/div>\n<div class=\"EBI4ProductParametr\">\n<div class=\"EBI4ProductParametrTitle\">Motore\u013c\u013cas tips\u00a0 \u00a0 \u00a0 \u00a0 \u00a0 \u00a0 \u00a0 \u00a0 \u00a0 NMMA Certified FC-W\u00ae 4-stroke oil<\/div>\n<\/div>\n<div class=\"EBI4ProductParametr\">\n<div class=\"EBI4ProductParametrTitle\">E\u013c\u013cas tilpums karter\u012b ml\u00a0 2400<\/div>\n<\/div>\n<div class=\"EBI4ProductParametr\">\n<div class=\"EBI4ProductParametrTitle\">Degvielas tips\u00a0 \u00a0 \u00a0 \u00a0 \u00a0 \u00a0 \u00a0 \u00a0 \u00a0 \u00a0 Benz\u012bns 98<\/div>\n<\/div>\n<div class=\"EBI4ProductParametr\">\n<div class=\"EBI4ProductParametrTitle\">Dzenskr\u016bves solis\u00a0 \u00a0 \u00a0 \u00a0 \u00a0 \u00a0 \u00a011 &#8211; 17<\/div>\n<\/div>\n<div class=\"EBI4ProductParametr\">\n<div class=\"EBI4ProductParametrTitle\">K\u0101jas garums collas\u00a0 \u00a0 \u00a0 \u00a0 \u00a0 20&#8243;<\/div>\n<\/div>\n<div class=\"EBI4ProductParametr\">\n<div class=\"EBI4ProductParametrTitle\">Svars kg\u00a0 \u00a0 \u00a0 \u00a0 \u00a0 \u00a0 \u00a0 \u00a0 \u00a0 \u00a0 \u00a0 \u00a0 \u00a0 \u00a0 \u00a0 98,5<\/div>\n<div><\/div>\n<\/div>\n<div class=\"EBI4ProductParametrGroup\">Papildinform\u0101cija<\/div>\n<div class=\"EBI4ProductParametr\">\n<div class=\"EBI4ProductParametrTitle\">Garantija\u00a0 \u00a0 \u00a0 \u00a0 \u00a0 \u00a0 \u00a0 \u00a0 \u00a0 \u00a0 \u00a0 \u00a0 \u00a0 \u00a0 5 Gadi<\/div>\n<\/div>\n<div class=\"EBI4ProductDetailsDecriptionText\">\n<div>\n<div>\n<div>\n<div>\n<div>\n<div>\n<div>\n<div>\n<div>\n<div>\n<div>\n<div>\n<p>Video par TOHATSU Tehnolo\u0123iju<\/p>\n<p><a href=\"https:\/\/www.youtube.com\/watch?v=WTEKG1wK-SY\">IBKR Advantages<\/a><\/p>\n<\/div>\n<\/div>\n<\/div>\n<\/div>\n<\/div>\n<\/div>\n<\/div>\n<\/div>\n<\/div>\n<\/div>\n<\/div>\n<\/div>\n<\/div>\n","protected":false},"excerpt":{"rendered":"<p>PRECES GALVENIE PARAMETRI Pieg\u0101d\u0101t\u0101js\u00a0 \u00a0 \u00a0 \u00a0 \u00a0 \u00a0 \u00a0 \u00a0 \u00a0 \u00a0 \u00a0 \u00a0 \u00a0 Tohatsu (Jap\u0101na) Preces kods\u00a0 \u00a0 \u00a0 \u00a0 \u00a0 \u00a0 \u00a0 \u00a0 \u00a0 \u00a0 \u00a0 \u00a0 \u00a0MFS60AETL Svars ar iepakojumu (kg)\u00a0 98.500 Pamatparametri Jauda Kw\u00a0 \u00a0 \u00a0 \u00a0 \u00a0 \u00a0 \u00a0 \u00a0 \u00a0 \u00a0 \u00a0 \u00a0 \u00a0 \u00a0 \u00a0 44.1 [&hellip;]<\/p>\n","protected":false},"featured_media":23763,"comment_status":"open","ping_status":"closed","template":"","meta":[],"product_brand":[],"product_cat":[844,841],"product_tag":[],"class_list":{"0":"post-23762","1":"product","2":"type-product","3":"status-publish","4":"has-post-thumbnail","6":"product_cat-piekaramie-un-stacionarie-dzineji","7":"product_cat-tohatsu","9":"first","10":"instock","11":"taxable","12":"shipping-taxable","13":"purchasable","14":"product-type-simple"},"jetpack_sharing_enabled":true,"_links":{"self":[{"href":"https:\/\/shop.bushboats.com\/index.php\/wp-json\/wp\/v2\/product\/23762","targetHints":{"allow":["GET"]}}],"collection":[{"href":"https:\/\/shop.bushboats.com\/index.php\/wp-json\/wp\/v2\/product"}],"about":[{"href":"https:\/\/shop.bushboats.com\/index.php\/wp-json\/wp\/v2\/types\/product"}],"replies":[{"embeddable":true,"href":"https:\/\/shop.bushboats.com\/index.php\/wp-json\/wp\/v2\/comments?post=23762"}],"wp:featuredmedia":[{"embeddable":true,"href":"https:\/\/shop.bushboats.com\/index.php\/wp-json\/wp\/v2\/media\/23763"}],"wp:attachment":[{"href":"https:\/\/shop.bushboats.com\/index.php\/wp-json\/wp\/v2\/media?parent=23762"}],"wp:term":[{"taxonomy":"product_brand","embeddable":true,"href":"https:\/\/shop.bushboats.com\/index.php\/wp-json\/wp\/v2\/product_brand?post=23762"},{"taxonomy":"product_cat","embeddable":true,"href":"https:\/\/shop.bushboats.com\/index.php\/wp-json\/wp\/v2\/product_cat?post=23762"},{"taxonomy":"product_tag","embeddable":true,"href":"https:\/\/shop.bushboats.com\/index.php\/wp-json\/wp\/v2\/product_tag?post=23762"}],"curies":[{"name":"wp","href":"https:\/\/api.w.org\/{rel}","templated":true}]}}