{"id":23800,"date":"2025-02-20T22:32:46","date_gmt":"2025-02-20T20:32:46","guid":{"rendered":"https:\/\/shop.bushboats.com\/?post_type=product&#038;p=23800"},"modified":"2025-06-17T11:49:56","modified_gmt":"2025-06-17T08:49:56","slug":"engine-tohatsu-mfs100-aetl-100-zs-nmea2000","status":"publish","type":"product","link":"https:\/\/shop.bushboats.com\/index.php\/produkts\/engine-tohatsu-mfs100-aetl-100-zs-nmea2000\/","title":{"rendered":"Engine TOHATSU MFS100 AETL 100 Zs, NMEA2000"},"content":{"rendered":"<div class=\"EBI4ProductParametrGroup\">PRECES GALVENIE PARAMETRI<\/div>\n<div><\/div>\n<div class=\"EBI4ProductParametr\">\n<div class=\"EBI4ProductParametrTitle\">Pieg\u0101d\u0101t\u0101js\u00a0 \u00a0 \u00a0 \u00a0 \u00a0 \u00a0 \u00a0 \u00a0 \u00a0 \u00a0 \u00a0 \u00a0 \u00a0 \u00a0Tohatsu (Jap\u0101na)<\/div>\n<\/div>\n<div class=\"EBI4ProductParametr\">\n<div class=\"EBI4ProductParametrTitle\">Preces kods\u00a0 \u00a0 \u00a0 \u00a0 \u00a0 \u00a0 \u00a0 \u00a0 \u00a0 \u00a0 \u00a0 \u00a0 \u00a0 MFS100AETL<\/div>\n<\/div>\n<div class=\"EBI4ProductParametr\">\n<div class=\"EBI4ProductParametrTitle\">Svars ar iepakojumu (kg) 183<\/div>\n<div><\/div>\n<div class=\"EBI4ProductParametrTitle\">\n<div class=\"EBI4ProductParametrInfoImage\">Pamatparametri<\/div>\n<\/div>\n<\/div>\n<div class=\"EBI4ProductParametr\">\n<div class=\"EBI4ProductParametrTitle\">Jauda Kw\u00a0 \u00a0 \u00a0 \u00a0 \u00a0 \u00a0 \u00a0 \u00a0 \u00a0 \u00a0 \u00a0 \u00a0 \u00a0 \u00a0 \u00a0 \u00a0 \u00a073.6<\/div>\n<\/div>\n<div class=\"EBI4ProductParametr\">\n<div class=\"EBI4ProductParametrTitle\">Zirgsp\u0113ki Hp\u00a0 \u00a0 \u00a0 \u00a0 \u00a0 \u00a0 \u00a0 \u00a0 \u00a0 \u00a0 \u00a0 \u00a0 \u00a0 \u00a0100<\/div>\n<\/div>\n<div class=\"EBI4ProductParametr\">\n<div class=\"EBI4ProductParametrTitle\">Maksim\u0101lie Apgr. Min-Max 6000<\/div>\n<\/div>\n<div class=\"EBI4ProductParametr\">\n<div class=\"EBI4ProductParametrTitle\">Cilindri\u00a0 \u00a0 \u00a0 \u00a0 \u00a0 \u00a0 \u00a0 \u00a0 \u00a0 \u00a0 \u00a0 \u00a0 \u00a0 \u00a0 \u00a0 \u00a0 \u00a0 \u00a0 4<\/div>\n<\/div>\n<div class=\"EBI4ProductParametr\">\n<div class=\"EBI4ProductParametrTitle\">Darba apjoms cc\u00a0 \u00a0 \u00a0 \u00a0 \u00a0 \u00a0 \u00a0 \u00a0 \u00a0 \u00a01995<\/div>\n<\/div>\n<div class=\"EBI4ProductParametr\">\n<div class=\"EBI4ProductParametrTitle\">Cilindra diametrs mm\u00a0 \u00a0 \u00a0 \u00a0 90mm<\/div>\n<\/div>\n<div class=\"EBI4ProductParametr\">\n<div class=\"EBI4ProductParametrTitle\">\u0122enerators\u00a0 \u00a0 \u00a0 \u00a0 \u00a0 \u00a0 \u00a0 \u00a0 \u00a0 \u00a0 \u00a0 \u00a0 \u00a0 \u00a0 12V, 492W, 41A<\/div>\n<\/div>\n<div class=\"EBI4ProductParametr\">\n<div class=\"EBI4ProductParametrTitle\">Palaid\u0113ja sist\u0113ma\u00a0 \u00a0 \u00a0 \u00a0 \u00a0 \u00a0 \u00a0 \u00a0 Elektrisk\u0101<\/div>\n<\/div>\n<div class=\"EBI4ProductParametr\">\n<div class=\"EBI4ProductParametrTitle\">E\u013c\u013co\u0161anas sist\u0113ma\u00a0 \u00a0 \u00a0 \u00a0 \u00a0 \u00a0 \u00a0 \u00a0Pumpis mehaniskais<\/div>\n<\/div>\n<div class=\"EBI4ProductParametr\">\n<div class=\"EBI4ProductParametrTitle\">\u0100trumu p\u0101rnesums\u00a0 \u00a0 \u00a0 \u00a0 \u00a0 \u00a0 2.08:1<\/div>\n<\/div>\n<div class=\"EBI4ProductParametr\">\n<div class=\"EBI4ProductParametrTitle\">Vad\u012bbas tips\u00a0 \u00a0 \u00a0 \u00a0 \u00a0 \u00a0 \u00a0 \u00a0 \u00a0 \u00a0 \u00a0 \u00a0 \u00a0T\u0101lvad\u012bba<\/div>\n<\/div>\n<div class=\"EBI4ProductParametr\">\n<div class=\"EBI4ProductParametrTitle\">Sve\u010du tips\u00a0 \u00a0 \u00a0 \u00a0 \u00a0 \u00a0 \u00a0 \u00a0 \u00a0 \u00a0 \u00a0 \u00a0 \u00a0 \u00a0 \u00a0NGK LKR6E<\/div>\n<\/div>\n<div class=\"EBI4ProductParametr\">\n<div class=\"EBI4ProductParametrTitle\">Motore\u013c\u013cas tips\u00a0 \u00a0 \u00a0 \u00a0 \u00a0 \u00a0 \u00a0 \u00a0 \u00a0 \u00a0 NMMA Certified FC-W\u00ae 4-stroke oil** SAE 10W-40 (SF, SG, SH, SJ)<\/div>\n<\/div>\n<div class=\"EBI4ProductParametr\">\n<div class=\"EBI4ProductParametrTitle\">E\u013c\u013cas tilpums karter\u012b ml\u00a0 \u00a0 4.2 L ar filtru<\/div>\n<\/div>\n<div class=\"EBI4ProductParametr\">\n<div class=\"EBI4ProductParametrTitle\">Degvielas tips\u00a0 \u00a0 \u00a0 \u00a0 \u00a0 \u00a0 \u00a0 \u00a0 \u00a0 \u00a0 \u00a0 Benz\u012bns 98<\/div>\n<\/div>\n<div class=\"EBI4ProductParametr\">\n<div class=\"EBI4ProductParametrTitle\">Dzenskr\u016bves solis\u00a0 \u00a0 \u00a0 \u00a0 \u00a0 \u00a0 \u00a0 \u00a012V, 492W, 41A<\/div>\n<\/div>\n<div class=\"EBI4ProductParametr\">\n<div class=\"EBI4ProductParametrTitle\">K\u0101jas garums collas\u00a0 \u00a0 \u00a0 \u00a0 \u00a0 \u00a020&#8243;<\/div>\n<\/div>\n<div class=\"EBI4ProductParametr\">\n<div class=\"EBI4ProductParametrTitle\">Svars kg\u00a0 \u00a0 \u00a0 \u00a0 \u00a0 \u00a0 \u00a0 \u00a0 \u00a0 \u00a0 \u00a0 \u00a0 \u00a0 \u00a0 \u00a0 \u00a0 178<\/div>\n<div><\/div>\n<\/div>\n<div class=\"EBI4ProductParametrGroup\">Papildinform\u0101cija<\/div>\n<div class=\"EBI4ProductParametr\">\n<div class=\"EBI4ProductParametrTitle\">Garantija\u00a0 \u00a0 \u00a0 \u00a0 \u00a0 \u00a0 \u00a0 \u00a0 \u00a0 \u00a0 \u00a0 \u00a0 \u00a0 \u00a0 \u00a05 Gadi<\/div>\n<div>\n<p>4-2-1 Darb\u012bbas noregul\u0113tas izpl\u016bdes g\u0101zu traksts<br \/>\nIzometriski apkopots izpl\u016bdes kolektors &#8220;4-2-1 Performance Tuned Exhaust&#8221; maksimiz\u0113 griezes momentu un pa\u0101trin\u0101jumu. \u0160is unik\u0101lais dizains ir pirmais nozar\u0113, un to var atrast tikai uz Tohatsu Outboards. Veicot katras izpl\u016bdes caurules garumu vien\u0101du, katra cilindra izpl\u016bdes g\u0101zu apvieno\u0161ana rada papildu ies\u016bkn\u0113\u0161anu, kas pal\u012bdz izvilkt izpl\u016bdes g\u0101zi no motora. Tas piln\u012bb\u0101 nov\u0113r\u0161 izpl\u016bdes g\u0101zu iejauk\u0161an\u0101s iesp\u0113ju un krasi uzlabo veiktsp\u0113ju.<\/p>\n<p>Izcils griezes moments<br \/>\nS\u0101kot ar 4-2-1 veiktsp\u0113ju noregul\u0113tu izpl\u016bdes g\u0101zu trakts, MFS75 \/ 90\/100\/115 ir visliel\u0101kais griezes moments, kas \u013cauj \u0101tr\u0101k nok\u013c\u016bt uz glises un sasniegt augst\u0101ko gala \u0101trumu \u0101tr\u0101k nek\u0101 citi konkurenti.<\/p>\n<p>** Dati balst\u012bti uz Tohatsu in\u017eenieru departamenta veiktajiem un apkopotajiem p\u0113t\u012bjumiem<\/p>\n<p>Izcila iztur\u012bba un optimiz\u0113ts svars<br \/>\nAugstas iztur\u012bbas un svara samazin\u0101\u0161anas nol\u016bkos Tohatsu optimiz\u0113ja katru sal\u012bdzino\u0161i smago sast\u0101vda\u013cu, piem\u0113ram, cilindra galvu, izpl\u016bdes kolektoru, motora pamatni, e\u013c\u013cas tvertni, apak\u0161\u0113jo bloku utt. Visiem galvenajiem alum\u012bnija komponentiem pagarin\u0101tam motora darbam ir izmantots ar\u012b \u012bpa\u0161s anod\u0113ts process .<\/p>\n<p>Lieliska degvielas efektivit\u0101te<br \/>\nMFS75 \/ 90\/100\/115 ir unik\u0101ls SOHC-4V dizains sav\u0101 klas\u0113, kur konkurenti ir vai nu SOHC-2V, vai DOHC-4V. Aizdedzes sveces ir strat\u0113\u0123iski novietotas katras sadeg\u0161anas kameras centr\u0101, lai nodro\u0161in\u0101tu visefekt\u012bv\u0101ko sadedzin\u0101\u0161anu ar optim\u0101lu siltuma vad\u012b\u0161anu, k\u0101 rezult\u0101t\u0101 tiek nodro\u0161in\u0101ta sp\u0113c\u012bga brauk\u0161anas un degvielas efektivit\u0101te.<\/p>\n<p>Klusums<br \/>\nAr vienm\u0113r\u012bga garuma iepl\u016bdes kolektoru, 4-2-1 veiktsp\u0113jas noregul\u0113tu izpl\u016bdes g\u0101zu traktu\u00a0\u00a0un prec\u012bzi noregul\u0113tu ECU MFS75 \/ 90\/100\/115 nodro\u0161ina uzmundrino\u0161u un uz veiktsp\u0113ju balst\u012btu motora ska\u0146u. Ar\u012b liel\u0101s jaudas tuk\u0161gaitas ost\u0101 ska\u0146as atstaro viena otru, lai mazin\u0101tu izpl\u016bdes g\u0101zu pl\u016bsmu, kas veicina zem\u0101ko ska\u0146u tuk\u0161gait\u0101.<\/p>\n<p>Manevr\u0113\u0161anas sp\u0113ja<br \/>\nPateicoties preciz\u0113tajai ECU programm\u0113\u0161anai, MFS75 \/ 90\/100\/115 ir paredz\u0113ti, lai vajadz\u012bbas gad\u012bjum\u0101 uzlabotu pa\u0101trin\u0101jumu, lai laiva \u0101tr\u0101k nok\u013c\u016btu uz glises . Kad drose\u013cv\u0101rsts ir piln\u012bb\u0101 atv\u0113rts, ECU to atpaz\u012bst un vienlaikus aizdegas visos \u010detros cilindros. Vienlaikus ECU optimiz\u0113 un pieg\u0101d\u0101 pietiekamu daudzumu gaisa un degvielas, kas padara gaisa \/ degvielas mais\u012bjumu piem\u0113rot\u0101ku \u0101trai pa\u0101trin\u0101\u0161anai, lai rad\u012btu liel\u0101ku griezes momentu. Jo liel\u0101ks griezes moments jums ir, jo sp\u0113c\u012bg\u0101ku pa\u0101trin\u0101jumu j\u016bs ieg\u016bsiet, k\u0101 rezult\u0101t\u0101 tiek uzlaboti caurumu \u0161\u0101vieni un t\u0101d\u0113j\u0101di \u0101tr\u0101ka pl\u0101n\u0113\u0161ana.\u00a0 Ar\u012b aug\u0161\u0113jais un apak\u0161\u0113jais stiprin\u0101jums, k\u0101 ar\u012b p\u0101rnesumk\u0101rba ir optimiz\u0113ta tie\u0161ai st\u016bres reakcijai un manevr\u0113jam\u012bbai, k\u0101 ar\u012b liel\u0101kai stabilit\u0101tei.<\/p>\n<p>TOCS 4,3 collu LCD displejs (p\u0113c izv\u0113les)<br \/>\nTOCS (Tohatsu Onboard Communication System) 4,3 collu LCD displejs izveido savienojumu ar CAN kopni un tie\u0161i sazin\u0101s ar motora ECU. Motora dati, boj\u0101jumu kodi un trauksmes sign\u0101li tiek par\u0101d\u012bti LCD displej\u0101.<\/p>\n<p><a href=\"https:\/\/www.youtube.com\/watch?v=h_87L1NbidA\">Tohatsu MFS115A &#8211; Your outboard for memories<\/a><\/p>\n<\/div>\n<\/div>\n","protected":false},"excerpt":{"rendered":"<p>PRECES GALVENIE PARAMETRI Pieg\u0101d\u0101t\u0101js\u00a0 \u00a0 \u00a0 \u00a0 \u00a0 \u00a0 \u00a0 \u00a0 \u00a0 \u00a0 \u00a0 \u00a0 \u00a0 \u00a0Tohatsu (Jap\u0101na) Preces kods\u00a0 \u00a0 \u00a0 \u00a0 \u00a0 \u00a0 \u00a0 \u00a0 \u00a0 \u00a0 \u00a0 \u00a0 \u00a0 MFS100AETL Svars ar iepakojumu (kg) 183 Pamatparametri Jauda Kw\u00a0 \u00a0 \u00a0 \u00a0 \u00a0 \u00a0 \u00a0 \u00a0 \u00a0 \u00a0 \u00a0 \u00a0 \u00a0 \u00a0 \u00a0 [&hellip;]<\/p>\n","protected":false},"featured_media":23801,"comment_status":"open","ping_status":"closed","template":"","meta":[],"product_brand":[],"product_cat":[844,841],"product_tag":[],"class_list":{"0":"post-23800","1":"product","2":"type-product","3":"status-publish","4":"has-post-thumbnail","6":"product_cat-piekaramie-un-stacionarie-dzineji","7":"product_cat-tohatsu","9":"first","10":"instock","11":"taxable","12":"shipping-taxable","13":"purchasable","14":"product-type-simple"},"jetpack_sharing_enabled":true,"_links":{"self":[{"href":"https:\/\/shop.bushboats.com\/index.php\/wp-json\/wp\/v2\/product\/23800","targetHints":{"allow":["GET"]}}],"collection":[{"href":"https:\/\/shop.bushboats.com\/index.php\/wp-json\/wp\/v2\/product"}],"about":[{"href":"https:\/\/shop.bushboats.com\/index.php\/wp-json\/wp\/v2\/types\/product"}],"replies":[{"embeddable":true,"href":"https:\/\/shop.bushboats.com\/index.php\/wp-json\/wp\/v2\/comments?post=23800"}],"wp:featuredmedia":[{"embeddable":true,"href":"https:\/\/shop.bushboats.com\/index.php\/wp-json\/wp\/v2\/media\/23801"}],"wp:attachment":[{"href":"https:\/\/shop.bushboats.com\/index.php\/wp-json\/wp\/v2\/media?parent=23800"}],"wp:term":[{"taxonomy":"product_brand","embeddable":true,"href":"https:\/\/shop.bushboats.com\/index.php\/wp-json\/wp\/v2\/product_brand?post=23800"},{"taxonomy":"product_cat","embeddable":true,"href":"https:\/\/shop.bushboats.com\/index.php\/wp-json\/wp\/v2\/product_cat?post=23800"},{"taxonomy":"product_tag","embeddable":true,"href":"https:\/\/shop.bushboats.com\/index.php\/wp-json\/wp\/v2\/product_tag?post=23800"}],"curies":[{"name":"wp","href":"https:\/\/api.w.org\/{rel}","templated":true}]}}