{"id":23898,"date":"2025-03-25T18:35:56","date_gmt":"2025-03-25T16:35:56","guid":{"rendered":"https:\/\/shop.bushboats.com\/?post_type=product&#038;p=23898"},"modified":"2025-03-25T18:38:50","modified_gmt":"2025-03-25T16:38:50","slug":"lowrance-eagle-4x-sonar","status":"publish","type":"product","link":"https:\/\/shop.bushboats.com\/index.php\/produkts\/lowrance-eagle-4x-sonar\/","title":{"rendered":"Lowrance EAGLE 4X SONAR"},"content":{"rendered":"<p>Eholote Lowrance Eagle 4X &#8211; \u0113rti lietojama eholote ar vis\u0101m nepiecie\u0161amaj\u0101m pamatfunkcij\u0101m, kuru var mont\u0113t stacion\u0101ri vai uz groz\u0101mas konstrukcijas. Eholote nodro\u0161in\u0101s platle\u0146\u0137a apskatu 85\u00b0 gr\u0101du le\u0146\u0137\u012b, labu ekr\u0101na redzam\u012bbu jebkur\u0101 apgaismojum\u0101, ar\u012b caur polariz\u0113jo\u0161aj\u0101m saulesbrill\u0113m.<br \/>\nSpecifik\u0101cija:<br \/>\nekr\u0101na izm\u0113rs \u2013 4\u201d;<br \/>\niz\u0161\u0137irtsp\u0113ja \u2013 272X480 pix;<br \/>\nmaksim\u0101lais skan\u0113\u0161anas dzi\u013cums \u2013 152 m;<br \/>\nelektrobaro\u0161anas volt\u0101\u017ea V\/str\u0101vas stiprums A \u2013 12V\/5A;<br \/>\nfrekvence \u2013 200kHz;<br \/>\nizm\u0113ri \u2013 97.6X185.5X101.6 mm;<br \/>\npie\u013caujam\u0101 temperat\u016bra darb\u012bbai &#8211; -15\u2103 l\u012bdz +60\u2103;<br \/>\n\u016bdensdro\u0161uma klase \u2013 IPX 7.<\/p>\n","protected":false},"excerpt":{"rendered":"<p>Eholote Lowrance Eagle 4X &#8211; \u0113rti lietojama eholote ar vis\u0101m nepiecie\u0161amaj\u0101m pamatfunkcij\u0101m, kuru var mont\u0113t stacion\u0101ri vai uz groz\u0101mas konstrukcijas. Eholote nodro\u0161in\u0101s platle\u0146\u0137a apskatu 85\u00b0 gr\u0101du le\u0146\u0137\u012b, labu ekr\u0101na redzam\u012bbu jebkur\u0101 apgaismojum\u0101, ar\u012b caur polariz\u0113jo\u0161aj\u0101m saulesbrill\u0113m. Specifik\u0101cija: ekr\u0101na izm\u0113rs \u2013 4\u201d; iz\u0161\u0137irtsp\u0113ja \u2013 272X480 pix; maksim\u0101lais skan\u0113\u0161anas dzi\u013cums \u2013 152 m; elektrobaro\u0161anas volt\u0101\u017ea V\/str\u0101vas stiprums [&hellip;]<\/p>\n","protected":false},"featured_media":23899,"comment_status":"open","ping_status":"closed","template":"","meta":[],"product_brand":[],"product_cat":[815,76,852,849],"product_tag":[],"class_list":{"0":"post-23898","1":"product","2":"type-product","3":"status-publish","4":"has-post-thumbnail","6":"product_cat-eholotes-2","7":"product_cat-electrical-equipment-lv","8":"product_cat-lowrance-eagle","9":"product_cat-lowrance-eholoti","11":"first","12":"instock","13":"taxable","14":"shipping-taxable","15":"purchasable","16":"product-type-simple"},"jetpack_sharing_enabled":true,"_links":{"self":[{"href":"https:\/\/shop.bushboats.com\/index.php\/wp-json\/wp\/v2\/product\/23898","targetHints":{"allow":["GET"]}}],"collection":[{"href":"https:\/\/shop.bushboats.com\/index.php\/wp-json\/wp\/v2\/product"}],"about":[{"href":"https:\/\/shop.bushboats.com\/index.php\/wp-json\/wp\/v2\/types\/product"}],"replies":[{"embeddable":true,"href":"https:\/\/shop.bushboats.com\/index.php\/wp-json\/wp\/v2\/comments?post=23898"}],"wp:featuredmedia":[{"embeddable":true,"href":"https:\/\/shop.bushboats.com\/index.php\/wp-json\/wp\/v2\/media\/23899"}],"wp:attachment":[{"href":"https:\/\/shop.bushboats.com\/index.php\/wp-json\/wp\/v2\/media?parent=23898"}],"wp:term":[{"taxonomy":"product_brand","embeddable":true,"href":"https:\/\/shop.bushboats.com\/index.php\/wp-json\/wp\/v2\/product_brand?post=23898"},{"taxonomy":"product_cat","embeddable":true,"href":"https:\/\/shop.bushboats.com\/index.php\/wp-json\/wp\/v2\/product_cat?post=23898"},{"taxonomy":"product_tag","embeddable":true,"href":"https:\/\/shop.bushboats.com\/index.php\/wp-json\/wp\/v2\/product_tag?post=23898"}],"curies":[{"name":"wp","href":"https:\/\/api.w.org\/{rel}","templated":true}]}}