{"id":23943,"date":"2025-03-25T19:44:36","date_gmt":"2025-03-25T17:44:36","guid":{"rendered":"https:\/\/shop.bushboats.com\/?post_type=product&#038;p=23943"},"modified":"2025-03-25T22:53:41","modified_gmt":"2025-03-25T20:53:41","slug":"lowrance-eagle-9-tripleshot-row","status":"publish","type":"product","link":"https:\/\/shop.bushboats.com\/index.php\/produkts\/lowrance-eagle-9-tripleshot-row\/","title":{"rendered":"LOWRANCE EAGLE 9 TripleShot\u2122  ROW"},"content":{"rendered":"<p><strong>Eholote Lowrance Eagle 9 TripleShot<\/strong>\u00a0&#8211; \u0113rti lietojama eholote ar vis\u0101m nepiecie\u0161amaj\u0101m pamatfunkcij\u0101m, kuru var mont\u0113t stacion\u0101ri vai uz groz\u0101mas konstrukcijas. TripleShot dev\u0113js nodro\u0161ina iesp\u0113ju v\u0113rot visus nepiecie\u0161amos skat\u012bjumus &#8211; gan SideScan, gan CHIRP, gan DownScan. Eholote \u013cauj vienlaic\u012bgi uzst\u0101d\u012bt \u010detrus skat\u012bjumus uz ekr\u0101na.<\/p>\n<p>Eholote nodro\u0161ina platle\u0146\u0137a apskatu 85\u00b0 gr\u0101du le\u0146\u0137\u012b un labu ekr\u0101na redzam\u012bbu jebkur\u0101 apgaismojum\u0101, ar\u012b caur polariz\u0113jo\u0161aj\u0101m saulesbrill\u0113m. Ir iesp\u0113ja izv\u0113l\u0113ties FishReveal funkciju, kas nodro\u0161ina DownScan un CHIRP att\u0113lu kombin\u0101ciju, atvieglojot zivju mekl\u0113\u0161anu. Eholote ir apr\u012bkota ar SD kartes ni\u0161u un atbalsta C-MAP Discover un C-MAP Genesis Live, kas \u013cauj pilnv\u0113rt\u012bgi izmantot navig\u0101cijas funkcijas.<\/p>\n<p><strong>Specifik\u0101cija:<\/strong><\/p>\n<ul>\n<li><strong>Ekr\u0101na izm\u0113rs:<\/strong>\u00a09\u201d<\/li>\n<li><strong>Iz\u0161\u0137irtsp\u0113ja:<\/strong>\u00a01024 x 600 pix<\/li>\n<li><strong>Maksim\u0101lais skan\u0113\u0161anas dzi\u013cums:<\/strong>\u00a0152 m, DownScan \u2013 91 m, SideScan \u2013 183 m<\/li>\n<li><strong>Elektrobaro\u0161anas volt\u0101\u017ea\/str\u0101vas stiprums:<\/strong>\u00a012 V\/5 A<\/li>\n<li><strong>Frekvences:<\/strong>\n<ul>\n<li>CHIRP: 200 kHz, 83 kHz, 50 kHz (atkar\u012bb\u0101 no dev\u0113ja)<\/li>\n<li>DownScan: 455 kHz, 800 kHz<\/li>\n<li>SideScan: 455 kHz, 800 kHz<\/li>\n<\/ul>\n<\/li>\n<li><strong>Atbalst\u0101m\u0101 kartogr\u0101fija:<\/strong>\u00a0C-MAP\u00ae DISCOVER\u2122, C-MAP\u00ae Genesis Live<\/li>\n<li><strong>Arh\u012bvs:<\/strong>\u00a03000 punkti, 100 mar\u0161ruti, 100 ce\u013ci<\/li>\n<li><strong>Izm\u0113ri (ar pamatni):<\/strong>\u00a0274.7 x 162.5 x 90.0 mm<\/li>\n<li><strong>Pie\u013caujam\u0101 temperat\u016bra darb\u012bbai:<\/strong>\u00a0-15\u2103 l\u012bdz +60\u2103<\/li>\n<li><strong>\u016adensdro\u0161uma klase:<\/strong>\u00a0IPX 7 (pie aizv\u0113rtas SD kartes ni\u0161as)<\/li>\n<\/ul>\n","protected":false},"excerpt":{"rendered":"<p>Eholote Lowrance Eagle 9 TripleShot\u00a0&#8211; \u0113rti lietojama eholote ar vis\u0101m nepiecie\u0161amaj\u0101m pamatfunkcij\u0101m, kuru var mont\u0113t stacion\u0101ri vai uz groz\u0101mas konstrukcijas. TripleShot dev\u0113js nodro\u0161ina iesp\u0113ju v\u0113rot visus nepiecie\u0161amos skat\u012bjumus &#8211; gan SideScan, gan CHIRP, gan DownScan. Eholote \u013cauj vienlaic\u012bgi uzst\u0101d\u012bt \u010detrus skat\u012bjumus uz ekr\u0101na. Eholote nodro\u0161ina platle\u0146\u0137a apskatu 85\u00b0 gr\u0101du le\u0146\u0137\u012b un labu ekr\u0101na redzam\u012bbu jebkur\u0101 [&hellip;]<\/p>\n","protected":false},"featured_media":23944,"comment_status":"open","ping_status":"closed","template":"","meta":[],"product_brand":[],"product_cat":[815,76,852,849],"product_tag":[],"class_list":{"0":"post-23943","1":"product","2":"type-product","3":"status-publish","4":"has-post-thumbnail","6":"product_cat-eholotes-2","7":"product_cat-electrical-equipment-lv","8":"product_cat-lowrance-eagle","9":"product_cat-lowrance-eholoti","11":"first","12":"instock","13":"taxable","14":"shipping-taxable","15":"purchasable","16":"product-type-simple"},"jetpack_sharing_enabled":true,"_links":{"self":[{"href":"https:\/\/shop.bushboats.com\/index.php\/wp-json\/wp\/v2\/product\/23943","targetHints":{"allow":["GET"]}}],"collection":[{"href":"https:\/\/shop.bushboats.com\/index.php\/wp-json\/wp\/v2\/product"}],"about":[{"href":"https:\/\/shop.bushboats.com\/index.php\/wp-json\/wp\/v2\/types\/product"}],"replies":[{"embeddable":true,"href":"https:\/\/shop.bushboats.com\/index.php\/wp-json\/wp\/v2\/comments?post=23943"}],"wp:featuredmedia":[{"embeddable":true,"href":"https:\/\/shop.bushboats.com\/index.php\/wp-json\/wp\/v2\/media\/23944"}],"wp:attachment":[{"href":"https:\/\/shop.bushboats.com\/index.php\/wp-json\/wp\/v2\/media?parent=23943"}],"wp:term":[{"taxonomy":"product_brand","embeddable":true,"href":"https:\/\/shop.bushboats.com\/index.php\/wp-json\/wp\/v2\/product_brand?post=23943"},{"taxonomy":"product_cat","embeddable":true,"href":"https:\/\/shop.bushboats.com\/index.php\/wp-json\/wp\/v2\/product_cat?post=23943"},{"taxonomy":"product_tag","embeddable":true,"href":"https:\/\/shop.bushboats.com\/index.php\/wp-json\/wp\/v2\/product_tag?post=23943"}],"curies":[{"name":"wp","href":"https:\/\/api.w.org\/{rel}","templated":true}]}}