{"id":24305,"date":"2025-03-25T22:26:24","date_gmt":"2025-03-25T20:26:24","guid":{"rendered":"https:\/\/shop.bushboats.com\/?post_type=product&#038;p=24305"},"modified":"2025-04-22T13:53:04","modified_gmt":"2025-04-22T10:53:04","slug":"lowrance-hds-10-pro-row-activeimaging-hd-3-in-1-transducer","status":"publish","type":"product","link":"https:\/\/shop.bushboats.com\/index.php\/produkts\/lowrance-hds-10-pro-row-activeimaging-hd-3-in-1-transducer\/","title":{"rendered":"Lowrance HDS-10 PRO ROW + ActiveImaging\u2122 HD 3-in-1 Transducer"},"content":{"rendered":"<div class=\"tabs__nav-item active\">Produkta apraksts<\/div>\n<div class=\"product__description revert mt-[40px] mb-[40px]\">\n<h3>Lowrance HDS PRO 10 ar Active Imaging HD<\/h3>\n<p>Lowrance HDS PRO 10 ar Active Imaging HD \u2013 skatiet vair\u0101k un ieg\u016bstiet vair\u0101k, izmantojot jauno Lowrance HDS PRO 10 collu eholoti!Atrodiet zivis un reljefa strukt\u016bru ar jaunu, \u012bpa\u0161i augstas iz\u0161\u0137irtsp\u0113jas Active Imaging HD. Tas sniedz \u012bpa\u0161i skaidrus att\u0113lus Lowrance CHIRP son\u0101r\u0101, SideScan un DownScan Imaging. \u0100tri atrodiet mak\u0161\u0137er\u0113\u0161anas apgabalus ar jaun\u0101kaj\u0101m un detaliz\u0113t\u0101kaj\u0101m, iepriek\u0161 iel\u0101d\u0113t\u0101m C-MAP kart\u0113m. FishReveal ir ar\u012b papla\u0161in\u0101ts, lai tam b\u016btu pieejams SideScan un DownScan, padarot zivis viegl\u0101k atpaz\u012bstamas s\u0101nskatos k\u0101 ar\u012b lejas-skat\u0101 zem laivas. HDS PRO atbalsta ar\u012b divu ActiveTarget sist\u0113mu plug-and-play instal\u0113\u0161anu, \u013caujot vienlaikus skat\u012bties vair\u0101kus skatus un papla\u0161in\u0101t Front un Scout re\u017e\u012bmus, lai lab\u0101k izsekotu j\u016bsu m\u0101neklim un ziv\u012bm. HDS PRO atbalsta pla\u0161u tre\u0161o pu\u0161u kar\u0161u opciju kl\u0101stu, tostarp C-MAP, Navionics, Florida Marine Tracks un citus.<img decoding=\"async\" class=\"aligncenter\" src=\"https:\/\/eholotes.eu\/storage\/external\/images\/2334659d650c9bc289af9fca24112958.svg\" alt=\"Lowrance\" \/>HDS PRO ievie\u0161 ar\u012b jaunu diagrammas p\u0101rkl\u0101juma opciju, kas \u013cauj skat\u012bt ActiveTarget Scout Mode vai Ghost 360 velc\u0113\u0161anas motora re\u017e\u012bmu tie\u0161i ekr\u0101n\u0101. SolarMAX HD sk\u0101rienekr\u0101ns nodro\u0161ina satrieco\u0161as kvalit\u0101tes att\u0113lus, strukt\u016bras un diagrammas deta\u013cas, kas ir viegli saskat\u0101mas no jebkura le\u0146\u0137a, tie\u0161\u0101 saules gaism\u0101 un caur polariz\u0113t\u0101m l\u0113c\u0101m. HDS PRO nodro\u0161ina pilnu t\u012bklu no priek\u0161gala l\u012bdz paka\u013cgalam un papla\u0161in\u0101tu Ultimate Fishing System vad\u012bbu. Papla\u0161iniet savu sist\u0113mu, izmantojot radara, autopilota un NMEA 2000 sader\u012bbas priek\u0161roc\u012bbas \u2013 pievienojiet SiriusXM Weather\/Audio, lai uzraudz\u012btu main\u012bgos laika apst\u0101k\u013cus un klaus\u012btos iecien\u012bt\u0101k\u0101s melodijas. HDS PRO atbalsta visu popul\u0101r\u0101ko tehnolo\u0123iju kl\u0101stu \u2013 no ActiveTarget 2 Live Sonar un Active Imaging HD l\u012bdz pat Ghost velc\u0113\u0161anas motoram, Power-Pole enkuram un citas.<img data-recalc-dims=\"1\" fetchpriority=\"high\" decoding=\"async\" class=\"aligncenter\" src=\"https:\/\/i0.wp.com\/eholotes.eu\/storage\/external\/images\/b9253c1a718683eeeb3bf242255e3eb7.jpg?resize=650%2C700&#038;ssl=1\" alt=\"Lowrance HDS PRO 10 ar Active Imaging HD | HDS-10 PRO ROW + ActiveImaging HD 3-in-1 Transducer | Lowrance HDS-10 PRO | 000-15985-001 | Lowrance |\" width=\"650\" height=\"700\" \/><\/p>\n<h4>Galven\u0101s funkcijas:<\/h4>\n<ul>\n<li>SolarMAX HD sk\u0101rienekr\u0101ns, kas redzams ekstrem\u0101los le\u0146\u0137os un caur polariz\u0113t\u0101m l\u0113c\u0101m<\/li>\n<li>Augstas iz\u0161\u0137irtsp\u0113jas l\u012bdz 1,2 MHz Active Imaging HD (Lowrance CHIRP\/SideScan\/DownScan Imaging)<\/li>\n<li>Sader\u012bgs ar ActiveTarget 2 Live Sonar dev\u0113ju<\/li>\n<li>FishReveal ar jaunu SideScan skatu, k\u0101 ar\u012b Downscan<\/li>\n<li>Pieejams 9, 10, 12 un 16 collu displeja izm\u0113r\u0101<\/li>\n<li>Re\u0101llaika kart\u0113\u0161ana pieejama ar C-MAP Genesis Live<\/li>\n<li>Atbalsts jauniem ActiveTarget Scout un Ghost Trolling Motor 360 diagrammu p\u0101rkl\u0101juma skatiem<\/li>\n<li>Lieli programm\u0113jami tausti\u0146i 10, 12 un 16 collu izm\u0113riem<\/li>\n<li>Power-Pole enkuru, Ghost velc\u0113\u0161anas motora, autopilota un Lowrance piekarin\u0101m\u0101 pilota sk\u0101rienekr\u0101na vad\u012bba<\/li>\n<li>NMEA 2000, bezvadu un Bluetooth, savienojam\u012bba \u2013 plus viedt\u0101lru\u0146a pazi\u0146ojumi<\/li>\n<li>Pla\u0161s izv\u0113les kar\u0161u jaunin\u0101jumu kl\u0101sts, tostarp C-MAP REVEAL, Navionics, Florida Marine Tracks u.c.<\/li>\n<\/ul>\n<h4>Specifik\u0101cijas:<\/h4>\n<ul>\n<li>Displeja iz\u0161\u0137irtsp\u0113ja: 1280&#215;720<\/li>\n<li>Ekr\u0101na spilgtums: &gt;1200 niti<\/li>\n<li>Skata le\u0146\u0137i: 80\u00b0 aug\u0161\u0101\/apak\u0161\u0101, 80\u00b0 pa kreisi\/pa labi<\/li>\n<li>Integr\u0113ts Bluetooth 4.0 ar Bluetooth Classic atbalstu<\/li>\n<li>Ethernet piesl\u0113gvietas: 1x 100 Mbit, 6 max MFD t\u012bkl\u0101<\/li>\n<li>Wi-Fi: iek\u0161\u0113jais 802.11b\/g\/n un savienojams ar WiFi-1 moduli<\/li>\n<li>NMEA 2000 Savienojam\u012bba: 1x Micro-C<\/li>\n<li>SD kartes kr\u0101tuve: 2 micro SD kartes l\u012bdz 32 GB<\/li>\n<li>Maksim\u0101lais str\u0101vas pat\u0113ri\u0146\u0161: 2,9A @ 13.8VDC<\/li>\n<li>Minim\u0101lais str\u0101vas pat\u0113ri\u0146\u0161: 2,0A @ 13VDC<\/li>\n<li>Tipisks str\u0101vas pat\u0113ri\u0146\u0161: 2,0A @ 13VDC<\/li>\n<li>Ieteicamais dro\u0161in\u0101t\u0101ju jauda: 3A<\/li>\n<li>Baro\u0161anas spriegums: 12 V l\u012bdzstr\u0101va (10,8\u201317 VDC)<\/li>\n<li>Darba temperat\u016bras diapazons: -15\u00b0C l\u012bdz 55\u00b0C<\/li>\n<li>Hidroizol\u0101cija: IPX7 ar aizv\u0113rt\u0101m kartes durv\u012bm<\/li>\n<li>GPS korekcija: DGPS, WAAS<\/li>\n<li>GPS uztv\u0113r\u0113ja kan\u0101li: 16<\/li>\n<li>Poz\u012bcijas precizit\u0101te: 20 m RMS<\/li>\n<li>Atjaunin\u0101\u0161anas \u0101trums: 10 Hz<\/li>\n<li id=\"tabs\">\n<div id=\"tabs_1\" class=\"product_tab\">Izm\u0113ri: 294.61 x 193.15 x 82.57 mm<\/div>\n<\/li>\n<li>\n<div id=\"tabs_1\" class=\"product_tab\">Svars: 1,66 kg<\/div>\n<\/li>\n<\/ul>\n<h4>Komplekt\u0101cij\u0101:<\/h4>\n<ul>\n<li>Lowrance HDS-10 PRO eholote<\/li>\n<li>Active Imaging HD 3-in-1 dev\u0113js<\/li>\n<\/ul>\n<p>&nbsp;<\/p>\n<\/div>\n","protected":false},"excerpt":{"rendered":"<p>Produkta apraksts Lowrance HDS PRO 10 ar Active Imaging HD Lowrance HDS PRO 10 ar Active Imaging HD \u2013 skatiet vair\u0101k un ieg\u016bstiet vair\u0101k, izmantojot jauno Lowrance HDS PRO 10 collu eholoti!Atrodiet zivis un reljefa strukt\u016bru ar jaunu, \u012bpa\u0161i augstas iz\u0161\u0137irtsp\u0113jas Active Imaging HD. Tas sniedz \u012bpa\u0161i skaidrus att\u0113lus Lowrance CHIRP son\u0101r\u0101, SideScan un DownScan [&hellip;]<\/p>\n","protected":false},"featured_media":24306,"comment_status":"open","ping_status":"closed","template":"","meta":[],"product_brand":[],"product_cat":[815,76,849,858],"product_tag":[],"class_list":{"0":"post-24305","1":"product","2":"type-product","3":"status-publish","4":"has-post-thumbnail","6":"product_cat-eholotes-2","7":"product_cat-electrical-equipment-lv","8":"product_cat-lowrance-eholoti","9":"product_cat-lowrance-hds-pro","11":"first","12":"instock","13":"taxable","14":"shipping-taxable","15":"purchasable","16":"product-type-simple"},"jetpack_sharing_enabled":true,"_links":{"self":[{"href":"https:\/\/shop.bushboats.com\/index.php\/wp-json\/wp\/v2\/product\/24305","targetHints":{"allow":["GET"]}}],"collection":[{"href":"https:\/\/shop.bushboats.com\/index.php\/wp-json\/wp\/v2\/product"}],"about":[{"href":"https:\/\/shop.bushboats.com\/index.php\/wp-json\/wp\/v2\/types\/product"}],"replies":[{"embeddable":true,"href":"https:\/\/shop.bushboats.com\/index.php\/wp-json\/wp\/v2\/comments?post=24305"}],"wp:featuredmedia":[{"embeddable":true,"href":"https:\/\/shop.bushboats.com\/index.php\/wp-json\/wp\/v2\/media\/24306"}],"wp:attachment":[{"href":"https:\/\/shop.bushboats.com\/index.php\/wp-json\/wp\/v2\/media?parent=24305"}],"wp:term":[{"taxonomy":"product_brand","embeddable":true,"href":"https:\/\/shop.bushboats.com\/index.php\/wp-json\/wp\/v2\/product_brand?post=24305"},{"taxonomy":"product_cat","embeddable":true,"href":"https:\/\/shop.bushboats.com\/index.php\/wp-json\/wp\/v2\/product_cat?post=24305"},{"taxonomy":"product_tag","embeddable":true,"href":"https:\/\/shop.bushboats.com\/index.php\/wp-json\/wp\/v2\/product_tag?post=24305"}],"curies":[{"name":"wp","href":"https:\/\/api.w.org\/{rel}","templated":true}]}}