{"id":24370,"date":"2025-03-26T15:20:25","date_gmt":"2025-03-26T13:20:25","guid":{"rendered":"https:\/\/shop.bushboats.com\/index.php\/produkts\/map-navionics-platinum-baltic-sea-large\/"},"modified":"2025-03-26T15:22:04","modified_gmt":"2025-03-26T13:22:04","slug":"map-navionics-platinum-baltic-sea-large","status":"publish","type":"product","link":"https:\/\/shop.bushboats.com\/index.php\/produkts\/map-navionics-platinum-baltic-sea-large\/?lang=ru","title":{"rendered":"MAP NAVIONICS+ PLATINUM+ BALTIC SEA LARGE"},"content":{"rendered":"<p>Detailed coverage of the Baltic Sea and lakes of Scandinavia and Poland. Coverage includes the Gulfs of Bothnia, Finland and Riga; the Masurian Lakes in Poland, the Szczecin Lagoon, Lake Peipus; Lakes Mj\u00f8sa, Bandak and Norsj\u00f8 in Norway; Lakes V\u00e4nern, V\u00e4ttern, Siljan and Storavan in Sweden; Inarijarvi, Miekojarvi, Simojarvi, and Kiantajarvi in Finland among many others. Ports include Oslo, Norway; Malmo and Stockholm, Sweden; Oulu and Helsinki, Finland; St Petersburg and Kaliningrad, Russia; Gdansk, Poland. Relief Shading Via Chart Installer. Satellite Imagery with SonarChartTM Shading Overlay Via Chart Installer. Aerial Photography. 3D View.<\/p>\n","protected":false},"excerpt":{"rendered":"<p>Detailed coverage of the Baltic Sea and lakes of Scandinavia and Poland. Coverage includes the Gulfs of Bothnia, Finland and Riga; the Masurian Lakes in Poland, the Szczecin Lagoon, Lake Peipus; Lakes Mj\u00f8sa, Bandak and Norsj\u00f8 in Norway; Lakes V\u00e4nern, V\u00e4ttern, Siljan and Storavan in Sweden; Inarijarvi, Miekojarvi, Simojarvi, and Kiantajarvi in Finland among many [&hellip;]<\/p>\n","protected":false},"featured_media":24368,"comment_status":"open","ping_status":"closed","template":"","meta":[],"product_brand":[],"product_cat":[236,726,83],"product_tag":[],"class_list":{"0":"post-24370","1":"product","2":"type-product","3":"status-publish","4":"has-post-thumbnail","6":"product_cat-humminbird-aksesuari","7":"product_cat-minnkota-acsus","8":"product_cat-other-accessories-ru","10":"first","11":"instock","12":"taxable","13":"shipping-taxable","14":"purchasable","15":"product-type-simple"},"jetpack_sharing_enabled":true,"_links":{"self":[{"href":"https:\/\/shop.bushboats.com\/index.php\/wp-json\/wp\/v2\/product\/24370","targetHints":{"allow":["GET"]}}],"collection":[{"href":"https:\/\/shop.bushboats.com\/index.php\/wp-json\/wp\/v2\/product"}],"about":[{"href":"https:\/\/shop.bushboats.com\/index.php\/wp-json\/wp\/v2\/types\/product"}],"replies":[{"embeddable":true,"href":"https:\/\/shop.bushboats.com\/index.php\/wp-json\/wp\/v2\/comments?post=24370"}],"wp:featuredmedia":[{"embeddable":true,"href":"https:\/\/shop.bushboats.com\/index.php\/wp-json\/wp\/v2\/media\/24368"}],"wp:attachment":[{"href":"https:\/\/shop.bushboats.com\/index.php\/wp-json\/wp\/v2\/media?parent=24370"}],"wp:term":[{"taxonomy":"product_brand","embeddable":true,"href":"https:\/\/shop.bushboats.com\/index.php\/wp-json\/wp\/v2\/product_brand?post=24370"},{"taxonomy":"product_cat","embeddable":true,"href":"https:\/\/shop.bushboats.com\/index.php\/wp-json\/wp\/v2\/product_cat?post=24370"},{"taxonomy":"product_tag","embeddable":true,"href":"https:\/\/shop.bushboats.com\/index.php\/wp-json\/wp\/v2\/product_tag?post=24370"}],"curies":[{"name":"wp","href":"https:\/\/api.w.org\/{rel}","templated":true}]}}