{"id":24424,"date":"2025-04-30T21:54:10","date_gmt":"2025-04-30T18:54:10","guid":{"rendered":"https:\/\/shop.bushboats.com\/?post_type=product&#038;p=24424"},"modified":"2025-04-30T21:54:11","modified_gmt":"2025-04-30T18:54:11","slug":"kaju-suknis-5l","status":"publish","type":"product","link":"https:\/\/shop.bushboats.com\/index.php\/produkts\/kaju-suknis-5l\/","title":{"rendered":"K\u0100JU S\u016aKNIS 5L"},"content":{"rendered":"<p>S\u016bknis izgatavots no plastmasas materi\u0101la, silfons no kr\u0101saina PVC (da\u017e\u0101d\u0101s kr\u0101s\u0101s) un savienojo\u0161\u0101s sprauslas.<br \/>\nPiem\u0113rots piep\u016b\u0161amaj\u0101m laiv\u0101m, kajakiem, piep\u016b\u0161amajiem izstr\u0101d\u0101jumiem un kempinga izstr\u0101d\u0101jumiem.<\/p>\n","protected":false},"excerpt":{"rendered":"<p>S\u016bknis izgatavots no plastmasas materi\u0101la, silfons no kr\u0101saina PVC (da\u017e\u0101d\u0101s kr\u0101s\u0101s) un savienojo\u0161\u0101s sprauslas. Piem\u0113rots piep\u016b\u0161amaj\u0101m laiv\u0101m, kajakiem, piep\u016b\u0161amajiem izstr\u0101d\u0101jumiem un kempinga izstr\u0101d\u0101jumiem.<\/p>\n","protected":false},"featured_media":24425,"comment_status":"open","ping_status":"closed","template":"","meta":[],"product_brand":[],"product_cat":[54,676],"product_tag":[],"class_list":{"0":"post-24424","1":"product","2":"type-product","3":"status-publish","4":"has-post-thumbnail","6":"product_cat-accessories","7":"product_cat-sukni-un-piederumi","9":"first","10":"instock","11":"taxable","12":"shipping-taxable","13":"purchasable","14":"product-type-simple"},"jetpack_sharing_enabled":true,"_links":{"self":[{"href":"https:\/\/shop.bushboats.com\/index.php\/wp-json\/wp\/v2\/product\/24424","targetHints":{"allow":["GET"]}}],"collection":[{"href":"https:\/\/shop.bushboats.com\/index.php\/wp-json\/wp\/v2\/product"}],"about":[{"href":"https:\/\/shop.bushboats.com\/index.php\/wp-json\/wp\/v2\/types\/product"}],"replies":[{"embeddable":true,"href":"https:\/\/shop.bushboats.com\/index.php\/wp-json\/wp\/v2\/comments?post=24424"}],"wp:featuredmedia":[{"embeddable":true,"href":"https:\/\/shop.bushboats.com\/index.php\/wp-json\/wp\/v2\/media\/24425"}],"wp:attachment":[{"href":"https:\/\/shop.bushboats.com\/index.php\/wp-json\/wp\/v2\/media?parent=24424"}],"wp:term":[{"taxonomy":"product_brand","embeddable":true,"href":"https:\/\/shop.bushboats.com\/index.php\/wp-json\/wp\/v2\/product_brand?post=24424"},{"taxonomy":"product_cat","embeddable":true,"href":"https:\/\/shop.bushboats.com\/index.php\/wp-json\/wp\/v2\/product_cat?post=24424"},{"taxonomy":"product_tag","embeddable":true,"href":"https:\/\/shop.bushboats.com\/index.php\/wp-json\/wp\/v2\/product_tag?post=24424"}],"curies":[{"name":"wp","href":"https:\/\/api.w.org\/{rel}","templated":true}]}}