{"id":24444,"date":"2025-05-06T15:28:59","date_gmt":"2025-05-06T12:28:59","guid":{"rendered":"https:\/\/shop.bushboats.com\/?post_type=product&#038;p=24444"},"modified":"2025-05-06T15:28:59","modified_gmt":"2025-05-06T12:28:59","slug":"humminbird-helix-7-chirp-msi-gps-g4","status":"publish","type":"product","link":"https:\/\/shop.bushboats.com\/index.php\/produkts\/humminbird-helix-7-chirp-msi-gps-g4\/","title":{"rendered":"HUMMINBIRD HELIX 7 CHIRP MSI GPS G4"},"content":{"rendered":"<p>Eholote Humminbird HELIX 7 CHIRP MSI GPS G4 ar jaunu un uzlabotu augstas iz\u0161\u0137irtsp\u0113jas ekr\u0101nu!<\/p>\n<ul>\n<li>Tastat\u016bras vad\u012bba: Master HELIX, nospie\u017eot pogu. Piek\u013c\u016bstiet iepriek\u0161 iel\u0101d\u0113tajiem skatiem no lietot\u0101jam draudz\u012bg\u0101s izv\u0113l\u0146u sist\u0113mas, ko darbina izv\u0113les tausti\u0146u vad\u012bklas, kas \u013cauj dro\u0161i darbin\u0101t eholoti jebkuros apst\u0101k\u013cos.<\/li>\n<li>MEGA Down Imaging: ieg\u016bstiet v\u0113l nebiju\u0161u zem\u016bdens att\u0113lu ar p\u0101rkl\u0101jumu l\u012bdz 125 p\u0113d\u0101m (38m) zem laivas. J\u016bs redz\u0113siet jaunas deta\u013cas ar l\u012bdz pat 3\u00a0reiz\u0113m detaliz\u0113t\u0101ku inform\u0101ciju nek\u0101 standarta Down Imaging son\u0101rs.<\/li>\n<li>MEGA s\u0101nu att\u0113lveido\u0161ana: skatiet t\u0101l\u0101k redzamo pasauli k\u0101 nekad agr\u0101k ar krist\u0101ldzidru skatu 125 p\u0113du (38m) att\u0101lum\u0101 ab\u0101s laivas pus\u0113s. J\u016bs redz\u0113sier jaunas deta\u013cas ar l\u012bdz pat 3 reiz\u0113m detaliz\u0113t\u0101ku inform\u0101ciju nek\u0101 standarta s\u0101nu att\u0113lveido\u0161anas hidrolokators.<\/li>\n<li>Div\u0113j\u0101da spektra CHIRP hidrolokators: pirms metiena uzziniet, kas tur atrodas, pateicoties \u013coti detaliz\u0113t\u0101m zivju ark\u0101m. Dual Spectrum CHIRP 2D hidrolokators, ko darbina patent\u0113tais Low-Q CHIRP dev\u0113js, pied\u0101v\u0101 divus mekl\u0113\u0161anas veidus; Wide Mode maksim\u0101lam p\u0101rkl\u0101jumam un \u0161aurs re\u017e\u012bms fokus\u0113\u0161anai uz maz\u0101kaj\u0101m deta\u013c\u0101m.<\/li>\n<li>Iek\u0161\u0113j\u0101 GPS un Humminbird pamatkarte: m\u016bsu uzlabot\u0101 b\u0101zes karte nodro\u0161ina skaidru skatu uz zem\u016bdens reljefu un apk\u0101rt\u0113jiem apskates objektiem, lai j\u016bs var\u0113tu mak\u0161\u0137er\u0113t un p\u0101rvietoties ar piln\u012bgu p\u0101rliec\u012bbu.<\/li>\n<li>Sader\u012bgs ar Premium kart\u0113m: Humminbird nodro\u0161ina vispiln\u012bg\u0101ko augst\u0101k\u0101s kvalit\u0101tes kar\u0161u iesp\u0113ju pied\u0101v\u0101jumu mak\u0161\u0137erniekiem visur. Ieg\u016bstiet piln\u012bgu priek\u0161statu par pasauli zem\u0101k, izmantojot papildu kartes no Humminbird\u2019s LakeMaster\u00ae un CoastMaster\u2122 produktiem, k\u0101 ar\u012b j\u016bsu izv\u0113l\u0113t\u0101s sader\u012bg\u0101s Navionics\u00ae kartes.<\/li>\n<li>AutoChart Live: izveidojiet savu mak\u0161\u0137er\u0113\u0161anas vietu re\u0101llaika kartes ar piek\u013cuvi patent\u0113taj\u0101m Humminbird\u00ae LakeMaster\u00ae funkcij\u0101m. Braucot ar laivu, kart\u0113jiet dzi\u013cuma kont\u016bras, grunts ciet\u012bbu un ve\u0123et\u0101ciju. Standarta komplekt\u0101cij\u0101 ir asto\u0146as (8) stundas ieb\u016bv\u0113ts ierakst\u012b\u0161anas laiks, un tas ir sader\u012bgs ar AutoChart Zero Line SD kart\u0113m, kas nodro\u0161ina praktiski nebeidzamu AutoChart Live kart\u0113\u0161anas jaudu.<\/li>\n<\/ul>\n","protected":false},"excerpt":{"rendered":"<p>Eholote Humminbird HELIX 7 CHIRP MSI GPS G4 ar jaunu un uzlabotu augstas iz\u0161\u0137irtsp\u0113jas ekr\u0101nu! Tastat\u016bras vad\u012bba: Master HELIX, nospie\u017eot pogu. Piek\u013c\u016bstiet iepriek\u0161 iel\u0101d\u0113tajiem skatiem no lietot\u0101jam draudz\u012bg\u0101s izv\u0113l\u0146u sist\u0113mas, ko darbina izv\u0113les tausti\u0146u vad\u012bklas, kas \u013cauj dro\u0161i darbin\u0101t eholoti jebkuros apst\u0101k\u013cos. MEGA Down Imaging: ieg\u016bstiet v\u0113l nebiju\u0161u zem\u016bdens att\u0113lu ar p\u0101rkl\u0101jumu l\u012bdz 125 p\u0113d\u0101m [&hellip;]<\/p>\n","protected":false},"featured_media":24445,"comment_status":"open","ping_status":"closed","template":"","meta":[],"product_brand":[],"product_cat":[815,76,755],"product_tag":[],"class_list":{"0":"post-24444","1":"product","2":"type-product","3":"status-publish","4":"has-post-thumbnail","6":"product_cat-eholotes-2","7":"product_cat-electrical-equipment-lv","8":"product_cat-helix-g4-series","10":"first","11":"instock","12":"taxable","13":"shipping-taxable","14":"purchasable","15":"product-type-simple"},"jetpack_sharing_enabled":true,"_links":{"self":[{"href":"https:\/\/shop.bushboats.com\/index.php\/wp-json\/wp\/v2\/product\/24444","targetHints":{"allow":["GET"]}}],"collection":[{"href":"https:\/\/shop.bushboats.com\/index.php\/wp-json\/wp\/v2\/product"}],"about":[{"href":"https:\/\/shop.bushboats.com\/index.php\/wp-json\/wp\/v2\/types\/product"}],"replies":[{"embeddable":true,"href":"https:\/\/shop.bushboats.com\/index.php\/wp-json\/wp\/v2\/comments?post=24444"}],"wp:featuredmedia":[{"embeddable":true,"href":"https:\/\/shop.bushboats.com\/index.php\/wp-json\/wp\/v2\/media\/24445"}],"wp:attachment":[{"href":"https:\/\/shop.bushboats.com\/index.php\/wp-json\/wp\/v2\/media?parent=24444"}],"wp:term":[{"taxonomy":"product_brand","embeddable":true,"href":"https:\/\/shop.bushboats.com\/index.php\/wp-json\/wp\/v2\/product_brand?post=24444"},{"taxonomy":"product_cat","embeddable":true,"href":"https:\/\/shop.bushboats.com\/index.php\/wp-json\/wp\/v2\/product_cat?post=24444"},{"taxonomy":"product_tag","embeddable":true,"href":"https:\/\/shop.bushboats.com\/index.php\/wp-json\/wp\/v2\/product_tag?post=24444"}],"curies":[{"name":"wp","href":"https:\/\/api.w.org\/{rel}","templated":true}]}}