{"id":24709,"date":"2025-05-17T09:35:38","date_gmt":"2025-05-17T06:35:38","guid":{"rendered":"https:\/\/shop.bushboats.com\/?post_type=product&#038;p=24709"},"modified":"2025-05-17T09:35:39","modified_gmt":"2025-05-17T06:35:39","slug":"hook2-4x-gps-all-season-pack-eu","status":"publish","type":"product","link":"https:\/\/shop.bushboats.com\/index.php\/produkts\/hook2-4x-gps-all-season-pack-eu\/","title":{"rendered":"HOOK2-4x  GPS All Season Pack (EU)"},"content":{"rendered":"<p>Lowrance HOOK2-4x. Tam ir vienk\u0101r\u0161a izv\u0113lne un autom\u0101tiska son\u0101ra iestat\u012b\u0161anas funkcija.<\/p>\n<p>Komplekt\u0101 ietilpst:<\/p>\n<p><img decoding=\"async\" src=\"https:\/\/static.xx.fbcdn.net\/images\/emoji.php\/v9\/td3\/1.5\/16\/25aa.png\" alt=\"\u25aa\ufe0f\" \/>\u00a0P\u0101rn\u0113s\u0101jams komplekts ar diviem integr\u0113tiem stiprin\u0101jumiem Hook2-4x<\/p>\n<p><img decoding=\"async\" src=\"https:\/\/static.xx.fbcdn.net\/images\/emoji.php\/v9\/td3\/1.5\/16\/25aa.png\" alt=\"\u25aa\ufe0f\" \/>\u00a012v akumulators un l\u0101d\u0113t\u0101js<\/p>\n<p><img decoding=\"async\" src=\"https:\/\/static.xx.fbcdn.net\/images\/emoji.php\/v9\/td3\/1.5\/16\/25aa.png\" alt=\"\u25aa\ufe0f\" \/>\u00a0Platle\u0146\u0137a 200 kHz Skimmer\u00ae dev\u0113js ar str\u0101vas kabeli<\/p>\n<p><img decoding=\"async\" src=\"https:\/\/static.xx.fbcdn.net\/images\/emoji.php\/v9\/td3\/1.5\/16\/25aa.png\" alt=\"\u25aa\ufe0f\" \/>\u00a0Dev\u0113ja stiprin\u0101jums ar pies\u016bcekni, ledus dev\u0113js ar str\u0101vas kabeli<\/p>\n<p><img decoding=\"async\" src=\"https:\/\/static.xx.fbcdn.net\/images\/emoji.php\/v9\/td3\/1.5\/16\/25aa.png\" alt=\"\u25aa\ufe0f\" \/>\u00a0Divas Stowaway\u00ae piederumu kastes.<\/p>\n","protected":false},"excerpt":{"rendered":"<p>Lowrance HOOK2-4x. Tam ir vienk\u0101r\u0161a izv\u0113lne un autom\u0101tiska son\u0101ra iestat\u012b\u0161anas funkcija. Komplekt\u0101 ietilpst: \u00a0P\u0101rn\u0113s\u0101jams komplekts ar diviem integr\u0113tiem stiprin\u0101jumiem Hook2-4x \u00a012v akumulators un l\u0101d\u0113t\u0101js \u00a0Platle\u0146\u0137a 200 kHz Skimmer\u00ae dev\u0113js ar str\u0101vas kabeli \u00a0Dev\u0113ja stiprin\u0101jums ar pies\u016bcekni, ledus dev\u0113js ar str\u0101vas kabeli \u00a0Divas Stowaway\u00ae piederumu kastes.<\/p>\n","protected":false},"featured_media":24710,"comment_status":"open","ping_status":"closed","template":"","meta":[],"product_brand":[],"product_cat":[82,815,861],"product_tag":[],"class_list":{"0":"post-24709","1":"product","2":"type-product","3":"status-publish","4":"has-post-thumbnail","6":"product_cat-other-accessories-lv","7":"product_cat-eholotes-2","8":"product_cat-lowrance-aksesuari","10":"first","11":"instock","12":"taxable","13":"shipping-taxable","14":"purchasable","15":"product-type-simple"},"jetpack_sharing_enabled":true,"_links":{"self":[{"href":"https:\/\/shop.bushboats.com\/index.php\/wp-json\/wp\/v2\/product\/24709","targetHints":{"allow":["GET"]}}],"collection":[{"href":"https:\/\/shop.bushboats.com\/index.php\/wp-json\/wp\/v2\/product"}],"about":[{"href":"https:\/\/shop.bushboats.com\/index.php\/wp-json\/wp\/v2\/types\/product"}],"replies":[{"embeddable":true,"href":"https:\/\/shop.bushboats.com\/index.php\/wp-json\/wp\/v2\/comments?post=24709"}],"wp:featuredmedia":[{"embeddable":true,"href":"https:\/\/shop.bushboats.com\/index.php\/wp-json\/wp\/v2\/media\/24710"}],"wp:attachment":[{"href":"https:\/\/shop.bushboats.com\/index.php\/wp-json\/wp\/v2\/media?parent=24709"}],"wp:term":[{"taxonomy":"product_brand","embeddable":true,"href":"https:\/\/shop.bushboats.com\/index.php\/wp-json\/wp\/v2\/product_brand?post=24709"},{"taxonomy":"product_cat","embeddable":true,"href":"https:\/\/shop.bushboats.com\/index.php\/wp-json\/wp\/v2\/product_cat?post=24709"},{"taxonomy":"product_tag","embeddable":true,"href":"https:\/\/shop.bushboats.com\/index.php\/wp-json\/wp\/v2\/product_tag?post=24709"}],"curies":[{"name":"wp","href":"https:\/\/api.w.org\/{rel}","templated":true}]}}